{"id":90,"date":"2026-02-22T11:22:19","date_gmt":"2026-02-22T11:22:19","guid":{"rendered":"http:\/\/tbmglwe.cluster100.hosting.ovh.net\/?post_type=product&#038;p=90"},"modified":"2026-03-08T18:28:33","modified_gmt":"2026-03-08T18:28:33","slug":"chine-bol-en-cuivre-repousse-au-dragon-et-perle-sacree-fin-xixe-ou-debut-xx","status":"publish","type":"product","link":"https:\/\/artculture6.com\/index.php\/product\/chine-bol-en-cuivre-repousse-au-dragon-et-perle-sacree-fin-xixe-ou-debut-xx\/","title":{"rendered":"Chine bol en cuivre repouss\u00e9 au dragon et perle sacr\u00e9e fin XIXe ou d\u00e9but XX"},"content":{"rendered":"<p>R\u00e9f\u00e9rence\u00a05397-4C906<\/p>\n<p style=\"font-weight: 400;\">Je vous propose ce\u00a0Bol en cuivre martel\u00e9 et repouss\u00e9, Chine, fin XIXe ou d\u00e9but XXe si\u00e8cle. Forme \u00e9vas\u00e9e \u00e0 l\u00e8vre l\u00e9g\u00e8rement roul\u00e9e, d\u00e9cor en frise continue repr\u00e9sentant un dragon sinueux poursuivant la perle sacr\u00e9e parmi des nuages stylis\u00e9s, trait\u00e9 en relief au repouss\u00e9 puis repris au ciselet sur fond finement piquet\u00e9. Travail enti\u00e8rement manuel, le dessous laissant appara\u00eetre les traces de martelage d\u2019origine. Belle patine ancienne brun dor\u00e9 avec traces d\u2019oxydation naturelle dans les creux, t\u00e9moignant de l\u2019\u00e2ge et de l\u2019authenticit\u00e9 de la pi\u00e8ce. Poids : 94 grammes. Hauteur : 4,8 cm. Diam\u00e8tre : 10,9 cm. Objet d\u00e9coratif de caract\u00e8re, typique des productions artisanales chinoises de la fin de la dynastie Qing destin\u00e9es au march\u00e9 domestique ou d\u2019exportation. Bon \u00e9tat g\u00e9n\u00e9ral, usures coh\u00e9rentes avec le temps.<\/p>\n","protected":false},"excerpt":{"rendered":"<p>Petit bol en cuivre repouss\u00e9, Chine fin XIXe \u2013 d\u00e9but XXe si\u00e8cle, d\u00e9cor en relief d\u2019un dragon poursuivant la perle sacr\u00e9e parmi les nuages. Travail artisanal martel\u00e9 \u00e0 la main, belle patine ancienne. 94 g \u2013 H. 4,8 cm \u2013 D. 10,9 cm. Objet d\u00e9coratif asiatique de caract\u00e8re.<\/p>\n","protected":false},"featured_media":98,"comment_status":"open","ping_status":"closed","template":"","meta":[],"product_brand":[],"product_cat":[235,196],"product_tag":[],"class_list":{"0":"post-90","1":"product","2":"type-product","3":"status-publish","4":"has-post-thumbnail","6":"product_cat-chine","7":"product_cat-par-zones-geographiques","9":"first","10":"instock","11":"shipping-taxable","12":"purchasable","13":"product-type-simple"},"_links":{"self":[{"href":"https:\/\/artculture6.com\/index.php\/wp-json\/wp\/v2\/product\/90","targetHints":{"allow":["GET"]}}],"collection":[{"href":"https:\/\/artculture6.com\/index.php\/wp-json\/wp\/v2\/product"}],"about":[{"href":"https:\/\/artculture6.com\/index.php\/wp-json\/wp\/v2\/types\/product"}],"replies":[{"embeddable":true,"href":"https:\/\/artculture6.com\/index.php\/wp-json\/wp\/v2\/comments?post=90"}],"wp:featuredmedia":[{"embeddable":true,"href":"https:\/\/artculture6.com\/index.php\/wp-json\/wp\/v2\/media\/98"}],"wp:attachment":[{"href":"https:\/\/artculture6.com\/index.php\/wp-json\/wp\/v2\/media?parent=90"}],"wp:term":[{"taxonomy":"product_brand","embeddable":true,"href":"https:\/\/artculture6.com\/index.php\/wp-json\/wp\/v2\/product_brand?post=90"},{"taxonomy":"product_cat","embeddable":true,"href":"https:\/\/artculture6.com\/index.php\/wp-json\/wp\/v2\/product_cat?post=90"},{"taxonomy":"product_tag","embeddable":true,"href":"https:\/\/artculture6.com\/index.php\/wp-json\/wp\/v2\/product_tag?post=90"}],"curies":[{"name":"wp","href":"https:\/\/api.w.org\/{rel}","templated":true}]}}