{"id":60,"date":"2026-02-19T05:54:57","date_gmt":"2026-02-19T05:54:57","guid":{"rendered":"http:\/\/tbmglwe.cluster100.hosting.ovh.net\/?post_type=product&#038;p=60"},"modified":"2026-03-08T18:35:19","modified_gmt":"2026-03-08T18:35:19","slug":"joan-miro-lithographie-femme-oiseau-etoile-hommage-a-pablo-picasso-1966-miro","status":"publish","type":"product","link":"https:\/\/artculture6.com\/index.php\/product\/joan-miro-lithographie-femme-oiseau-etoile-hommage-a-pablo-picasso-1966-miro\/","title":{"rendered":"Joan Mir\u00f3 lithographie Femme oiseau \u00e9toile (Hommage \u00e0 Pablo Picasso 1966) Miro"},"content":{"rendered":"<p style=\"font-weight: 400;\">R\u00e9f\u00e9rence\u00a0B1000-610R200<\/p>\n<p style=\"font-weight: 400;\">Lithographie originale de Joan Mir\u00f3,\u00a0<em data-start=\"267\" data-end=\"316\">Femme, oiseau, \u00e9toile (Hommage \u00e0 Pablo Picasso)<\/em>, 1966. Cette composition embl\u00e9matique rend hommage \u00e0 Picasso \u00e0 travers un langage plastique libre et vibrant, o\u00f9 la figure f\u00e9minine se m\u00e9tamorphose en constellation symbolique. La silhouette monumentale, structur\u00e9e par des aplats g\u00e9om\u00e9triques aux couleurs primaires \u2013 rouge brique, bleu profond, jaune solaire, vert et noir intense \u2013 \u00e9voque \u00e0 la fois le corps, l\u2019animal et le signe cosmique. Les lignes noires calligraphiques, d\u2019une grande fluidit\u00e9, insufflent mouvement et po\u00e9sie \u00e0 l\u2019ensemble, tandis que l\u2019oiseau stylis\u00e9 et l\u2019\u00e9toile rayonnante inscrivent l\u2019\u0153uvre dans l\u2019univers onirique cher \u00e0 Mir\u00f3. L\u2019\u00e9quilibre entre construction rigoureuse et spontan\u00e9it\u00e9 gestuelle t\u00e9moigne de la maturit\u00e9 de l\u2019artiste dans les ann\u00e9es 1960. Tirage num\u00e9rot\u00e9 (ex. 259\/400), imprim\u00e9 sur v\u00e9lin d\u2019\u00e9dition. \u0152uvre embl\u00e9matique du modernisme espagnol d\u2019apr\u00e8s-guerre, alliant force graphique et intensit\u00e9 chromatique.<\/p>\n<p style=\"font-weight: 400;\">La feuille fait 80 cm par 60 cm, la gravure seule fait 66 cm par 45,3 cm.\u00a0Sign\u00e9e dans la planche. Superbe !<\/p>\n","protected":false},"excerpt":{"rendered":"<p>Lithographie originale de Joan Mir\u00f3, <em data-start=\"113\" data-end=\"162\">Femme, oiseau, \u00e9toile (Hommage \u00e0 Pablo Picasso)<\/em>, 1966. Composition embl\u00e9matique des ann\u00e9es 60, associant figure f\u00e9minine stylis\u00e9e, oiseau et signe \u00e9toil\u00e9 dans un langage graphique vibrant. Aplats color\u00e9s intenses (rouge, bleu, jaune, vert) et lignes noires calligraphiques caract\u00e9ristiques de l\u2019univers po\u00e9tique de l\u2019artiste. Tirage num\u00e9rot\u00e9 (ex. 259\/400) sur v\u00e9lin d\u2019\u00e9dition. \u0152uvre majeure du modernisme espagnol d\u2019apr\u00e8s-guerre.<\/p>\n","protected":false},"featured_media":61,"comment_status":"open","ping_status":"closed","template":"","meta":[],"product_brand":[],"product_cat":[515,517,199],"product_tag":[83,85,82,89,86,84,79,80,81,87,88],"class_list":{"0":"post-60","1":"product","2":"type-product","3":"status-publish","4":"has-post-thumbnail","6":"product_cat-gravures-xx-siecle","7":"product_cat-joan-miro-1893-1983","8":"product_cat-par-categories-2","9":"product_tag-83","10":"product_tag-art-moderne","11":"product_tag-atelier-mourlot","12":"product_tag-collection-art-xxe","13":"product_tag-estampe-numerotee","14":"product_tag-hommage-a-picasso","15":"product_tag-joan-miro","16":"product_tag-lithographie-originale","17":"product_tag-maeght-editeur","18":"product_tag-modernisme-espagnol","19":"product_tag-oeuvre-graphique","21":"first","22":"instock","23":"shipping-taxable","24":"purchasable","25":"product-type-simple"},"_links":{"self":[{"href":"https:\/\/artculture6.com\/index.php\/wp-json\/wp\/v2\/product\/60","targetHints":{"allow":["GET"]}}],"collection":[{"href":"https:\/\/artculture6.com\/index.php\/wp-json\/wp\/v2\/product"}],"about":[{"href":"https:\/\/artculture6.com\/index.php\/wp-json\/wp\/v2\/types\/product"}],"replies":[{"embeddable":true,"href":"https:\/\/artculture6.com\/index.php\/wp-json\/wp\/v2\/comments?post=60"}],"wp:featuredmedia":[{"embeddable":true,"href":"https:\/\/artculture6.com\/index.php\/wp-json\/wp\/v2\/media\/61"}],"wp:attachment":[{"href":"https:\/\/artculture6.com\/index.php\/wp-json\/wp\/v2\/media?parent=60"}],"wp:term":[{"taxonomy":"product_brand","embeddable":true,"href":"https:\/\/artculture6.com\/index.php\/wp-json\/wp\/v2\/product_brand?post=60"},{"taxonomy":"product_cat","embeddable":true,"href":"https:\/\/artculture6.com\/index.php\/wp-json\/wp\/v2\/product_cat?post=60"},{"taxonomy":"product_tag","embeddable":true,"href":"https:\/\/artculture6.com\/index.php\/wp-json\/wp\/v2\/product_tag?post=60"}],"curies":[{"name":"wp","href":"https:\/\/api.w.org\/{rel}","templated":true}]}}