{"id":47,"date":"2026-02-16T10:11:31","date_gmt":"2026-02-16T10:11:31","guid":{"rendered":"http:\/\/tbmglwe.cluster100.hosting.ovh.net\/?post_type=product&#038;p=47"},"modified":"2026-03-09T07:58:19","modified_gmt":"2026-03-09T07:58:19","slug":"abbaye-de-jedburgh-ecosse-chanoines-augustiniens-augustins-royaume-uni-xviiie","status":"publish","type":"product","link":"https:\/\/artculture6.com\/index.php\/product\/abbaye-de-jedburgh-ecosse-chanoines-augustiniens-augustins-royaume-uni-xviiie\/","title":{"rendered":"Abbaye de Jedburgh \u00c9cosse chanoines augustiniens Augustins Royaume-Uni XVIIIe"},"content":{"rendered":"<p><span style=\"font-size: x-large;\">R\u00e9f\u00e9rence\u00a0B2687T50-242\u00a0<\/span><\/p>\n<div><span style=\"font-size: x-large;\">Artculture6\u00a0propose cette huile sur toile repr\u00e9sentant l\u2019abbaye augustinienne de Jedburgh (\u00c9cosse)\u00a0fond\u00e9e au XIIe si\u00e8cle, vers 1138 sous David Ier d\u2019\u00c9cosse, dans un paysage romantique avec pont et sc\u00e8ne pastorale.<\/span><\/div>\n<div><span style=\"font-size: x-large;\">Travail probablement britannique, XVIIIe.<br data-start=\"3520\" data-end=\"3523\" \/>\u0152uvre de qualit\u00e9 d\u00e9corative, dans le go\u00fbt pittoresque anglo-\u00e9cossais.<\/span><span style=\"font-family: Arial; font-size: x-large;\"><br \/>\n<\/span><\/div>\n<div><span style=\"font-family: Arial; font-size: x-large;\">Peinture XVIIIe anonyme. 33 cm par 26 cm. La peinture a \u00e9t\u00e9 maroufl\u00e9e et restaur\u00e9e a priori d\u00e9but XXe.<\/span><\/div>\n<div><span style=\"font-family: Arial; font-size: x-large;\">On notera la partie gauche du b\u00e2timent qui n&rsquo;apparait pas sur les peintures et gravures du XIXe, dont la peinture de Turner (1775-1851). A saisir !<\/span><\/div>\n","protected":false},"excerpt":{"rendered":"<p>Huile sur toile repr\u00e9sentant l\u2019abbaye augustinienne de Jedburgh en \u00c9cosse, \u00e9cole britannique fin XVIIIe \u2013 d\u00e9but XIXe si\u00e8cle. Vue romantique avec pont en pierre et sc\u00e8ne pastorale au premier plan. Belle atmosph\u00e8re pittoresque, \u0153uvre ancienne dans le go\u00fbt anglo-\u00e9cossais.<\/p>\n","protected":false},"featured_media":48,"comment_status":"open","ping_status":"closed","template":"","meta":[],"product_brand":[],"product_cat":[557,196,519],"product_tag":[],"class_list":{"0":"post-47","1":"product","2":"type-product","3":"status-publish","4":"has-post-thumbnail","6":"product_cat-artistes-2","7":"product_cat-par-zones-geographiques","8":"product_cat-royaume-uni","10":"first","11":"instock","12":"shipping-taxable","13":"purchasable","14":"product-type-simple"},"_links":{"self":[{"href":"https:\/\/artculture6.com\/index.php\/wp-json\/wp\/v2\/product\/47","targetHints":{"allow":["GET"]}}],"collection":[{"href":"https:\/\/artculture6.com\/index.php\/wp-json\/wp\/v2\/product"}],"about":[{"href":"https:\/\/artculture6.com\/index.php\/wp-json\/wp\/v2\/types\/product"}],"replies":[{"embeddable":true,"href":"https:\/\/artculture6.com\/index.php\/wp-json\/wp\/v2\/comments?post=47"}],"wp:featuredmedia":[{"embeddable":true,"href":"https:\/\/artculture6.com\/index.php\/wp-json\/wp\/v2\/media\/48"}],"wp:attachment":[{"href":"https:\/\/artculture6.com\/index.php\/wp-json\/wp\/v2\/media?parent=47"}],"wp:term":[{"taxonomy":"product_brand","embeddable":true,"href":"https:\/\/artculture6.com\/index.php\/wp-json\/wp\/v2\/product_brand?post=47"},{"taxonomy":"product_cat","embeddable":true,"href":"https:\/\/artculture6.com\/index.php\/wp-json\/wp\/v2\/product_cat?post=47"},{"taxonomy":"product_tag","embeddable":true,"href":"https:\/\/artculture6.com\/index.php\/wp-json\/wp\/v2\/product_tag?post=47"}],"curies":[{"name":"wp","href":"https:\/\/api.w.org\/{rel}","templated":true}]}}