{"id":34,"date":"2026-02-15T08:36:36","date_gmt":"2026-02-15T08:36:36","guid":{"rendered":"http:\/\/tbmglwe.cluster100.hosting.ovh.net\/?post_type=product&#038;p=34"},"modified":"2026-03-08T18:40:46","modified_gmt":"2026-03-08T18:40:46","slug":"japon-coupelle-rectangulaire-sometsuke-arita-edo-xviie-xviiie-siecle","status":"publish","type":"product","link":"https:\/\/artculture6.com\/index.php\/product\/japon-coupelle-rectangulaire-sometsuke-arita-edo-xviie-xviiie-siecle\/","title":{"rendered":"Japon  Coupelle rectangulaire sometsuke Arita Edo XVIIe XVIIIe si\u00e8cle"},"content":{"rendered":"<p style=\"font-weight: 400;\">R\u00e9f\u00e9rence :\u00a0B2800C144<\/p>\n<p style=\"font-weight: 400;\">Je vous propose cette coupelle rectangulaire en porcelaine sometsuke (bleu sous couverte), Japon, Arita, p\u00e9riode Edo (fin XVIIe voir d\u00e9but XVIIIe si\u00e8cle), de forme rectangulaire aux angles adoucis reposant sur un large talon creus\u00e9. D\u00e9cor int\u00e9rieur en cama\u00efeu de bleu cobalt repr\u00e9sentant un paysage d\u2019inspiration chinoise compos\u00e9 de pavillons, pont arqu\u00e9, pagode et montagnes stylis\u00e9es sous des nu\u00e9es flottantes. Le premier plan \u00e9tant occup\u00e9 par un vaste motif spiral\u00e9 \u00e9voquant des vagues stylis\u00e9es ou rinceaux marins trait\u00e9s en larges r\u00e9serves graphiques. P\u00e2te fine l\u00e9g\u00e8rement ivoirine sous gla\u00e7ure transparente brillante, avec usure p\u00e9riph\u00e9rique coh\u00e9rente avec l\u2019\u00e2ge. Au revers, marque en bleu sous couverte \u00e0 quatre caract\u00e8res dispos\u00e9s en carr\u00e9, correspondant \u00e0 l\u2019inscription de bon augure \u00ab Fugui Changchun \u00bb (\u5bcc\u8cb4\u9577\u6625), signifiant \u00ab Richesse, noblesse et printemps \u00e9ternels \u00bb, formule fr\u00e9quemment utilis\u00e9e sur les porcelaines chinoises des p\u00e9riodes Jiajing, Wanli et Chongzhen et reprise au Japon dans les productions d\u2019Arita d\u2019inspiration Ming. Ensemble caract\u00e9ristique des Ko-Imari anciennes influenc\u00e9es par les mod\u00e8les chinois transitionnels et destin\u00e9es tant au march\u00e9 int\u00e9rieur japonais qu\u2019\u00e0 l\u2019exportation au tournant des XVIIe et XVIIIe si\u00e8cles.<\/p>\n<p style=\"font-weight: 400;\">21,9 cm de long, 13 cm de large, hauteur 4,5 cm, poids 460 grammes. D\u00e9fauts de cuisson au naturel (retrait). Cuisson au feu de bois. Superbe.<\/p>\n","protected":false},"excerpt":{"rendered":"<p>Coupelle rectangulaire en porcelaine sometsuke, Arita, p\u00e9riode Edo (fin XVIIe \u2013 d\u00e9but XVIIIe si\u00e8cle). D\u00e9cor en bleu sous couverte d\u2019inspiration chinoise repr\u00e9sentant un paysage anim\u00e9 de pavillons, pagode et vastes motifs spiral\u00e9s \u00e9voquant des vagues stylis\u00e9es. Marque de bon augure \u00ab \u5bcc\u8cb4\u9577\u6625 \u00bb (Fugui Changchun). Production ancienne dite Ko-Imari, cuisson traditionnelle au feu de bois.<\/p>\n","protected":false},"featured_media":39,"comment_status":"open","ping_status":"closed","template":"","meta":[],"product_brand":[],"product_cat":[239,196],"product_tag":[47,64,61,54,59,63,49,58,66,56,65,48,57,50,62,55,53,51,52,60],"class_list":{"0":"post-34","1":"product","2":"type-product","3":"status-publish","4":"has-post-thumbnail","6":"product_cat-japon","7":"product_cat-par-zones-geographiques","8":"product_tag-arita","9":"product_tag-arita-edo","10":"product_tag-art-asiatique","11":"product_tag-bleu-sous-couverte","12":"product_tag-changchun","13":"product_tag-collectionneur-japon","14":"product_tag-edo","15":"product_tag-fugui","16":"product_tag-japanese-blue-and-white","17":"product_tag-japon-ancien","18":"product_tag-ko-imari-early","19":"product_tag-ko-imari","20":"product_tag-paysage-chinoisant","21":"product_tag-periode-edo","22":"product_tag-porcelaine-ancienne","23":"product_tag-porcelaine-japonaise","24":"product_tag-sometsuke","25":"product_tag-xviie-siecle","26":"product_tag-xviiie-siecle","27":"product_tag-60","29":"first","30":"instock","31":"shipping-taxable","32":"purchasable","33":"product-type-simple"},"_links":{"self":[{"href":"https:\/\/artculture6.com\/index.php\/wp-json\/wp\/v2\/product\/34","targetHints":{"allow":["GET"]}}],"collection":[{"href":"https:\/\/artculture6.com\/index.php\/wp-json\/wp\/v2\/product"}],"about":[{"href":"https:\/\/artculture6.com\/index.php\/wp-json\/wp\/v2\/types\/product"}],"replies":[{"embeddable":true,"href":"https:\/\/artculture6.com\/index.php\/wp-json\/wp\/v2\/comments?post=34"}],"wp:featuredmedia":[{"embeddable":true,"href":"https:\/\/artculture6.com\/index.php\/wp-json\/wp\/v2\/media\/39"}],"wp:attachment":[{"href":"https:\/\/artculture6.com\/index.php\/wp-json\/wp\/v2\/media?parent=34"}],"wp:term":[{"taxonomy":"product_brand","embeddable":true,"href":"https:\/\/artculture6.com\/index.php\/wp-json\/wp\/v2\/product_brand?post=34"},{"taxonomy":"product_cat","embeddable":true,"href":"https:\/\/artculture6.com\/index.php\/wp-json\/wp\/v2\/product_cat?post=34"},{"taxonomy":"product_tag","embeddable":true,"href":"https:\/\/artculture6.com\/index.php\/wp-json\/wp\/v2\/product_tag?post=34"}],"curies":[{"name":"wp","href":"https:\/\/api.w.org\/{rel}","templated":true}]}}