{"id":226,"date":"2026-03-05T06:12:41","date_gmt":"2026-03-05T06:12:41","guid":{"rendered":"http:\/\/tbmglwe.cluster100.hosting.ovh.net\/?post_type=product&#038;p=226"},"modified":"2026-03-08T17:53:09","modified_gmt":"2026-03-08T17:53:09","slug":"siege-poitiers-1569-guerre-protestant-catholique-frans-hogenberg-vers-1580-xvie","status":"publish","type":"product","link":"https:\/\/artculture6.com\/index.php\/product\/siege-poitiers-1569-guerre-protestant-catholique-frans-hogenberg-vers-1580-xvie\/","title":{"rendered":"Si\u00e8ge Poitiers 1569 guerre protestant catholique Frans Hogenberg vers 1580 XVIe"},"content":{"rendered":"<p><span style=\"font-size: x-large;\">R\u00e9f\u00e9rence 5202-1R652<\/span><\/p>\n<div>\n<p data-start=\"2907\" data-end=\"3150\"><span style=\"font-size: x-large;\">Gravure sur cuivre du XVIe si\u00e8cle repr\u00e9sentant le si\u00e8ge de Poitiers en 1569 pendant la troisi\u00e8me guerre de Religion.<br data-start=\"3023\" data-end=\"3026\" \/>Composition attribu\u00e9e \u00e0 Frans Hogenberg (1535-1590) d\u2019apr\u00e8s les r\u00e9cits et images contemporains de Perrissin et Tortorel.<\/span><\/p>\n<p data-start=\"3157\" data-end=\"3292\"><span style=\"font-size: x-large;\">La sc\u00e8ne montre les arm\u00e9es protestantes assi\u00e9geant la ville d\u00e9fendue par les catholiques, avec artillerie, troupes et fortifications.<\/span><\/p>\n<p data-start=\"3299\" data-end=\"3349\"><span style=\"font-size: x-large;\">Tirage ancien vers 1580 sur papier de lin verg\u00e9.<\/span><\/p>\n<p data-start=\"3356\" data-end=\"3443\"><span style=\"font-size: x-large;\">Dimensions de la feuille : 32,5 \u00d7 27 cm<br data-start=\"3395\" data-end=\"3398\" \/>Dimensions de la gravure : 27,5 \u00d7 20,4 cm<\/span><\/p>\n<p data-start=\"3450\" data-end=\"3613\"><span style=\"font-size: x-large;\">Une restauration ancienne de la marge basse est visible uniquement au verso et n\u2019atteint pas la gravure. Pr\u00e9sence de plis anciens peu visibles \u00e0 la pr\u00e9sentation.<\/span><\/p>\n<p data-start=\"3620\" data-end=\"3660\"><span style=\"font-size: x-large;\">Belle estampe historique du XVIe si\u00e8cle.<\/span><\/p>\n<\/div>\n","protected":false},"excerpt":{"rendered":"<p>Gravure sur cuivre du XVIe si\u00e8cle repr\u00e9sentant le si\u00e8ge de Poitiers en 1569 durant les guerres de Religion. Composition attribu\u00e9e \u00e0 Frans Hogenberg d\u2019apr\u00e8s Perrissin et Tortorel. Tirage ancien vers 1580 sur papier de lin verg\u00e9. Feuille 32,5 \u00d7 27 cm, gravure 27,5 \u00d7 20,4 cm. Belle estampe historique.<\/p>\n","protected":false},"featured_media":227,"comment_status":"open","ping_status":"closed","template":"","meta":[],"product_brand":[],"product_cat":[511,381,196,471],"product_tag":[194,191,154,195,193,190,182,192,189],"class_list":{"0":"post-226","1":"product","2":"type-product","3":"status-publish","4":"has-post-thumbnail","6":"product_cat-gravures-anciennes","7":"product_cat-histoire-xvii-siecle","8":"product_cat-par-zones-geographiques","9":"product_cat-vienne","10":"product_tag-estampe-historique","11":"product_tag-frans-hogenberg","12":"product_tag-gravure-ancienne","13":"product_tag-gravure-sur-cuivre","14":"product_tag-gravure-xvie-siecle","15":"product_tag-guerres-de-religion","16":"product_tag-histoire-de-france","17":"product_tag-perrissin-tortorel","18":"product_tag-siege-de-poitiers","20":"first","21":"instock","22":"shipping-taxable","23":"purchasable","24":"product-type-simple"},"_links":{"self":[{"href":"https:\/\/artculture6.com\/index.php\/wp-json\/wp\/v2\/product\/226","targetHints":{"allow":["GET"]}}],"collection":[{"href":"https:\/\/artculture6.com\/index.php\/wp-json\/wp\/v2\/product"}],"about":[{"href":"https:\/\/artculture6.com\/index.php\/wp-json\/wp\/v2\/types\/product"}],"replies":[{"embeddable":true,"href":"https:\/\/artculture6.com\/index.php\/wp-json\/wp\/v2\/comments?post=226"}],"wp:featuredmedia":[{"embeddable":true,"href":"https:\/\/artculture6.com\/index.php\/wp-json\/wp\/v2\/media\/227"}],"wp:attachment":[{"href":"https:\/\/artculture6.com\/index.php\/wp-json\/wp\/v2\/media?parent=226"}],"wp:term":[{"taxonomy":"product_brand","embeddable":true,"href":"https:\/\/artculture6.com\/index.php\/wp-json\/wp\/v2\/product_brand?post=226"},{"taxonomy":"product_cat","embeddable":true,"href":"https:\/\/artculture6.com\/index.php\/wp-json\/wp\/v2\/product_cat?post=226"},{"taxonomy":"product_tag","embeddable":true,"href":"https:\/\/artculture6.com\/index.php\/wp-json\/wp\/v2\/product_tag?post=226"}],"curies":[{"name":"wp","href":"https:\/\/api.w.org\/{rel}","templated":true}]}}