{"id":2175,"date":"2026-04-16T15:05:37","date_gmt":"2026-04-16T13:05:37","guid":{"rendered":"https:\/\/artculture6.com\/?post_type=product&#038;p=2175"},"modified":"2026-04-16T15:05:38","modified_gmt":"2026-04-16T13:05:38","slug":"riche-et-pauvre-composition-morale-xviie-jacob-cats-adriaen-van-de-venne-xviie","status":"publish","type":"product","link":"https:\/\/artculture6.com\/index.php\/product\/riche-et-pauvre-composition-morale-xviie-jacob-cats-adriaen-van-de-venne-xviie\/","title":{"rendered":"Riche et Pauvre composition morale XVIIe Jacob Cats Adriaen van de Venne XVIIe"},"content":{"rendered":"<p style=\"font-weight: 400;\">R\u00e9f\u00e9rence\u00a05404-17R792<\/p>\n<p style=\"font-weight: 400;\" data-start=\"292\" data-end=\"424\"><span data-start=\"292\" data-end=\"311\">Riche et Pauvre<\/span>, composition morale du XVIIe si\u00e8cle de Jacob Cats, grav\u00e9e par Adriaen van de Venne.<\/p>\n<p style=\"font-weight: 400;\" data-start=\"426\" data-end=\"795\">La sc\u00e8ne, inscrite dans un m\u00e9daillon, oppose deux figures masculines confront\u00e9es \u00e0 une intervention all\u00e9gorique : une main surgissant des nu\u00e9es vient saisir chacun d\u2019eux, \u00e9voquant la justice divine ou le destin. Le contraste entre les attitudes, l\u2019un plus assur\u00e9, l\u2019autre inquiet, renvoie directement aux th\u00e8mes moraux chers \u00e0 la litt\u00e9rature embl\u00e9matique hollandaise.<\/p>\n<p style=\"font-weight: 400;\" data-start=\"797\" data-end=\"1138\">L\u2019image s\u2019inscrit dans la tradition des <span data-start=\"837\" data-end=\"850\">emblemata<\/span>, o\u00f9 texte et image fonctionnent ensemble. Le feuillet associ\u00e9 d\u00e9veloppe une s\u00e9rie de maximes en plusieurs langues (n\u00e9erlandais, fran\u00e7ais, latin), soulignant la port\u00e9e universelle du message : vanit\u00e9 des richesses, illusion des paroles, et fragilit\u00e9 des conditions humaines.<\/p>\n<p style=\"font-weight: 400;\" data-start=\"1140\" data-end=\"1318\">Le traitement graphique, pr\u00e9cis et expressif, est caract\u00e9ristique de l\u2019\u00e9cole hollandaise du XVIIe si\u00e8cle : hachures serr\u00e9es, model\u00e9 vigoureux, et narration imm\u00e9diatement lisible.<\/p>\n<p style=\"font-weight: 400;\" data-start=\"1320\" data-end=\"1438\">Une estampe embl\u00e9matique de la pens\u00e9e morale protestante, entre satire sociale et m\u00e9ditation sur la condition humaine.<\/p>\n<p style=\"font-weight: 400;\">La feuille fait 13,5 cm x 13,8 cm. La gravure seule sur papier verg\u00e9\u00a0: 13 cm x 13,2 cm.<\/p>\n","protected":false},"excerpt":{"rendered":"<p>Riche et Pauvre, sc\u00e8ne morale XVIIe si\u00e8cle dans l\u2019esprit de Jacob Cats et Van de Venne. Estampe embl\u00e9matique de la tradition hollandaise des images \u00e0 maxime.<\/p>\n","protected":false},"featured_media":2176,"comment_status":"open","ping_status":"closed","template":"","meta":[],"product_brand":[],"product_cat":[511,549,225],"product_tag":[1507,1508,1505,148,1503,877,1502,1506,1504,1501],"class_list":{"0":"post-2175","1":"product","2":"type-product","3":"status-publish","4":"has-post-thumbnail","6":"product_cat-gravures-anciennes","7":"product_cat-gravures-par-siecles","8":"product_cat-pays-bas","9":"product_tag-allegorie","10":"product_tag-dutch-engraving","11":"product_tag-emblemata","12":"product_tag-estampe-ancienne","13":"product_tag-gravure-xviie","14":"product_tag-hollande","15":"product_tag-jacob-cats","16":"product_tag-riche-et-pauvre","17":"product_tag-scene-morale","18":"product_tag-van-de-venne","20":"first","21":"instock","22":"shipping-taxable","23":"purchasable","24":"product-type-simple"},"_links":{"self":[{"href":"https:\/\/artculture6.com\/index.php\/wp-json\/wp\/v2\/product\/2175","targetHints":{"allow":["GET"]}}],"collection":[{"href":"https:\/\/artculture6.com\/index.php\/wp-json\/wp\/v2\/product"}],"about":[{"href":"https:\/\/artculture6.com\/index.php\/wp-json\/wp\/v2\/types\/product"}],"replies":[{"embeddable":true,"href":"https:\/\/artculture6.com\/index.php\/wp-json\/wp\/v2\/comments?post=2175"}],"wp:featuredmedia":[{"embeddable":true,"href":"https:\/\/artculture6.com\/index.php\/wp-json\/wp\/v2\/media\/2176"}],"wp:attachment":[{"href":"https:\/\/artculture6.com\/index.php\/wp-json\/wp\/v2\/media?parent=2175"}],"wp:term":[{"taxonomy":"product_brand","embeddable":true,"href":"https:\/\/artculture6.com\/index.php\/wp-json\/wp\/v2\/product_brand?post=2175"},{"taxonomy":"product_cat","embeddable":true,"href":"https:\/\/artculture6.com\/index.php\/wp-json\/wp\/v2\/product_cat?post=2175"},{"taxonomy":"product_tag","embeddable":true,"href":"https:\/\/artculture6.com\/index.php\/wp-json\/wp\/v2\/product_tag?post=2175"}],"curies":[{"name":"wp","href":"https:\/\/api.w.org\/{rel}","templated":true}]}}