{"id":2162,"date":"2026-04-16T11:47:48","date_gmt":"2026-04-16T09:47:48","guid":{"rendered":"https:\/\/artculture6.com\/?post_type=product&#038;p=2162"},"modified":"2026-04-16T11:47:48","modified_gmt":"2026-04-16T09:47:48","slug":"paris-hotel-de-ville-de-paris-et-pont-d-arcole-france-graveur-t-jeavons-c-1833","status":"publish","type":"product","link":"https:\/\/artculture6.com\/index.php\/product\/paris-hotel-de-ville-de-paris-et-pont-d-arcole-france-graveur-t-jeavons-c-1833\/","title":{"rendered":"Paris H\u00f4tel de Ville de Paris et pont d\u2019 Arcole France graveur T. Jeavons C 1833"},"content":{"rendered":"<p><span style=\"font-size: x-large;\"><span style=\"font-family: Arial;\">R\u00e9f\u00e9rence\u00a0<\/span>5403-15-792L754-6<\/span><\/p>\n<div>\n<p data-start=\"283\" data-end=\"439\"><span style=\"font-size: x-large;\">Je vous propose cette belle vue anim\u00e9e de Paris vers 1833 repr\u00e9sentant\u00a0l\u2019H\u00f4tel de Ville de Paris et du pont d\u2019Arcole, d\u2019apr\u00e8s une composition de Joseph Mallord William Turner.<\/span><\/p>\n<p data-start=\"199\" data-end=\"488\"><span style=\"font-size: x-large;\">La sc\u00e8ne repr\u00e9sente un Paris anim\u00e9, avec ses quais vivants, ses embarcations et l\u2019architecture dense du centre historique. Le pont d\u2019Arcole, encore marqu\u00e9 par son environnement ancien, s\u2019inscrit dans une atmosph\u00e8re presque nocturne o\u00f9 la lumi\u00e8re et les contrastes jouent un r\u00f4le essentiel.<\/span><\/p>\n<p data-start=\"490\" data-end=\"791\"><span style=\"font-size: x-large;\">Turner restitue ici une vision sensible de la capitale, entre observation urbaine et interpr\u00e9tation po\u00e9tique du paysage. Cette composition est <span data-start=\"633\" data-end=\"680\">finement traduite en gravure par T. Jeavons<\/span>, dont le travail restitue avec pr\u00e9cision les jeux d\u2019ombre, la profondeur des plans et l\u2019animation des figures.<\/span><\/p>\n<p data-start=\"793\" data-end=\"910\"><span style=\"font-size: x-large;\">L\u2019ensemble offre un t\u00e9moignage pr\u00e9cieux du Paris du XIXe si\u00e8cle, entre vie populaire et monumentalit\u00e9 architecturale.<\/span><\/p>\n<p data-start=\"1204\" data-end=\"1357\"><span style=\"font-size: x-large;\">Dimensions de la feuille : 26,4 cm \u00d7 17,8 cm<br data-start=\"1301\" data-end=\"1304\" \/>Dimensions de la gravure seule : 13,5 cm \u00d7 9,8 cm<\/span><\/p>\n<\/div>\n","protected":false},"excerpt":{"rendered":"<h3>Paris, H\u00f4tel de Ville et pont d\u2019Arcole, d\u2019apr\u00e8s Turner, grav\u00e9 par T. Jeavons. Belle vue anim\u00e9e du centre de la capitale au XIXe si\u00e8cle. <span style=\"font-size: x-large;\">Dimensions de la feuille : 26,4 cm \u00d7 17,8 cm<br data-start=\"1301\" data-end=\"1304\" \/>Dimensions de la gravure seule : 13,5 cm \u00d7 9,8 cm<\/span><\/h3>\n","protected":false},"featured_media":2163,"comment_status":"open","ping_status":"closed","template":"","meta":[],"product_brand":[],"product_cat":[521,489,1482],"product_tag":[1029,148,149,1497,1498,1495,1496,1499,1467,1500],"class_list":{"0":"post-2162","1":"product","2":"type-product","3":"status-publish","4":"has-post-thumbnail","6":"product_cat-gravures-xix-siecle","7":"product_cat-paris-arrondissement-4","8":"product_cat-turner-joseph-mallord-william-1775-1851","9":"product_tag-architecture","10":"product_tag-estampe-ancienne","11":"product_tag-gravure-xixe","12":"product_tag-hotel-de-ville","13":"product_tag-jeavons","14":"product_tag-paris","15":"product_tag-pont-darcole","16":"product_tag-seine","17":"product_tag-turner","18":"product_tag-vue-de-paris","20":"first","21":"instock","22":"shipping-taxable","23":"purchasable","24":"product-type-simple"},"_links":{"self":[{"href":"https:\/\/artculture6.com\/index.php\/wp-json\/wp\/v2\/product\/2162","targetHints":{"allow":["GET"]}}],"collection":[{"href":"https:\/\/artculture6.com\/index.php\/wp-json\/wp\/v2\/product"}],"about":[{"href":"https:\/\/artculture6.com\/index.php\/wp-json\/wp\/v2\/types\/product"}],"replies":[{"embeddable":true,"href":"https:\/\/artculture6.com\/index.php\/wp-json\/wp\/v2\/comments?post=2162"}],"wp:featuredmedia":[{"embeddable":true,"href":"https:\/\/artculture6.com\/index.php\/wp-json\/wp\/v2\/media\/2163"}],"wp:attachment":[{"href":"https:\/\/artculture6.com\/index.php\/wp-json\/wp\/v2\/media?parent=2162"}],"wp:term":[{"taxonomy":"product_brand","embeddable":true,"href":"https:\/\/artculture6.com\/index.php\/wp-json\/wp\/v2\/product_brand?post=2162"},{"taxonomy":"product_cat","embeddable":true,"href":"https:\/\/artculture6.com\/index.php\/wp-json\/wp\/v2\/product_cat?post=2162"},{"taxonomy":"product_tag","embeddable":true,"href":"https:\/\/artculture6.com\/index.php\/wp-json\/wp\/v2\/product_tag?post=2162"}],"curies":[{"name":"wp","href":"https:\/\/api.w.org\/{rel}","templated":true}]}}