{"id":216,"date":"2026-03-03T09:23:44","date_gmt":"2026-03-03T09:23:44","guid":{"rendered":"http:\/\/tbmglwe.cluster100.hosting.ovh.net\/?post_type=product&#038;p=216"},"modified":"2026-03-08T17:54:12","modified_gmt":"2026-03-08T17:54:12","slug":"philippe-galle-jan-van-der-straet-jan-collaert-amerigo-vespucci-astrolabe-1595","status":"publish","type":"product","link":"https:\/\/artculture6.com\/index.php\/product\/philippe-galle-jan-van-der-straet-jan-collaert-amerigo-vespucci-astrolabe-1595\/","title":{"rendered":"Philippe Galle Jan van der Straet Jan Collaert Amerigo Vespucci astrolabe 1595"},"content":{"rendered":"<p><span style=\"font-size: x-large;\">R\u00e9f\u00e9rence 5197-3R650<\/span><\/p>\n<div><span style=\"font-size: x-large;\">Rare gravure publi\u00e9e \u00e0 Anvers, repr\u00e9sentant\u00a0<span data-start=\"523\" data-end=\"583\">Amerigo Vespucci observant la Croix du Sud \u00e0 l\u2019astrolabe<\/span>(<em data-start=\"585\" data-end=\"598\">ASTROLABIVM<\/em>). Composition invent\u00e9e par\u00a0<span data-start=\"626\" data-end=\"660\">Jan van der Straet (Stradanus)<\/span>, grav\u00e9e par\u00a0<span data-start=\"673\" data-end=\"689\">Jan Collaert<\/span>, et \u00e9dit\u00e9e par\u00a0<span data-start=\"705\" data-end=\"722\">Philips Galle<\/span>, g\u00e9n\u00e9ralement dat\u00e9e\u00a0<span data-start=\"743\" data-end=\"761\">vers 1591\u20131600<\/span>. Tirage ancien sur\u00a0<span data-start=\"781\" data-end=\"804\">papier de lin verg\u00e9<\/span>\u00a0l\u00e9g\u00e8rement ombr\u00e9,\u00a0<span data-start=\"823\" data-end=\"836\">filigran\u00e9<\/span>(lettres assembl\u00e9es), avec\u00a0<span data-start=\"864\" data-end=\"903\">pontuseaux espac\u00e9s d\u2019environ 2,4 cm<\/span>\u00a0(papier attribu\u00e9 \u00e0 Maastricht). Belle \u00e9preuve avec marges courtes. \u00c0 signaler :\u00a0<span data-start=\"984\" data-end=\"1021\">froissures tr\u00e8s discr\u00e8tes<\/span>, visibles au verso et \u00a0dans le m\u00e9daillon de Dante. Superbe sujet \u201cGrandes D\u00e9couvertes Astronomie\u201d associant Vespucci, l\u2019instrumentation scientifique et la r\u00e9f\u00e9rence \u00e0 Dante.<br \/>\n<\/span><\/div>\n<div>\n<ul>\n<li data-start=\"1660\" data-end=\"1707\">\n<p data-start=\"1662\" data-end=\"1707\"><span style=\"font-size: x-large;\"><span data-start=\"1662\" data-end=\"1684\">Dimensions feuille<\/span>\u00a0:\u00a0<span data-start=\"1687\" data-end=\"1705\">27,7 \u00d7 19,5 cm<\/span><\/span><\/p>\n<\/li>\n<li data-start=\"1708\" data-end=\"1755\">\n<p data-start=\"1710\" data-end=\"1755\"><span style=\"font-size: x-large;\"><span data-start=\"1710\" data-end=\"1732\">Dimensions gravure<\/span>\u00a0:\u00a0<span data-start=\"1735\" data-end=\"1753\">27,5 \u00d7 16,3 cm<\/span><\/span><\/p>\n<\/li>\n<\/ul>\n<\/div>\n","protected":false},"excerpt":{"rendered":"<p>Gravure sur cuivre fin XVIe si\u00e8cle (vers 1591\u20131600) repr\u00e9sentant <strong data-start=\"138\" data-end=\"198\">Amerigo Vespucci observant la Croix du Sud \u00e0 l\u2019astrolabe<\/strong>. Composition de Stradanus, grav\u00e9e par Jan Collaert, \u00e9dit\u00e9e par Philips Galle \u00e0 Anvers. Tirage ancien sur papier de lin verg\u00e9 filigran\u00e9 (pontuseaux 2,4 cm). Marges courtes, l\u00e9g\u00e8res froissures discr\u00e8tes.<\/p>\n","protected":false},"featured_media":217,"comment_status":"open","ping_status":"closed","template":"","meta":[],"product_brand":[],"product_cat":[511,199],"product_tag":[188],"class_list":{"0":"post-216","1":"product","2":"type-product","3":"status-publish","4":"has-post-thumbnail","6":"product_cat-gravures-anciennes","7":"product_cat-par-categories-2","8":"product_tag-amerigo-vespucci-astrolabe-croix-du-sud-philips-galle-jan-collaert-stradanus-gravure-xvie-siecle-anvers-manierisme-flamand-grandes-decouvertes-navigation-astronomie-ancienne-explorateurs-renaissance","10":"first","11":"instock","12":"shipping-taxable","13":"purchasable","14":"product-type-simple"},"_links":{"self":[{"href":"https:\/\/artculture6.com\/index.php\/wp-json\/wp\/v2\/product\/216","targetHints":{"allow":["GET"]}}],"collection":[{"href":"https:\/\/artculture6.com\/index.php\/wp-json\/wp\/v2\/product"}],"about":[{"href":"https:\/\/artculture6.com\/index.php\/wp-json\/wp\/v2\/types\/product"}],"replies":[{"embeddable":true,"href":"https:\/\/artculture6.com\/index.php\/wp-json\/wp\/v2\/comments?post=216"}],"wp:featuredmedia":[{"embeddable":true,"href":"https:\/\/artculture6.com\/index.php\/wp-json\/wp\/v2\/media\/217"}],"wp:attachment":[{"href":"https:\/\/artculture6.com\/index.php\/wp-json\/wp\/v2\/media?parent=216"}],"wp:term":[{"taxonomy":"product_brand","embeddable":true,"href":"https:\/\/artculture6.com\/index.php\/wp-json\/wp\/v2\/product_brand?post=216"},{"taxonomy":"product_cat","embeddable":true,"href":"https:\/\/artculture6.com\/index.php\/wp-json\/wp\/v2\/product_cat?post=216"},{"taxonomy":"product_tag","embeddable":true,"href":"https:\/\/artculture6.com\/index.php\/wp-json\/wp\/v2\/product_tag?post=216"}],"curies":[{"name":"wp","href":"https:\/\/api.w.org\/{rel}","templated":true}]}}