{"id":2147,"date":"2026-04-16T09:30:48","date_gmt":"2026-04-16T07:30:48","guid":{"rendered":"https:\/\/artculture6.com\/?post_type=product&#038;p=2147"},"modified":"2026-04-16T09:30:48","modified_gmt":"2026-04-16T07:30:48","slug":"paris-w-turner-lanterne-de-saint-cloud-france-graveur-willmore-c-1833","status":"publish","type":"product","link":"https:\/\/artculture6.com\/index.php\/product\/paris-w-turner-lanterne-de-saint-cloud-france-graveur-willmore-c-1833\/","title":{"rendered":"Paris W Turner Lanterne de Saint-Cloud France graveur Willmore C 1833"},"content":{"rendered":"<p data-start=\"283\" data-end=\"439\">Je vous propose cette belle vue anim\u00e9e de Paris repr\u00e9sentant\u00a0<span style=\"font-size: x-large;\">la lanterne de Saint-Cloud, d\u2019apr\u00e8s une composition de Joseph Mallord William Turner, repr\u00e9sentant les hauteurs dominant la Seine \u00e0 l\u2019ouest de Paris.<\/span><\/p>\n<p data-start=\"441\" data-end=\"790\"><span style=\"font-size: x-large;\">La sc\u00e8ne montre un moment de d\u00e9tente en plein air, o\u00f9 \u00e9l\u00e9gantes et promeneurs profitent du paysage, dans un cadre typique du romantisme du XIXe si\u00e8cle. La lanterne, \u00e9difice embl\u00e9matique du site, se dresse au sommet de la colline et structure la composition, tandis que la Seine serpente en arri\u00e8re-plan, accompagn\u00e9e d\u2019un pont et d\u2019un paysage ouvert.<\/span><\/p>\n<p data-start=\"792\" data-end=\"1037\"><span style=\"font-size: x-large;\">Turner restitue ici une atmosph\u00e8re paisible et lumineuse, o\u00f9 nature et pr\u00e9sence humaine s\u2019\u00e9quilibrent harmonieusement. La gravure, ex\u00e9cut\u00e9e par Willmore, traduit avec finesse cette sensibilit\u00e9 \u00e0 travers un travail pr\u00e9cis du trait et des valeurs.<\/span><\/p>\n<p data-start=\"261\" data-end=\"438\">\n<p data-start=\"1039\" data-end=\"1144\"><span style=\"font-size: x-large;\">Une belle repr\u00e9sentation du Paris et de ses environs dans une vision \u00e0 la fois artistique et pittoresque.<\/span><\/p>\n<p data-start=\"1204\" data-end=\"1357\"><span style=\"font-size: x-large;\">Dimensions de la feuille : 28 cm \u00d7 18,3 cm<br data-start=\"1301\" data-end=\"1304\" \/>Dimensions de la gravure seiule : 14 cm \u00d7 9,8 cm<\/span><\/p>\n","protected":false},"excerpt":{"rendered":"<p>D\u2019apr\u00e8s J. M. W. Turner<br data-start=\"1218\" data-end=\"1221\" \/>Grav\u00e9e par Willmore<br data-start=\"1240\" data-end=\"1243\" \/>Saint-Cloud (Paris)<br data-start=\"1262\" data-end=\"1265\" \/>\u00c9poque : XIXe si\u00e8cle<br data-start=\"1285\" data-end=\"1288\" \/>Dimensions feuille : 27,9 \u00d7 18,5 cm<br data-start=\"1323\" data-end=\"1326\" \/>Dimensions image : 13,8 \u00d7 9,8 cm<\/p>\n","protected":false},"featured_media":2148,"comment_status":"open","ping_status":"closed","template":"","meta":[],"product_brand":[],"product_cat":[521,492,1482],"product_tag":[998,737,1479,1003,1002,1481,1468,1490,1471,1476,858,1475,1489,1474,1423,1467,1022,1486],"class_list":{"0":"post-2147","1":"product","2":"type-product","3":"status-publish","4":"has-post-thumbnail","6":"product_cat-gravures-xix-siecle","7":"product_cat-paris-arrondissement-7","8":"product_cat-turner-joseph-mallord-william-1775-1851","9":"product_tag-19th-century-print","10":"product_tag-antique-print","11":"product_tag-art-print","12":"product_tag-collectible-print","13":"product_tag-european-landscape","14":"product_tag-historic-paris","15":"product_tag-jmw-turner","16":"product_tag-lanterne-saint-cloud","17":"product_tag-paris-19th-century","18":"product_tag-paris-engraving","19":"product_tag-paysage-france","20":"product_tag-romanticism","21":"product_tag-saint-cloud","22":"product_tag-seine-paris","23":"product_tag-steel-engraving","24":"product_tag-turner","25":"product_tag-vintage-print","26":"product_tag-willmore","28":"first","29":"instock","30":"shipping-taxable","31":"purchasable","32":"product-type-simple"},"_links":{"self":[{"href":"https:\/\/artculture6.com\/index.php\/wp-json\/wp\/v2\/product\/2147","targetHints":{"allow":["GET"]}}],"collection":[{"href":"https:\/\/artculture6.com\/index.php\/wp-json\/wp\/v2\/product"}],"about":[{"href":"https:\/\/artculture6.com\/index.php\/wp-json\/wp\/v2\/types\/product"}],"replies":[{"embeddable":true,"href":"https:\/\/artculture6.com\/index.php\/wp-json\/wp\/v2\/comments?post=2147"}],"wp:featuredmedia":[{"embeddable":true,"href":"https:\/\/artculture6.com\/index.php\/wp-json\/wp\/v2\/media\/2148"}],"wp:attachment":[{"href":"https:\/\/artculture6.com\/index.php\/wp-json\/wp\/v2\/media?parent=2147"}],"wp:term":[{"taxonomy":"product_brand","embeddable":true,"href":"https:\/\/artculture6.com\/index.php\/wp-json\/wp\/v2\/product_brand?post=2147"},{"taxonomy":"product_cat","embeddable":true,"href":"https:\/\/artculture6.com\/index.php\/wp-json\/wp\/v2\/product_cat?post=2147"},{"taxonomy":"product_tag","embeddable":true,"href":"https:\/\/artculture6.com\/index.php\/wp-json\/wp\/v2\/product_tag?post=2147"}],"curies":[{"name":"wp","href":"https:\/\/api.w.org\/{rel}","templated":true}]}}