{"id":2140,"date":"2026-04-16T09:02:51","date_gmt":"2026-04-16T07:02:51","guid":{"rendered":"https:\/\/artculture6.com\/?post_type=product&#038;p=2140"},"modified":"2026-04-16T09:02:51","modified_gmt":"2026-04-16T07:02:51","slug":"paris-w-turner-barriere-de-passy-france-graveur-willmore-c-1833","status":"publish","type":"product","link":"https:\/\/artculture6.com\/index.php\/product\/paris-w-turner-barriere-de-passy-france-graveur-willmore-c-1833\/","title":{"rendered":"Paris W Turner Barri\u00e8re de Passy France graveur Willmore C 1833"},"content":{"rendered":"<p><span style=\"font-size: x-large;\"><span style=\"font-family: Arial;\">R\u00e9f\u00e9rence\u00a0<\/span>5403-12-792L754-3<\/span><\/p>\n<div>\n<p data-start=\"261\" data-end=\"438\"><span style=\"font-size: x-large;\">Je vous propose cette belle vue anim\u00e9e de Paris repr\u00e9sentant\u00a0la barri\u00e8re de Passy, d\u2019apr\u00e8s une composition de Joseph Mallord William Turner vers 1833.<\/span><\/p>\n<p data-start=\"437\" data-end=\"724\"><span style=\"font-size: x-large;\">La sc\u00e8ne repr\u00e9sente les quais de la Seine anim\u00e9s par l\u2019activit\u00e9 quotidienne, avec circulation de bateaux et pr\u00e9sence de figures populaires au premier plan. Le pont, d\u00e9ploy\u00e9 en arri\u00e8re-plan, structure la composition et guide le regard vers une perspective urbaine ouverte sur la capitale.<\/span><\/p>\n<p data-start=\"726\" data-end=\"1024\"><span style=\"font-size: x-large;\">Turner restitue ici une vision vivante et atmosph\u00e9rique de Paris, caract\u00e9ristique de son approche romantique, o\u00f9 lumi\u00e8re, eau et architecture dialoguent avec subtilit\u00e9. La gravure, ex\u00e9cut\u00e9e par Willmore, traduit avec finesse cette sensibilit\u00e9 \u00e0 travers un travail pr\u00e9cis du trait et des contrastes.<\/span><\/p>\n<p data-start=\"1026\" data-end=\"1118\"><span style=\"font-size: x-large;\">L\u2019ensemble offre un t\u00e9moignage \u00e0 la fois artistique et documentaire du Paris du XIXe si\u00e8cle.<\/span><\/p>\n<p data-start=\"1204\" data-end=\"1357\"><span style=\"font-size: x-large;\">Dimensions de la feuille : 28 cm \u00d7 18,3 cm<br data-start=\"1301\" data-end=\"1304\" \/>Dimensions de la gravure seiule : 14 cm \u00d7 9,5 cm<\/span><\/p>\n<\/div>\n","protected":false},"excerpt":{"rendered":"<p>D\u2019apr\u00e8s J. M. W. Turner<br data-start=\"1192\" data-end=\"1195\" \/>Grav\u00e9e par Willmore<br data-start=\"1214\" data-end=\"1217\" \/>Paris \u2013 Barri\u00e8re de Passy<br data-start=\"1242\" data-end=\"1245\" \/>\u00c9poque : XIXe si\u00e8cle<br data-start=\"1265\" data-end=\"1268\" \/>Dimensions feuille : 28 \u00d7 18,3 cm<br data-start=\"1301\" data-end=\"1304\" \/>Dimensions image : 14 \u00d7 9,5 cm<\/p>\n","protected":false},"featured_media":2141,"comment_status":"open","ping_status":"closed","template":"","meta":[],"product_brand":[],"product_cat":[521,460,486,1482],"product_tag":[998,737,1479,1488,1003,1436,1478,1481,1468,1477,1471,1476,1487,1475,1474,1423,1467,1022,1486],"class_list":{"0":"post-2140","1":"product","2":"type-product","3":"status-publish","4":"has-post-thumbnail","6":"product_cat-gravures-xix-siecle","7":"product_cat-paris","8":"product_cat-paris-arrondissement-1","9":"product_cat-turner-joseph-mallord-william-1775-1851","10":"product_tag-19th-century-print","11":"product_tag-antique-print","12":"product_tag-art-print","13":"product_tag-barriere-de-passy","14":"product_tag-collectible-print","15":"product_tag-european-city","16":"product_tag-french-city","17":"product_tag-historic-paris","18":"product_tag-jmw-turner","19":"product_tag-old-paris-view","20":"product_tag-paris-19th-century","21":"product_tag-paris-engraving","22":"product_tag-passy-paris","23":"product_tag-romanticism","24":"product_tag-seine-paris","25":"product_tag-steel-engraving","26":"product_tag-turner","27":"product_tag-vintage-print","28":"product_tag-willmore","30":"first","31":"instock","32":"shipping-taxable","33":"purchasable","34":"product-type-simple"},"_links":{"self":[{"href":"https:\/\/artculture6.com\/index.php\/wp-json\/wp\/v2\/product\/2140","targetHints":{"allow":["GET"]}}],"collection":[{"href":"https:\/\/artculture6.com\/index.php\/wp-json\/wp\/v2\/product"}],"about":[{"href":"https:\/\/artculture6.com\/index.php\/wp-json\/wp\/v2\/types\/product"}],"replies":[{"embeddable":true,"href":"https:\/\/artculture6.com\/index.php\/wp-json\/wp\/v2\/comments?post=2140"}],"wp:featuredmedia":[{"embeddable":true,"href":"https:\/\/artculture6.com\/index.php\/wp-json\/wp\/v2\/media\/2141"}],"wp:attachment":[{"href":"https:\/\/artculture6.com\/index.php\/wp-json\/wp\/v2\/media?parent=2140"}],"wp:term":[{"taxonomy":"product_brand","embeddable":true,"href":"https:\/\/artculture6.com\/index.php\/wp-json\/wp\/v2\/product_brand?post=2140"},{"taxonomy":"product_cat","embeddable":true,"href":"https:\/\/artculture6.com\/index.php\/wp-json\/wp\/v2\/product_cat?post=2140"},{"taxonomy":"product_tag","embeddable":true,"href":"https:\/\/artculture6.com\/index.php\/wp-json\/wp\/v2\/product_tag?post=2140"}],"curies":[{"name":"wp","href":"https:\/\/api.w.org\/{rel}","templated":true}]}}