{"id":2132,"date":"2026-04-16T08:45:45","date_gmt":"2026-04-16T06:45:45","guid":{"rendered":"https:\/\/artculture6.com\/?post_type=product&#038;p=2132"},"modified":"2026-04-16T08:45:46","modified_gmt":"2026-04-16T06:45:46","slug":"paris-w-turner-pont-neuf-france-graveur-miller-c-1833","status":"publish","type":"product","link":"https:\/\/artculture6.com\/index.php\/product\/paris-w-turner-pont-neuf-france-graveur-miller-c-1833\/","title":{"rendered":"Paris W Turner Pont Neuf France graveur Miller C 1833"},"content":{"rendered":"<div><span style=\"font-size: x-large;\"><span style=\"font-family: Arial;\">R\u00e9f\u00e9rence\u00a0<\/span>5403-11-792L754-2<\/span><\/p>\n<div>\n<h3 data-start=\"261\" data-end=\"438\"><span style=\"font-size: x-large;\">Je vous propose cette belle vue anim\u00e9e de Paris repr\u00e9sentant le pont Neuf \u00e0 Paris, d\u2019apr\u00e8s une composition de Joseph Mallord William Turner, r\u00e9alis\u00e9e vers 1833.\u00a0<\/span>La sc\u00e8ne repr\u00e9sente l\u2019un des ponts les plus embl\u00e9matiques de la capitale, anim\u00e9 par la circulation et la vie quotidienne des quais de Seine. Le Pont Neuf, avec ses arches r\u00e9guli\u00e8res, structure l\u2019espace et s\u2019inscrit dans une perspective urbaine caract\u00e9ristique du Paris du XIXe si\u00e8cle.<\/h3>\n<h3 data-start=\"628\" data-end=\"918\"><span style=\"font-size: x-large;\">Turner, c\u00e9l\u00e8bre pour sa ma\u00eetrise des effets atmosph\u00e9riques, offre ici une vision vivante et lumineuse de la ville, traduite avec finesse dans cette gravure ex\u00e9cut\u00e9e par Miller. L\u2019ensemble t\u00e9moigne du regard romantique port\u00e9 sur Paris, entre observation pr\u00e9cise et interpr\u00e9tation artistique.<\/span><\/h3>\n<h3 data-start=\"920\" data-end=\"1027\"><span style=\"font-size: x-large;\">Gravure de belle qualit\u00e9, au trait fin et d\u00e9taill\u00e9, typique des grandes \u00e9ditions illustr\u00e9es du XIXe si\u00e8cle.<\/span><\/h3>\n<h3 data-start=\"374\" data-end=\"505\"><span style=\"font-size: x-large;\"><span style=\"font-family: Arial;\">Format :<\/span>\u00a025,7 cm \u00d7 17,5 cm\u00a0par\u00a013,3 \u00d7 9 cm.<\/span><\/h3>\n<\/div>\n<\/div>\n","protected":false},"excerpt":{"rendered":"<p>D\u2019apr\u00e8s J. M. W. Turner<br data-start=\"1111\" data-end=\"1114\" \/>Grav\u00e9e par Miller<br data-start=\"1131\" data-end=\"1134\" \/>Paris \u2013 Pont Neuf<br data-start=\"1151\" data-end=\"1154\" \/>\u00c9poque : vers 1833<br data-start=\"1172\" data-end=\"1175\" \/>Dimensions feuille : 25,7 \u00d7 17,5 cm<br data-start=\"1210\" data-end=\"1213\" \/>Dimensions image : 13,3 \u00d7 9 cm<\/p>\n","protected":false},"featured_media":2133,"comment_status":"open","ping_status":"closed","template":"","meta":[],"product_brand":[],"product_cat":[521,486,1482],"product_tag":[998,737,1479,1003,1436,1478,1481,1468,1483,1485,1471,1476,1484,1475,1474,1423,1467,1022],"class_list":{"0":"post-2132","1":"product","2":"type-product","3":"status-publish","4":"has-post-thumbnail","6":"product_cat-gravures-xix-siecle","7":"product_cat-paris-arrondissement-1","8":"product_cat-turner-joseph-mallord-william-1775-1851","9":"product_tag-19th-century-print","10":"product_tag-antique-print","11":"product_tag-art-print","12":"product_tag-collectible-print","13":"product_tag-european-city","14":"product_tag-french-city","15":"product_tag-historic-paris","16":"product_tag-jmw-turner","17":"product_tag-miller-engraver","18":"product_tag-old-paris","19":"product_tag-paris-19th-century","20":"product_tag-paris-engraving","21":"product_tag-pont-neuf","22":"product_tag-romanticism","23":"product_tag-seine-paris","24":"product_tag-steel-engraving","25":"product_tag-turner","26":"product_tag-vintage-print","28":"first","29":"instock","30":"shipping-taxable","31":"purchasable","32":"product-type-simple"},"_links":{"self":[{"href":"https:\/\/artculture6.com\/index.php\/wp-json\/wp\/v2\/product\/2132","targetHints":{"allow":["GET"]}}],"collection":[{"href":"https:\/\/artculture6.com\/index.php\/wp-json\/wp\/v2\/product"}],"about":[{"href":"https:\/\/artculture6.com\/index.php\/wp-json\/wp\/v2\/types\/product"}],"replies":[{"embeddable":true,"href":"https:\/\/artculture6.com\/index.php\/wp-json\/wp\/v2\/comments?post=2132"}],"wp:featuredmedia":[{"embeddable":true,"href":"https:\/\/artculture6.com\/index.php\/wp-json\/wp\/v2\/media\/2133"}],"wp:attachment":[{"href":"https:\/\/artculture6.com\/index.php\/wp-json\/wp\/v2\/media?parent=2132"}],"wp:term":[{"taxonomy":"product_brand","embeddable":true,"href":"https:\/\/artculture6.com\/index.php\/wp-json\/wp\/v2\/product_brand?post=2132"},{"taxonomy":"product_cat","embeddable":true,"href":"https:\/\/artculture6.com\/index.php\/wp-json\/wp\/v2\/product_cat?post=2132"},{"taxonomy":"product_tag","embeddable":true,"href":"https:\/\/artculture6.com\/index.php\/wp-json\/wp\/v2\/product_tag?post=2132"}],"curies":[{"name":"wp","href":"https:\/\/api.w.org\/{rel}","templated":true}]}}