{"id":2124,"date":"2026-04-16T07:57:02","date_gmt":"2026-04-16T05:57:02","guid":{"rendered":"https:\/\/artculture6.com\/?post_type=product&#038;p=2124"},"modified":"2026-04-16T08:01:24","modified_gmt":"2026-04-16T06:01:24","slug":"paris-w-turner-marche-aux-fleurs-et-pont-au-change-graveur-radclyffe-c-1833","status":"publish","type":"product","link":"https:\/\/artculture6.com\/index.php\/product\/paris-w-turner-marche-aux-fleurs-et-pont-au-change-graveur-radclyffe-c-1833\/","title":{"rendered":"Paris W Turner March\u00e9 aux Fleurs et Pont au Change Graveur Radclyffe C 1833"},"content":{"rendered":"<p><span style=\"font-size: x-large;\"><span style=\"font-family: Arial;\">R\u00e9f\u00e9rence\u00a0<\/span>5403-10-792L754-1<\/span><\/p>\n<div>\n<p data-start=\"261\" data-end=\"438\"><span style=\"font-size: x-large;\">Je vous propose cette belle vue anim\u00e9e de Paris repr\u00e9sentant le march\u00e9 aux fleurs et le Pont au Change, d\u2019apr\u00e8s une composition de Joseph Mallord William Turner (1775-1851), ma\u00eetre du paysage romantique anglais.<\/span><\/p>\n<p data-start=\"440\" data-end=\"728\"><span style=\"font-size: x-large;\">La sc\u00e8ne se d\u00e9roule sur les quais de la Seine, au c\u0153ur de la capitale, o\u00f9 s\u2019anime une foule \u00e9l\u00e9gante et populaire autour du commerce de fleurs. Le Pont au Change, avec ses arches caract\u00e9ristiques, structure la perspective et relie les deux rives dans une composition fluide et \u00e9quilibr\u00e9e.<\/span><\/p>\n<p data-start=\"730\" data-end=\"1050\"><span style=\"font-size: x-large;\">Turner capte ici l\u2019atmosph\u00e8re parisienne avec une sensibilit\u00e9 particuli\u00e8re aux effets de lumi\u00e8re et \u00e0 la vie urbaine, traduite avec finesse dans cette gravure ex\u00e9cut\u00e9e par William Radclyffe. L\u2019ensemble t\u00e9moigne du regard romantique port\u00e9 sur Paris au XIXe si\u00e8cle, entre activit\u00e9 quotidienne et mise en sc\u00e8ne pittoresque.<\/span><\/p>\n<p data-start=\"1052\" data-end=\"1155\"><span style=\"font-size: x-large;\">Gravure de belle qualit\u00e9, riche en d\u00e9tails, avec une grande finesse dans les figures et l\u2019architecture.<\/span><\/p>\n<p data-start=\"374\" data-end=\"505\"><span style=\"font-size: x-large;\"><span style=\"font-family: Arial;\">Format :<\/span>\u00a026,3 cm \u00d7 17,8 cm par 13,6 cm \u00d7 9,8 cm.<\/span><\/p>\n<\/div>\n","protected":false},"excerpt":{"rendered":"<p>D\u2019apr\u00e8s J. M. W. Turner (1837)<br data-start=\"1236\" data-end=\"1239\" \/>Grav\u00e9e par William Radclyffe<br data-start=\"1267\" data-end=\"1270\" \/>Paris \u2013 Pont au Change<br data-start=\"1292\" data-end=\"1295\" \/>\u00c9poque : vers 1835<br data-start=\"1313\" data-end=\"1316\" \/><span style=\"font-family: Arial;\">Format :<\/span>\u00a026,3 cm \u00d7 17,8 cm par 13,6 cm \u00d7 9,8 cm.<\/p>\n","protected":false},"featured_media":2125,"comment_status":"open","ping_status":"closed","template":"","meta":[],"product_brand":[],"product_cat":[521,486,1482],"product_tag":[998,737,1479,1003,1436,1478,1481,1468,1480,1473,1477,1471,1476,1472,1470,1475,1474,1423,1467,1022,1469],"class_list":{"0":"post-2124","1":"product","2":"type-product","3":"status-publish","4":"has-post-thumbnail","6":"product_cat-gravures-xix-siecle","7":"product_cat-paris-arrondissement-1","8":"product_cat-turner-joseph-mallord-william-1775-1851","9":"product_tag-19th-century-print","10":"product_tag-antique-print","11":"product_tag-art-print","12":"product_tag-collectible-print","13":"product_tag-european-city","14":"product_tag-french-city","15":"product_tag-historic-paris","16":"product_tag-jmw-turner","17":"product_tag-london-school","18":"product_tag-marche-aux-fleurs","19":"product_tag-old-paris-view","20":"product_tag-paris-19th-century","21":"product_tag-paris-engraving","22":"product_tag-pont-au-change","23":"product_tag-radclyffe","24":"product_tag-romanticism","25":"product_tag-seine-paris","26":"product_tag-steel-engraving","27":"product_tag-turner","28":"product_tag-vintage-print","29":"product_tag-william-turner","31":"first","32":"instock","33":"shipping-taxable","34":"purchasable","35":"product-type-simple"},"_links":{"self":[{"href":"https:\/\/artculture6.com\/index.php\/wp-json\/wp\/v2\/product\/2124","targetHints":{"allow":["GET"]}}],"collection":[{"href":"https:\/\/artculture6.com\/index.php\/wp-json\/wp\/v2\/product"}],"about":[{"href":"https:\/\/artculture6.com\/index.php\/wp-json\/wp\/v2\/types\/product"}],"replies":[{"embeddable":true,"href":"https:\/\/artculture6.com\/index.php\/wp-json\/wp\/v2\/comments?post=2124"}],"wp:featuredmedia":[{"embeddable":true,"href":"https:\/\/artculture6.com\/index.php\/wp-json\/wp\/v2\/media\/2125"}],"wp:attachment":[{"href":"https:\/\/artculture6.com\/index.php\/wp-json\/wp\/v2\/media?parent=2124"}],"wp:term":[{"taxonomy":"product_brand","embeddable":true,"href":"https:\/\/artculture6.com\/index.php\/wp-json\/wp\/v2\/product_brand?post=2124"},{"taxonomy":"product_cat","embeddable":true,"href":"https:\/\/artculture6.com\/index.php\/wp-json\/wp\/v2\/product_cat?post=2124"},{"taxonomy":"product_tag","embeddable":true,"href":"https:\/\/artculture6.com\/index.php\/wp-json\/wp\/v2\/product_tag?post=2124"}],"curies":[{"name":"wp","href":"https:\/\/api.w.org\/{rel}","templated":true}]}}