{"id":2118,"date":"2026-04-16T01:39:48","date_gmt":"2026-04-15T23:39:48","guid":{"rendered":"https:\/\/artculture6.com\/?post_type=product&#038;p=2118"},"modified":"2026-04-16T01:39:49","modified_gmt":"2026-04-15T23:39:49","slug":"allemagne-mauseturm-et-ehrenfels-nordrhein-westfalen-deutschland-1880-rhin","status":"publish","type":"product","link":"https:\/\/artculture6.com\/index.php\/product\/allemagne-mauseturm-et-ehrenfels-nordrhein-westfalen-deutschland-1880-rhin\/","title":{"rendered":"Allemagne M\u00e4useturm et Ehrenfels Nordrhein-Westfalen Deutschland 1880 Rhin"},"content":{"rendered":"<p><span style=\"font-size: x-large;\"><span style=\"font-family: Arial;\">R\u00e9f\u00e9rence\u00a0<\/span>5403-9-792L753-4<\/span><\/p>\n<div>\n<p data-start=\"288\" data-end=\"429\"><span style=\"font-size: x-large;\">Je vous propose cette vue pittoresque du Rhin repr\u00e9sentant la c\u00e9l\u00e8bre tour de la souris (<em data-start=\"355\" data-end=\"366\">M\u00e4useturm<\/em>) et les ruines du ch\u00e2teau d\u2019Ehrenfels, situ\u00e9es pr\u00e8s de Bingen.<\/span><\/p>\n<p data-start=\"431\" data-end=\"703\"><span style=\"font-size: x-large;\">La sc\u00e8ne illustre un paysage embl\u00e9matique du romantisme rh\u00e9nan, m\u00ealant architecture m\u00e9di\u00e9vale ruin\u00e9e et activit\u00e9 fluviale. Au premier plan, les vestiges du ch\u00e2teau dominent le fleuve, tandis que la tour isol\u00e9e sur une \u00eele rappelle les l\u00e9gendes locales associ\u00e9es au fleuve.<\/span><\/p>\n<p data-start=\"705\" data-end=\"1015\"><span style=\"font-size: x-large;\">Selon la tradition, le M\u00e4useturm est li\u00e9 \u00e0 l\u2019histoire de l\u2019archev\u00eaque Hatto, figure devenue l\u00e9gendaire, dont la punition par les souris aurait donn\u00e9 son nom \u00e0 la tour. Ce type de sujet a fortement marqu\u00e9 l\u2019imaginaire du XIXe si\u00e8cle, p\u00e9riode o\u00f9 le Rhin devient une destination artistique et touristique majeure.<\/span><\/p>\n<p data-start=\"1017\" data-end=\"1184\"><span style=\"font-size: x-large;\">La composition offre un \u00e9quilibre entre paysage, architecture et narration historique, avec un travail fin sur les reliefs, la v\u00e9g\u00e9tation et les effets atmosph\u00e9riques.<\/span><\/p>\n<p data-start=\"1186\" data-end=\"1273\"><span style=\"font-size: x-large;\">Gravure de belle qualit\u00e9, riche en d\u00e9tails et typique des vues rh\u00e9nanes du XIXe si\u00e8cle.<\/span><\/p>\n<p data-start=\"374\" data-end=\"505\"><span style=\"font-size: x-large;\"><span style=\"font-family: Arial;\">Format :<\/span>\u00a030,5 cm \u00d7 22 cm par 22,5 cm \u00d7 15 cm.<\/span><\/p>\n<\/div>\n","protected":false},"excerpt":{"rendered":"<p data-start=\"288\" data-end=\"429\">Allemagne \u2013 Bingen am Rhein, Rh\u00e9nanie-Palatinat<br data-start=\"1371\" data-end=\"1374\" \/>\u00c9poque : XIXe si\u00e8cle<br data-start=\"1394\" data-end=\"1397\" \/>Dimensions feuille : 30,5 \u00d7 22 cm<br data-start=\"1430\" data-end=\"1433\" \/>Dimensions image : env. 22,5 \u00d7 15 cm<\/p>\n","protected":false},"featured_media":2119,"comment_status":"open","ping_status":"closed","template":"","meta":[],"product_brand":[],"product_cat":[208,200],"product_tag":[993,1458,737,1455,1460,1003,1466,1454,1427,1457,1464,1463,1453,1461,1444,1465,1456,1417,1459,1462,1423,1022],"class_list":{"0":"post-2118","1":"product","2":"type-product","3":"status-publish","4":"has-post-thumbnail","6":"product_cat-allemagne","7":"product_cat-europe","8":"product_tag-19th-century","9":"product_tag-alte-ansicht-rhein","10":"product_tag-antique-print","11":"product_tag-bingen-am-rhein","12":"product_tag-burg-ehrenfels","13":"product_tag-collectible-print","14":"product_tag-deutsche-landschaft","15":"product_tag-ehrenfels","16":"product_tag-german-castle","17":"product_tag-germany","18":"product_tag-historic-view","19":"product_tag-landscape-germany","20":"product_tag-mauseturm","21":"product_tag-mauseturm-legend","22":"product_tag-rhein","23":"product_tag-rhein-romanticism","24":"product_tag-rheinland-pfalz","25":"product_tag-rhine-river","26":"product_tag-romantic-rhine","27":"product_tag-ruins-germany","28":"product_tag-steel-engraving","29":"product_tag-vintage-print","31":"first","32":"instock","33":"shipping-taxable","34":"purchasable","35":"product-type-simple"},"_links":{"self":[{"href":"https:\/\/artculture6.com\/index.php\/wp-json\/wp\/v2\/product\/2118","targetHints":{"allow":["GET"]}}],"collection":[{"href":"https:\/\/artculture6.com\/index.php\/wp-json\/wp\/v2\/product"}],"about":[{"href":"https:\/\/artculture6.com\/index.php\/wp-json\/wp\/v2\/types\/product"}],"replies":[{"embeddable":true,"href":"https:\/\/artculture6.com\/index.php\/wp-json\/wp\/v2\/comments?post=2118"}],"wp:featuredmedia":[{"embeddable":true,"href":"https:\/\/artculture6.com\/index.php\/wp-json\/wp\/v2\/media\/2119"}],"wp:attachment":[{"href":"https:\/\/artculture6.com\/index.php\/wp-json\/wp\/v2\/media?parent=2118"}],"wp:term":[{"taxonomy":"product_brand","embeddable":true,"href":"https:\/\/artculture6.com\/index.php\/wp-json\/wp\/v2\/product_brand?post=2118"},{"taxonomy":"product_cat","embeddable":true,"href":"https:\/\/artculture6.com\/index.php\/wp-json\/wp\/v2\/product_cat?post=2118"},{"taxonomy":"product_tag","embeddable":true,"href":"https:\/\/artculture6.com\/index.php\/wp-json\/wp\/v2\/product_tag?post=2118"}],"curies":[{"name":"wp","href":"https:\/\/api.w.org\/{rel}","templated":true}]}}