{"id":2111,"date":"2026-04-16T01:18:20","date_gmt":"2026-04-15T23:18:20","guid":{"rendered":"https:\/\/artculture6.com\/?post_type=product&#038;p=2111"},"modified":"2026-04-16T01:40:43","modified_gmt":"2026-04-15T23:40:43","slug":"allemagne-bonn-nordrhein-westfalen-deutschland-gravure-1880","status":"publish","type":"product","link":"https:\/\/artculture6.com\/index.php\/product\/allemagne-bonn-nordrhein-westfalen-deutschland-gravure-1880\/","title":{"rendered":"Allemagne Bonn Nordrhein-Westfalen Deutschland gravure 1880"},"content":{"rendered":"<p><span style=\"font-size: x-large;\"><span style=\"font-family: Arial;\">R\u00e9f\u00e9rence\u00a0<\/span>5403-8-792L753-3<\/span><\/p>\n<div>\n<p data-start=\"320\" data-end=\"449\"><span style=\"font-size: x-large;\">Belle vue anim\u00e9e de Bonn vers 1880, situ\u00e9e sur les rives du Rhin, alors axe majeur du commerce et des \u00e9changes en Allemagne.<\/span><\/p>\n<p data-start=\"451\" data-end=\"758\"><span style=\"font-size: x-large;\">La composition met en avant une activit\u00e9 fluviale dynamique : bateaux \u00e0 vapeur, embarcations l\u00e9g\u00e8res et circulation sur le fleuve illustrent le r\u00f4le \u00e9conomique central du Rhin. Au premier plan, des figures populaires \u2014 femmes, enfants, promeneurs \u2014 apportent une dimension vivante et quotidienne \u00e0 la sc\u00e8ne.<\/span><\/p>\n<p data-start=\"760\" data-end=\"950\"><span style=\"font-size: x-large;\">La ville se d\u00e9veloppe en arri\u00e8re-plan autour de son architecture caract\u00e9ristique, domin\u00e9e par l\u2019\u00e9glise Saint-Martin et ses tours \u00e9lanc\u00e9es, rep\u00e8re visuel structurant de la silhouette urbaine.<\/span><\/p>\n<p data-start=\"952\" data-end=\"1067\"><span style=\"font-size: x-large;\">L\u2019ensemble offre une vision \u00e0 la fois documentaire et esth\u00e9tique d\u2019une ville rh\u00e9nane en plein essor au XIXe si\u00e8cle.<\/span><\/p>\n<p data-start=\"1069\" data-end=\"1162\"><span style=\"font-size: x-large;\">Gravure fine, riche en d\u00e9tails, avec un excellent rendu des atmosph\u00e8res et de la perspective.<\/span><\/p>\n<p data-start=\"374\" data-end=\"505\"><span style=\"font-size: x-large;\"><span style=\"font-family: Arial;\">Format :<\/span>\u00a030,8 cm \u00d7 21,8 cm par 23 cm \u00d7 14,7 cm.<\/span><\/p>\n<\/div>\n","protected":false},"excerpt":{"rendered":"<p>Allemagne \u2013 Bonn, Rh\u00e9nanie-du-Nord-Westphalie<br data-start=\"1258\" data-end=\"1261\" \/>\u00c9poque : XIXe si\u00e8cle<br data-start=\"1281\" data-end=\"1284\" \/>Dimensions feuille : 30,8 \u00d7 21,8 cm<br data-start=\"1319\" data-end=\"1322\" \/>Dimensions image : env. 23 \u00d7 14,7 cm<\/p>\n","protected":false},"featured_media":2112,"comment_status":"open","ping_status":"closed","template":"","meta":[],"product_brand":[],"product_cat":[208,200,344],"product_tag":[624,1446,737,1451,1442,1445,1003,1443,1436,1433,1450,149,1452,1084,1449,1444,1448,1416,1417,1447,1423,1022],"class_list":{"0":"post-2111","1":"product","2":"type-product","3":"status-publish","4":"has-post-thumbnail","6":"product_cat-allemagne","7":"product_cat-europe","8":"product_cat-fleurs-flore-vegetaux","9":"product_tag-19th-century-engraving","10":"product_tag-alte-ansicht-bonn","11":"product_tag-antique-print","12":"product_tag-architecture-germany","13":"product_tag-bonn","14":"product_tag-bonn-germany","15":"product_tag-collectible-print","16":"product_tag-deutschland","17":"product_tag-european-city","18":"product_tag-german-city","19":"product_tag-german-landscape","20":"product_tag-gravure-xixe","21":"product_tag-historic-city-view","22":"product_tag-old-print","23":"product_tag-paysage-rhenan","24":"product_tag-rhein","25":"product_tag-rheinlandschaft","26":"product_tag-rhin","27":"product_tag-rhine-river","28":"product_tag-st-martin-bonn","29":"product_tag-steel-engraving","30":"product_tag-vintage-print","32":"first","33":"instock","34":"shipping-taxable","35":"purchasable","36":"product-type-simple"},"_links":{"self":[{"href":"https:\/\/artculture6.com\/index.php\/wp-json\/wp\/v2\/product\/2111","targetHints":{"allow":["GET"]}}],"collection":[{"href":"https:\/\/artculture6.com\/index.php\/wp-json\/wp\/v2\/product"}],"about":[{"href":"https:\/\/artculture6.com\/index.php\/wp-json\/wp\/v2\/types\/product"}],"replies":[{"embeddable":true,"href":"https:\/\/artculture6.com\/index.php\/wp-json\/wp\/v2\/comments?post=2111"}],"wp:featuredmedia":[{"embeddable":true,"href":"https:\/\/artculture6.com\/index.php\/wp-json\/wp\/v2\/media\/2112"}],"wp:attachment":[{"href":"https:\/\/artculture6.com\/index.php\/wp-json\/wp\/v2\/media?parent=2111"}],"wp:term":[{"taxonomy":"product_brand","embeddable":true,"href":"https:\/\/artculture6.com\/index.php\/wp-json\/wp\/v2\/product_brand?post=2111"},{"taxonomy":"product_cat","embeddable":true,"href":"https:\/\/artculture6.com\/index.php\/wp-json\/wp\/v2\/product_cat?post=2111"},{"taxonomy":"product_tag","embeddable":true,"href":"https:\/\/artculture6.com\/index.php\/wp-json\/wp\/v2\/product_tag?post=2111"}],"curies":[{"name":"wp","href":"https:\/\/api.w.org\/{rel}","templated":true}]}}