{"id":2096,"date":"2026-04-14T01:22:37","date_gmt":"2026-04-13T23:22:37","guid":{"rendered":"https:\/\/artculture6.com\/?post_type=product&#038;p=2096"},"modified":"2026-04-14T01:22:38","modified_gmt":"2026-04-13T23:22:38","slug":"guerre-de-child-empereur-aurangzeb-anglais-et-empire-moghol-inde-gravure-1780","status":"publish","type":"product","link":"https:\/\/artculture6.com\/index.php\/product\/guerre-de-child-empereur-aurangzeb-anglais-et-empire-moghol-inde-gravure-1780\/","title":{"rendered":"Guerre de Child &#8217;empereur Aurangzeb Anglais et Empire moghol Inde gravure 1780"},"content":{"rendered":"<p><span style=\"font-size: x-large;\"><span style=\"font-family: Arial;\">R\u00e9f\u00e9rence\u00a0<\/span>5403-5R791<\/span><\/p>\n<div>\n<p data-start=\"374\" data-end=\"505\"><span style=\"font-size: x-large;\">Belle vignette gravure ancienne au burin illustrant un \u00e9pisode marquant des relations entre l\u2019Angleterre et l\u2019Empire moghol au XVIIe si\u00e8cle.<\/span><\/p>\n<p data-start=\"507\" data-end=\"684\"><span style=\"font-size: x-large;\">La sc\u00e8ne repr\u00e9sente\u00a0<span data-start=\"527\" data-end=\"568\">Josiah Child<\/span>\u00a0demandant pardon \u00e0 l\u2019empereur\u00a0<span data-start=\"599\" data-end=\"640\">Aurangzeb<\/span>, souverain de l\u2019Empire moghol \u00e0 son apog\u00e9e.<\/span><\/p>\n<p data-start=\"686\" data-end=\"1010\"><span style=\"font-size: x-large;\">Cet \u00e9pisode s\u2019inscrit dans le contexte des tensions commerciales entre la Compagnie anglaise des Indes orientales et le pouvoir imp\u00e9rial indien. Apr\u00e8s des conflits et des abus commerciaux, les repr\u00e9sentants anglais furent contraints de s\u2019humilier devant l\u2019autorit\u00e9 moghole afin de conserver leurs droits de commerce en Inde.<\/span><\/p>\n<p data-start=\"1012\" data-end=\"1236\"><span style=\"font-size: x-large;\">La sc\u00e8ne, fortement th\u00e9\u00e2tralis\u00e9e, met en opposition la puissance imp\u00e9riale orientale \u2014 incarn\u00e9e par Aurangzeb tr\u00f4nant et la soumission des Europ\u00e9ens, dans une composition riche en d\u00e9tails (costumes, armes, architecture).<\/span><\/p>\n<p data-start=\"351\" data-end=\"574\"><span style=\"font-size: x-large;\"><span style=\"font-family: Arial;\">Format : 14,5<\/span><span style=\"font-family: Arial;\">\u00a0cm \u00d7 9 cm.<\/span><br \/>\n<\/span><\/p>\n<p data-start=\"1204\" data-end=\"1357\"><span style=\"font-size: x-large;\">\u00c9tat : bon \u00e9tat g\u00e9n\u00e9ral, sans marge, feuille anciennement recoup\u00e9e (voir photos)<\/span><\/p>\n<\/div>\n","protected":false},"excerpt":{"rendered":"<h3>Gravure au burin<br data-start=\"1552\" data-end=\"1555\" \/>\u00c9poque : vers 1780<br data-start=\"1573\" data-end=\"1576\" \/>Sujet : Josiah Child &amp; Aurangzeb \u2013 Empire moghol<br data-start=\"1624\" data-end=\"1627\" \/>Source : Raynal<br data-start=\"1642\" data-end=\"1645\" \/>Technique : taille douce<br data-start=\"1669\" data-end=\"1672\" \/>Dimensions : <span style=\"font-size: x-large;\"><span style=\"font-family: Arial;\">14,5<\/span><span style=\"font-family: Arial;\">\u00a0cm \u00d7 9 cm.<\/span><\/span><br data-start=\"1708\" data-end=\"1711\" \/><\/h3>\n","protected":false},"featured_media":2097,"comment_status":"open","ping_status":"closed","template":"","meta":[],"product_brand":[],"product_cat":[552,511,236],"product_tag":[736,737,1401,1411,1341,1351,1409,1410,1408,1407,1412,1365,148,1414,154,1340,1226,1413,1405,1404,1406,1402,1403,1097,950,1382,1386,808],"class_list":{"0":"post-2096","1":"product","2":"type-product","3":"status-publish","4":"has-post-thumbnail","6":"product_cat-burin","7":"product_cat-gravures-anciennes","8":"product_cat-inde","9":"product_tag-18th-century-engraving","10":"product_tag-antique-print","11":"product_tag-aurangzeb","12":"product_tag-british-india","13":"product_tag-burin","14":"product_tag-collector-print","15":"product_tag-colonial-history","16":"product_tag-colonial-scene","17":"product_tag-compagnie-des-indes","18":"product_tag-east-india-company","19":"product_tag-empire-moghol","20":"product_tag-engraving-antique","21":"product_tag-estampe-ancienne","22":"product_tag-european-expansion","23":"product_tag-gravure-ancienne","24":"product_tag-gravure-xviiie","25":"product_tag-historical-engraving","26":"product_tag-history-india","27":"product_tag-inde-ancienne","28":"product_tag-india-history","29":"product_tag-josiah-child","30":"product_tag-moghul-empire","31":"product_tag-mughal-empire","32":"product_tag-old-engraving","33":"product_tag-orientalisme","34":"product_tag-orientalist-engraving","35":"product_tag-rare-engraving","36":"product_tag-taille-douce","38":"first","39":"instock","40":"shipping-taxable","41":"purchasable","42":"product-type-simple"},"_links":{"self":[{"href":"https:\/\/artculture6.com\/index.php\/wp-json\/wp\/v2\/product\/2096","targetHints":{"allow":["GET"]}}],"collection":[{"href":"https:\/\/artculture6.com\/index.php\/wp-json\/wp\/v2\/product"}],"about":[{"href":"https:\/\/artculture6.com\/index.php\/wp-json\/wp\/v2\/types\/product"}],"replies":[{"embeddable":true,"href":"https:\/\/artculture6.com\/index.php\/wp-json\/wp\/v2\/comments?post=2096"}],"wp:featuredmedia":[{"embeddable":true,"href":"https:\/\/artculture6.com\/index.php\/wp-json\/wp\/v2\/media\/2097"}],"wp:attachment":[{"href":"https:\/\/artculture6.com\/index.php\/wp-json\/wp\/v2\/media?parent=2096"}],"wp:term":[{"taxonomy":"product_brand","embeddable":true,"href":"https:\/\/artculture6.com\/index.php\/wp-json\/wp\/v2\/product_brand?post=2096"},{"taxonomy":"product_cat","embeddable":true,"href":"https:\/\/artculture6.com\/index.php\/wp-json\/wp\/v2\/product_cat?post=2096"},{"taxonomy":"product_tag","embeddable":true,"href":"https:\/\/artculture6.com\/index.php\/wp-json\/wp\/v2\/product_tag?post=2096"}],"curies":[{"name":"wp","href":"https:\/\/api.w.org\/{rel}","templated":true}]}}