{"id":2091,"date":"2026-04-14T00:55:49","date_gmt":"2026-04-13T22:55:49","guid":{"rendered":"https:\/\/artculture6.com\/?post_type=product&#038;p=2091"},"modified":"2026-04-14T00:55:49","modified_gmt":"2026-04-13T22:55:49","slug":"olinde-et-sophronie-jerusalem-delivree-du-tasse-gravure-xviiie","status":"publish","type":"product","link":"https:\/\/artculture6.com\/index.php\/product\/olinde-et-sophronie-jerusalem-delivree-du-tasse-gravure-xviiie\/","title":{"rendered":"Olinde et Sophronie J\u00e9rusalem d\u00e9livr\u00e9e du Tasse gravure XVIIIe"},"content":{"rendered":"<p><span style=\"font-size: x-large;\"><span style=\"font-family: Arial;\">R\u00e9f\u00e9rence\u00a0<\/span>5403-4R791<\/span><\/p>\n<div>\n<p data-start=\"351\" data-end=\"574\"><span style=\"font-size: x-large;\">Belle gravure ancienne au burin repr\u00e9sentant\u00a0<span data-start=\"396\" data-end=\"419\">Olinde et Sophronie<\/span>, sc\u00e8ne c\u00e9l\u00e8bre tir\u00e9e de\u00a0<em data-start=\"444\" data-end=\"467\">La J\u00e9rusalem d\u00e9livr\u00e9e<\/em>\u00a0de\u00a0<span class=\"hover:entity-accent entity-underline inline cursor-pointer align-baseline\">Le Tasse<\/span>\u00a0(XVIe si\u00e8cle), \u0153uvre majeure de la litt\u00e9rature \u00e9pique europ\u00e9enne.<\/span><\/p>\n<p data-start=\"576\" data-end=\"894\"><span style=\"font-size: x-large;\">L\u2019\u00e9pisode se d\u00e9roule \u00e0 J\u00e9rusalem : Sophronie s\u2019accuse faussement d\u2019un sacril\u00e8ge afin de sauver les chr\u00e9tiens pers\u00e9cut\u00e9s. Son compagnon Olinde, par amour, revendique \u00e0 son tour la faute. Tous deux sont condamn\u00e9s au supplice et repr\u00e9sent\u00e9s ici dans une sc\u00e8ne de tension dramatique, au moment o\u00f9 ils font face au pouvoir.<\/span><\/p>\n<p data-start=\"896\" data-end=\"1102\"><span style=\"font-size: x-large;\">La composition met en opposition le monde antique id\u00e9alis\u00e9, architecture, costumes h\u00e9ro\u00efques et la violence de la sc\u00e8ne, dans une mise en sc\u00e8ne th\u00e9\u00e2trale typique des gravures d\u2019histoire du XVIIIe si\u00e8cle.<\/span><\/p>\n<p data-start=\"1104\" data-end=\"1287\"><span style=\"font-size: x-large;\">Le travail au burin est particuli\u00e8rement fin, avec un r\u00e9seau de hachures serr\u00e9es et ma\u00eetris\u00e9es, r\u00e9v\u00e9lant une gravure de qualit\u00e9 destin\u00e9e \u00e0 illustrer une \u0153uvre litt\u00e9raire prestigieuse.<\/span><\/p>\n<p data-start=\"1204\" data-end=\"1357\"><span style=\"font-size: x-large;\"><span style=\"font-family: Arial;\">Format : 14<\/span><span style=\"font-family: Arial;\">\u00a0cm \u00d7 9,2 cm.<\/span><\/span><br data-start=\"1286\" data-end=\"1289\" \/><span style=\"font-size: x-large;\">\u00c9tat : bon \u00e9tat g\u00e9n\u00e9ral, sans marge, feuille anciennement recoup\u00e9e (voir photos)<\/span><\/p>\n<\/div>\n","protected":false},"excerpt":{"rendered":"<h2>Gravure au burin<br data-start=\"1349\" data-end=\"1352\" \/>\u00c9poque : XVIIIe si\u00e8cle<br data-start=\"1374\" data-end=\"1377\" \/>Sujet : Olinde et Sophronie (Le Tasse)<br data-start=\"1415\" data-end=\"1418\" \/>Technique : taille douce<br data-start=\"1442\" data-end=\"1445\" \/>Dimensions : <span style=\"font-size: x-large;\"><span style=\"font-family: Arial;\">14<\/span><span style=\"font-family: Arial;\">\u00a0cm \u00d7 9,2 cm.<\/span><\/span><br data-start=\"1482\" data-end=\"1485\" \/><\/h2>\n","protected":false},"featured_media":2092,"comment_status":"open","ping_status":"closed","template":"","meta":[],"product_brand":[],"product_cat":[511],"product_tag":[736,737,1341,1399,1393,1351,1365,1395,148,1400,1350,154,1340,1226,1396,1390,1391,1394,1398,1097,1389,1386,1397,1363,808,1392],"class_list":{"0":"post-2091","1":"product","2":"type-product","3":"status-publish","4":"has-post-thumbnail","6":"product_cat-gravures-anciennes","7":"product_tag-18th-century-engraving","8":"product_tag-antique-print","9":"product_tag-burin","10":"product_tag-classical-art","11":"product_tag-classical-scene","12":"product_tag-collector-print","13":"product_tag-engraving-antique","14":"product_tag-epic-scene","15":"product_tag-estampe-ancienne","16":"product_tag-european-literature","17":"product_tag-fine-engraving","18":"product_tag-gravure-ancienne","19":"product_tag-gravure-xviiie","20":"product_tag-historical-engraving","21":"product_tag-italian-literature","22":"product_tag-jerusalem-delivree","23":"product_tag-le-tasse","24":"product_tag-literature-engraving","25":"product_tag-mythological-scene","26":"product_tag-old-engraving","27":"product_tag-olinde-et-sophronie","28":"product_tag-rare-engraving","29":"product_tag-renaissance-literature","30":"product_tag-scene-antique","31":"product_tag-taille-douce","32":"product_tag-torquato-tasso","34":"first","35":"instock","36":"shipping-taxable","37":"purchasable","38":"product-type-simple"},"_links":{"self":[{"href":"https:\/\/artculture6.com\/index.php\/wp-json\/wp\/v2\/product\/2091","targetHints":{"allow":["GET"]}}],"collection":[{"href":"https:\/\/artculture6.com\/index.php\/wp-json\/wp\/v2\/product"}],"about":[{"href":"https:\/\/artculture6.com\/index.php\/wp-json\/wp\/v2\/types\/product"}],"replies":[{"embeddable":true,"href":"https:\/\/artculture6.com\/index.php\/wp-json\/wp\/v2\/comments?post=2091"}],"wp:featuredmedia":[{"embeddable":true,"href":"https:\/\/artculture6.com\/index.php\/wp-json\/wp\/v2\/media\/2092"}],"wp:attachment":[{"href":"https:\/\/artculture6.com\/index.php\/wp-json\/wp\/v2\/media?parent=2091"}],"wp:term":[{"taxonomy":"product_brand","embeddable":true,"href":"https:\/\/artculture6.com\/index.php\/wp-json\/wp\/v2\/product_brand?post=2091"},{"taxonomy":"product_cat","embeddable":true,"href":"https:\/\/artculture6.com\/index.php\/wp-json\/wp\/v2\/product_cat?post=2091"},{"taxonomy":"product_tag","embeddable":true,"href":"https:\/\/artculture6.com\/index.php\/wp-json\/wp\/v2\/product_tag?post=2091"}],"curies":[{"name":"wp","href":"https:\/\/api.w.org\/{rel}","templated":true}]}}