{"id":2085,"date":"2026-04-13T20:14:53","date_gmt":"2026-04-13T18:14:53","guid":{"rendered":"https:\/\/artculture6.com\/?post_type=product&#038;p=2085"},"modified":"2026-04-13T20:14:54","modified_gmt":"2026-04-13T18:14:54","slug":"grece-athenes-la-peste-430-427-av-j-c-gravure-xviiie-epidemie","status":"publish","type":"product","link":"https:\/\/artculture6.com\/index.php\/product\/grece-athenes-la-peste-430-427-av-j-c-gravure-xviiie-epidemie\/","title":{"rendered":"Gr\u00e8ce Ath\u00e8nes La peste (430\u2013427 av. J.-C.) gravure XVIIIe \u00e9pid\u00e9mie"},"content":{"rendered":"<p><span style=\"font-size: x-large;\"><span style=\"font-family: Arial;\">R\u00e9f\u00e9rence\u00a0<\/span>5403-2R791<\/span><\/p>\n<div>\n<p data-start=\"155\" data-end=\"315\"><span style=\"font-size: x-large;\">La sc\u00e8ne repr\u00e9sente la terrible\u00a0<span data-start=\"187\" data-end=\"206\">peste d\u2019Ath\u00e8nes<\/span>\u00a0qui ravagea la cit\u00e9 entre 430 et 427 avant J.-C., en pleine guerre du P\u00e9loponn\u00e8se opposant Ath\u00e8nes \u00e0 Sparte.<\/span><\/p>\n<p data-start=\"317\" data-end=\"608\"><span style=\"font-size: x-large;\">D\u00e9crite avec pr\u00e9cision par l\u2019historien\u00a0<span class=\"hover:entity-accent entity-underline inline cursor-pointer align-baseline\">Thucydide<\/span>, cette \u00e9pid\u00e9mie frappa une population d\u00e9j\u00e0 affaiblie par le si\u00e8ge de la ville. Les habitants, r\u00e9fugi\u00e9s derri\u00e8re les Longs Murs, vivaient dans une promiscuit\u00e9 extr\u00eame, favorisant la propagation rapide de la maladie.<\/span><\/p>\n<p data-start=\"610\" data-end=\"895\"><span style=\"font-size: x-large;\">La gravure illustre le chaos et la d\u00e9solation : corps abandonn\u00e9s, familles en d\u00e9tresse, gestes de supplication et d\u2019impuissance face \u00e0 un fl\u00e9au incompris. Cette catastrophe provoqua non seulement des pertes humaines consid\u00e9rables, mais aussi un effondrement moral et social de la cit\u00e9.<\/span><\/p>\n<p data-start=\"897\" data-end=\"1063\"><span style=\"font-size: x-large;\">\u00c9pisode marquant de l\u2019histoire antique, la peste d\u2019Ath\u00e8nes est souvent consid\u00e9r\u00e9e comme l\u2019un des premiers r\u00e9cits d\u00e9taill\u00e9s d\u2019une \u00e9pid\u00e9mie dans l\u2019histoire occidentale.<\/span><\/p>\n<p data-start=\"1204\" data-end=\"1357\"><span style=\"font-size: x-large;\"><span style=\"font-family: Arial;\">Format : 15,2<\/span><span style=\"font-family: Arial;\">\u00a0cm \u00d7 9,5 cm<\/span><\/span><br data-start=\"1226\" data-end=\"1229\" \/><span style=\"font-size: x-large;\">Technique : burin (taille-douce)<\/span><br data-start=\"1286\" data-end=\"1289\" \/><span style=\"font-size: x-large;\">\u00c9tat : bon \u00e9tat g\u00e9n\u00e9ral, sans marge, feuille anciennement recoup\u00e9e (voir photos)<\/span><\/p>\n<\/div>\n","protected":false},"excerpt":{"rendered":"<p>Repr\u00e9sentation de la peste d\u2019Ath\u00e8nes (430\u2013427 av. J.-C.), d\u00e9crite par <span class=\"hover:entity-accent entity-underline inline cursor-pointer align-baseline\"><span class=\"whitespace-normal\">Thucydide<\/span><\/span>. Cette \u00e9pid\u00e9mie, survenue durant la guerre du P\u00e9loponn\u00e8se, d\u00e9cima la population ath\u00e9nienne et provoqua un profond bouleversement social et moral. La sc\u00e8ne illustre la panique et la d\u00e9tresse face \u00e0 un fl\u00e9au incontr\u00f4lable.<\/p>\n","protected":false},"featured_media":2086,"comment_status":"open","ping_status":"closed","template":"","meta":[],"product_brand":[],"product_cat":[552,511,520,351],"product_tag":[1352,737,1362,1368,1341,1366,1351,1374,1372,1365,148,1350,154,180,1340,1370,1360,1364,866,1355,1367,1097,1361,1356,1357,1371,1363,1369,1373,808,1358,1359],"class_list":{"0":"post-2085","1":"product","2":"type-product","3":"status-publish","4":"has-post-thumbnail","6":"product_cat-burin","7":"product_cat-gravures-anciennes","8":"product_cat-grece","9":"product_cat-medecine","10":"product_tag-antique-artwork","11":"product_tag-antique-print","12":"product_tag-antiquite-grecque","13":"product_tag-art-neoclassique","14":"product_tag-burin","15":"product_tag-classical-engraving","16":"product_tag-collector-print","17":"product_tag-decima-la-population-athenienne-et-provoqua-un-profond-bouleversement-social-et-moral-la-scene-illustre-la-panique-et-la-detresse-face-a-un-fleau-incontrolable","18":"product_tag-decrite-par-thucydide-cette-epidemie","19":"product_tag-engraving-antique","20":"product_tag-estampe-ancienne","21":"product_tag-fine-engraving","22":"product_tag-gravure-ancienne","23":"product_tag-gravure-historique","24":"product_tag-gravure-xviiie","25":"product_tag-greek-history","26":"product_tag-guerre-du-peloponnese","27":"product_tag-histoire-antique","28":"product_tag-historical-print","29":"product_tag-la-peste-d-athenes","30":"product_tag-neoclassique","31":"product_tag-old-engraving","32":"product_tag-peloponnesian-war","33":"product_tag-peste-athenes","34":"product_tag-plague-of-athens","35":"product_tag-representation-de-la-peste-dathenes-430-427-av-j-c","36":"product_tag-scene-antique","37":"product_tag-scene-dramatique","38":"product_tag-survenue-durant-la-guerre-du-peloponnese","39":"product_tag-taille-douce","40":"product_tag-thucydide","41":"product_tag-thucydides","43":"first","44":"instock","45":"shipping-taxable","46":"purchasable","47":"product-type-simple"},"_links":{"self":[{"href":"https:\/\/artculture6.com\/index.php\/wp-json\/wp\/v2\/product\/2085","targetHints":{"allow":["GET"]}}],"collection":[{"href":"https:\/\/artculture6.com\/index.php\/wp-json\/wp\/v2\/product"}],"about":[{"href":"https:\/\/artculture6.com\/index.php\/wp-json\/wp\/v2\/types\/product"}],"replies":[{"embeddable":true,"href":"https:\/\/artculture6.com\/index.php\/wp-json\/wp\/v2\/comments?post=2085"}],"wp:featuredmedia":[{"embeddable":true,"href":"https:\/\/artculture6.com\/index.php\/wp-json\/wp\/v2\/media\/2086"}],"wp:attachment":[{"href":"https:\/\/artculture6.com\/index.php\/wp-json\/wp\/v2\/media?parent=2085"}],"wp:term":[{"taxonomy":"product_brand","embeddable":true,"href":"https:\/\/artculture6.com\/index.php\/wp-json\/wp\/v2\/product_brand?post=2085"},{"taxonomy":"product_cat","embeddable":true,"href":"https:\/\/artculture6.com\/index.php\/wp-json\/wp\/v2\/product_cat?post=2085"},{"taxonomy":"product_tag","embeddable":true,"href":"https:\/\/artculture6.com\/index.php\/wp-json\/wp\/v2\/product_tag?post=2085"}],"curies":[{"name":"wp","href":"https:\/\/api.w.org\/{rel}","templated":true}]}}