{"id":2081,"date":"2026-04-13T19:31:33","date_gmt":"2026-04-13T17:31:33","guid":{"rendered":"https:\/\/artculture6.com\/?post_type=product&#038;p=2081"},"modified":"2026-04-13T19:31:33","modified_gmt":"2026-04-13T17:31:33","slug":"moise-recevant-les-tables-de-la-loi-mont-sur-le-mont-sinai-gravure-xviiie","status":"publish","type":"product","link":"https:\/\/artculture6.com\/index.php\/product\/moise-recevant-les-tables-de-la-loi-mont-sur-le-mont-sinai-gravure-xviiie\/","title":{"rendered":"Mo\u00efse recevant les Tables de la Loi Mont sur le mont Sina\u00ef gravure XVIIIe"},"content":{"rendered":"<p><span style=\"font-size: x-large;\"><span style=\"font-family: Arial;\">R\u00e9f\u00e9rence\u00a0<\/span>5403-1R791<\/span><\/p>\n<div>\n<p data-start=\"632\" data-end=\"795\"><span style=\"font-size: x-large;\">Gravure ancienne authentique vignette du XVIIIe si\u00e8cle, r\u00e9alis\u00e9e au burin, repr\u00e9sentant Mo\u00efse recevant les Tables de la Loi.<\/span><\/p>\n<p data-start=\"797\" data-end=\"968\"><span style=\"font-size: x-large;\">Tr\u00e8s belle qualit\u00e9 d\u2019ex\u00e9cution avec un travail fin des hachures et un model\u00e9 pr\u00e9cis des drap\u00e9s, caract\u00e9ristique des gravures d\u2019interpr\u00e9tation d\u2019apr\u00e8s les ma\u00eetres italiens.<\/span><\/p>\n<p data-start=\"970\" data-end=\"1083\"><span style=\"font-size: x-large;\">Tirage sur papier verg\u00e9 ancien (lignes et pontuseaux visibles au verso), garantissant l\u2019anciennet\u00e9 de la feuille.<\/span><\/p>\n<p data-start=\"1204\" data-end=\"1357\"><span style=\"font-size: x-large;\">Format : 13,8 cm \u00d7 8,9 cm<br data-start=\"1226\" data-end=\"1229\" \/>Technique : burin (taille-douce)<br data-start=\"1286\" data-end=\"1289\" \/>\u00c9tat : bon \u00e9tat g\u00e9n\u00e9ral, feuille anciennement recoup\u00e9e (voir photos)<\/span><\/p>\n<\/div>\n","protected":false},"excerpt":{"rendered":"<p>gravure ancienne, burin, XVIIIe si\u00e8cle, gravure religieuse, Mo\u00efse, bible ancienne, taille douce, papier verg\u00e9, estampe ancienne, art religieux, gravure baroque, collection estampe, antiquit\u00e9 papier, old engraving, biblical art<\/p>\n","protected":false},"featured_media":2082,"comment_status":"open","ping_status":"closed","template":"","meta":[],"product_brand":[],"product_cat":[511,350],"product_tag":[736,1346,1352,737,150,847,644,1341,1351,1224,1349,1348,1354,148,1350,154,1347,1342,1340,1343,1097,732,1345,1344,808,1353],"class_list":{"0":"post-2081","1":"product","2":"type-product","3":"status-publish","4":"has-post-thumbnail","6":"product_cat-gravures-anciennes","7":"product_cat-mythes-religions-esoterisme","8":"product_tag-18th-century-engraving","9":"product_tag-ancien-testament","10":"product_tag-antique-artwork","11":"product_tag-antique-print","12":"product_tag-art-religieux","13":"product_tag-bible","14":"product_tag-biblical-engraving","15":"product_tag-burin","16":"product_tag-collector-print","17":"product_tag-decorative-print","18":"product_tag-ecole-francaise","19":"product_tag-ecole-italienne","20":"product_tag-engraving-burin","21":"product_tag-estampe-ancienne","22":"product_tag-fine-engraving","23":"product_tag-gravure-ancienne","24":"product_tag-gravure-baroque","25":"product_tag-gravure-religieuse","26":"product_tag-gravure-xviiie","27":"product_tag-moise","28":"product_tag-old-engraving","29":"product_tag-papier-verge","30":"product_tag-scene-biblique","31":"product_tag-tables-de-la-loi","32":"product_tag-taille-douce","33":"product_tag-vintage-religious-art","35":"first","36":"instock","37":"shipping-taxable","38":"purchasable","39":"product-type-simple"},"_links":{"self":[{"href":"https:\/\/artculture6.com\/index.php\/wp-json\/wp\/v2\/product\/2081","targetHints":{"allow":["GET"]}}],"collection":[{"href":"https:\/\/artculture6.com\/index.php\/wp-json\/wp\/v2\/product"}],"about":[{"href":"https:\/\/artculture6.com\/index.php\/wp-json\/wp\/v2\/types\/product"}],"replies":[{"embeddable":true,"href":"https:\/\/artculture6.com\/index.php\/wp-json\/wp\/v2\/comments?post=2081"}],"wp:featuredmedia":[{"embeddable":true,"href":"https:\/\/artculture6.com\/index.php\/wp-json\/wp\/v2\/media\/2082"}],"wp:attachment":[{"href":"https:\/\/artculture6.com\/index.php\/wp-json\/wp\/v2\/media?parent=2081"}],"wp:term":[{"taxonomy":"product_brand","embeddable":true,"href":"https:\/\/artculture6.com\/index.php\/wp-json\/wp\/v2\/product_brand?post=2081"},{"taxonomy":"product_cat","embeddable":true,"href":"https:\/\/artculture6.com\/index.php\/wp-json\/wp\/v2\/product_cat?post=2081"},{"taxonomy":"product_tag","embeddable":true,"href":"https:\/\/artculture6.com\/index.php\/wp-json\/wp\/v2\/product_tag?post=2081"}],"curies":[{"name":"wp","href":"https:\/\/api.w.org\/{rel}","templated":true}]}}