{"id":2072,"date":"2026-04-12T15:49:42","date_gmt":"2026-04-12T13:49:42","guid":{"rendered":"https:\/\/artculture6.com\/?post_type=product&#038;p=2072"},"modified":"2026-04-12T15:49:43","modified_gmt":"2026-04-12T13:49:43","slug":"guillaumes-vallee-du-var-lithographie-1864-alpes-maritimes-provence-france","status":"publish","type":"product","link":"https:\/\/artculture6.com\/index.php\/product\/guillaumes-vallee-du-var-lithographie-1864-alpes-maritimes-provence-france\/","title":{"rendered":"Guillaumes vall\u00e9e du Var lithographie 1864 Alpes-Maritimes Provence France"},"content":{"rendered":"<p style=\"font-weight: 400;\">R\u00e9f\u00e9rence\u00a0B3337R791<\/p>\n<p style=\"font-weight: 400;\" data-start=\"98\" data-end=\"289\">Je vous propose cette belle lithographie de 1864 repr\u00e9sentant\u00a0<span data-start=\"111\" data-end=\"125\">Guillaumes<\/span>, dans la vall\u00e9e du Var (Alpes-Maritimes).<\/p>\n<p style=\"font-weight: 400;\" data-start=\"258\" data-end=\"588\">La composition est particuli\u00e8rement forte : au premier plan, les rives du Var avec galets et v\u00e9g\u00e9tation encadrent la sc\u00e8ne, tandis qu\u2019\u00e0 droite un spectaculaire rocher perc\u00e9 attire imm\u00e9diatement le regard. En arri\u00e8re-plan, le village de Guillaumes se d\u00e9veloppe au pied des reliefs, domin\u00e9 par son ch\u00e2teau perch\u00e9 sur un promontoire.<\/p>\n<p style=\"font-weight: 400;\" data-start=\"590\" data-end=\"743\">L\u2019ensemble offre une vision tr\u00e8s pittoresque et th\u00e9\u00e2trale de la vall\u00e9e du Var, typique du regard romantique port\u00e9 sur les paysages alpins au XIXe si\u00e8cle.<\/p>\n<p style=\"font-weight: 400;\" data-start=\"658\" data-end=\"1048\">Dimensions de la feuille\u00a0:\u00a042\u00a0cm \u00d7 31,5\u00a0cm\u00a0\u00a0dimensions de la gravure seule :\u00a031,8\u00a0cm \u00d7\u00a023,4 cm.<\/p>\n","protected":false},"excerpt":{"rendered":"<p>Vue ancienne de Guillaumes (vall\u00e9e du Var).<br data-start=\"1352\" data-end=\"1355\" \/>Lithographie XIXe d\u2019apr\u00e8s F\u00e9lix Benoist (<em data-start=\"1396\" data-end=\"1412\">Nice et Savoie<\/em>).<br data-start=\"1414\" data-end=\"1417\" \/>Tr\u00e8s belle composition alpine.<\/p>\n","protected":false},"featured_media":2073,"comment_status":"open","ping_status":"closed","template":"","meta":[],"product_brand":[],"product_cat":[390,521,554],"product_tag":[998,1174,997,737,1339,935,1326,834,1324,154,1337,921,1327,819,822,1328,1338,1330,1022],"class_list":{"0":"post-2072","1":"product","2":"type-product","3":"status-publish","4":"has-post-thumbnail","6":"product_cat-alpes-maritimes","7":"product_cat-gravures-xix-siecle","8":"product_cat-lithographie","9":"product_tag-19th-century-print","10":"product_tag-alpes-maritimes","11":"product_tag-antique-lithograph","12":"product_tag-antique-print","13":"product_tag-chateau-perche","14":"product_tag-collection-gravure","15":"product_tag-decor-mural","16":"product_tag-felix-benoist","17":"product_tag-french-riviera-hinterland","18":"product_tag-gravure-ancienne","19":"product_tag-guillaumes","20":"product_tag-lithographie-xixe","21":"product_tag-montagne-france","22":"product_tag-nice-et-savoie","23":"product_tag-paysage-alpin","24":"product_tag-provence-alpes-cote-d-azur","25":"product_tag-rocher-perce","26":"product_tag-vallee-du-var","27":"product_tag-vintage-print","29":"first","30":"instock","31":"shipping-taxable","32":"purchasable","33":"product-type-simple"},"_links":{"self":[{"href":"https:\/\/artculture6.com\/index.php\/wp-json\/wp\/v2\/product\/2072","targetHints":{"allow":["GET"]}}],"collection":[{"href":"https:\/\/artculture6.com\/index.php\/wp-json\/wp\/v2\/product"}],"about":[{"href":"https:\/\/artculture6.com\/index.php\/wp-json\/wp\/v2\/types\/product"}],"replies":[{"embeddable":true,"href":"https:\/\/artculture6.com\/index.php\/wp-json\/wp\/v2\/comments?post=2072"}],"wp:featuredmedia":[{"embeddable":true,"href":"https:\/\/artculture6.com\/index.php\/wp-json\/wp\/v2\/media\/2073"}],"wp:attachment":[{"href":"https:\/\/artculture6.com\/index.php\/wp-json\/wp\/v2\/media?parent=2072"}],"wp:term":[{"taxonomy":"product_brand","embeddable":true,"href":"https:\/\/artculture6.com\/index.php\/wp-json\/wp\/v2\/product_brand?post=2072"},{"taxonomy":"product_cat","embeddable":true,"href":"https:\/\/artculture6.com\/index.php\/wp-json\/wp\/v2\/product_cat?post=2072"},{"taxonomy":"product_tag","embeddable":true,"href":"https:\/\/artculture6.com\/index.php\/wp-json\/wp\/v2\/product_tag?post=2072"}],"curies":[{"name":"wp","href":"https:\/\/api.w.org\/{rel}","templated":true}]}}