{"id":2054,"date":"2026-04-12T15:21:48","date_gmt":"2026-04-12T13:21:48","guid":{"rendered":"https:\/\/artculture6.com\/?post_type=product&#038;p=2054"},"modified":"2026-04-12T15:22:24","modified_gmt":"2026-04-12T13:22:24","slug":"reference-b3335r791-je-vous-propose-cette-belle-lithographie-de-1864-representant-saint-sauveur-sur-tinee-dans-la-vallee-de-la-tinee-alpes-maritimes-la-composition-est-particulierement-reussie","status":"publish","type":"product","link":"https:\/\/artculture6.com\/index.php\/product\/reference-b3335r791-je-vous-propose-cette-belle-lithographie-de-1864-representant-saint-sauveur-sur-tinee-dans-la-vallee-de-la-tinee-alpes-maritimes-la-composition-est-particulierement-reussie\/","title":{"rendered":"Saint-Sauveur-sur-Tin\u00e9e lithographie 1864 Alpes-Maritimes Provence France"},"content":{"rendered":"<p style=\"font-weight: 400;\">R\u00e9f\u00e9rence\u00a0B3335R791<\/p>\n<p style=\"font-weight: 400;\" data-start=\"98\" data-end=\"289\">Je vous propose cette belle lithographie de 1864 repr\u00e9sentant \u00a0<span data-start=\"114\" data-end=\"141\">Saint-Sauveur-sur-Tin\u00e9e<\/span>, dans la vall\u00e9e de la Tin\u00e9e (Alpes-Maritimes).<\/p>\n<p style=\"font-weight: 400;\" data-start=\"271\" data-end=\"629\">La composition est particuli\u00e8rement r\u00e9ussie : depuis un point de vue en hauteur, le regard plonge vers le village install\u00e9 au bord de la Tin\u00e9e, dont le cours sinueux structure toute la sc\u00e8ne. Le premier plan, anim\u00e9 de figures et de sc\u00e8nes rurales, cr\u00e9e une profondeur remarquable et conduit naturellement vers le bourg et les reliefs montagneux environnants.<\/p>\n<p style=\"font-weight: 400;\" data-start=\"631\" data-end=\"819\">Cette vue illustre avec pr\u00e9cision le caract\u00e8re encore sauvage et isol\u00e9 de la vall\u00e9e au XIXe si\u00e8cle, avec un \u00e9quilibre tr\u00e8s fin entre observation topographique et mise en sc\u00e8ne pittoresque.<\/p>\n<p style=\"font-weight: 400;\" data-start=\"658\" data-end=\"1048\">Dimensions de la feuille\u00a0:\u00a042\u00a0\u00a0cm \u00d7 31,5\u00a0cm\u00a0\u00a0dimensions de la gravure seule :\u00a032\u00a0cm \u00d7\u00a023,5 cm.<\/p>\n","protected":false},"excerpt":{"rendered":"<p>Vue ancienne de Saint-Sauveur-sur-Tin\u00e9e (Alpes-Maritimes).<br data-start=\"1427\" data-end=\"1430\" \/>Lithographie XIXe d\u2019apr\u00e8s F\u00e9lix Benoist (<em data-start=\"1471\" data-end=\"1487\">Nice et Savoie<\/em>).<br data-start=\"1489\" data-end=\"1492\" \/>Paysage alpin tr\u00e8s d\u00e9coratif.<\/p>\n","protected":false},"featured_media":2055,"comment_status":"open","ping_status":"closed","template":"","meta":[],"product_brand":[],"product_cat":[390,511,521,554],"product_tag":[998,1174,997,737,935,1326,834,1324,154,921,1327,819,822,1328,1333,1334,1335,1022],"class_list":{"0":"post-2054","1":"product","2":"type-product","3":"status-publish","4":"has-post-thumbnail","6":"product_cat-alpes-maritimes","7":"product_cat-gravures-anciennes","8":"product_cat-gravures-xix-siecle","9":"product_cat-lithographie","10":"product_tag-19th-century-print","11":"product_tag-alpes-maritimes","12":"product_tag-antique-lithograph","13":"product_tag-antique-print","14":"product_tag-collection-gravure","15":"product_tag-decor-mural","16":"product_tag-felix-benoist","17":"product_tag-french-riviera-hinterland","18":"product_tag-gravure-ancienne","19":"product_tag-lithographie-xixe","20":"product_tag-montagne-france","21":"product_tag-nice-et-savoie","22":"product_tag-paysage-alpin","23":"product_tag-provence-alpes-cote-d-azur","24":"product_tag-saint-sauveur-sur-tinee","25":"product_tag-tinee","26":"product_tag-village-montagne","27":"product_tag-vintage-print","29":"first","30":"instock","31":"shipping-taxable","32":"purchasable","33":"product-type-simple"},"_links":{"self":[{"href":"https:\/\/artculture6.com\/index.php\/wp-json\/wp\/v2\/product\/2054","targetHints":{"allow":["GET"]}}],"collection":[{"href":"https:\/\/artculture6.com\/index.php\/wp-json\/wp\/v2\/product"}],"about":[{"href":"https:\/\/artculture6.com\/index.php\/wp-json\/wp\/v2\/types\/product"}],"replies":[{"embeddable":true,"href":"https:\/\/artculture6.com\/index.php\/wp-json\/wp\/v2\/comments?post=2054"}],"wp:featuredmedia":[{"embeddable":true,"href":"https:\/\/artculture6.com\/index.php\/wp-json\/wp\/v2\/media\/2055"}],"wp:attachment":[{"href":"https:\/\/artculture6.com\/index.php\/wp-json\/wp\/v2\/media?parent=2054"}],"wp:term":[{"taxonomy":"product_brand","embeddable":true,"href":"https:\/\/artculture6.com\/index.php\/wp-json\/wp\/v2\/product_brand?post=2054"},{"taxonomy":"product_cat","embeddable":true,"href":"https:\/\/artculture6.com\/index.php\/wp-json\/wp\/v2\/product_cat?post=2054"},{"taxonomy":"product_tag","embeddable":true,"href":"https:\/\/artculture6.com\/index.php\/wp-json\/wp\/v2\/product_tag?post=2054"}],"curies":[{"name":"wp","href":"https:\/\/api.w.org\/{rel}","templated":true}]}}