{"id":2044,"date":"2026-04-12T15:07:56","date_gmt":"2026-04-12T13:07:56","guid":{"rendered":"https:\/\/artculture6.com\/?post_type=product&#038;p=2044"},"modified":"2026-04-12T15:07:56","modified_gmt":"2026-04-12T13:07:56","slug":"touet-de-beuil-lithographie-1864-alpes-maritimes-provence-alpes-cote-dazur","status":"publish","type":"product","link":"https:\/\/artculture6.com\/index.php\/product\/touet-de-beuil-lithographie-1864-alpes-maritimes-provence-alpes-cote-dazur\/","title":{"rendered":"Tou\u00ebt-de-Beuil lithographie 1864 Alpes-Maritimes Provence Alpes C\u00f4te d&rsquo;Azur"},"content":{"rendered":"<p style=\"font-weight: 400;\">R\u00e9f\u00e9rence\u00a0B3334R791<\/p>\n<p style=\"font-weight: 400;\" data-start=\"98\" data-end=\"289\">Je vous propose cette belle lithographie de 1864 repr\u00e9sentant\u00a0<span data-start=\"94\" data-end=\"112\">Tou\u00ebt-de-Beuil<\/span>, pr\u00e8s de Puget-Th\u00e9niers, dans les Alpes-Maritimes.<\/p>\n<p style=\"font-weight: 400;\" data-start=\"240\" data-end=\"553\">La composition est particuli\u00e8rement spectaculaire : au premier plan, un chemin escarp\u00e9 et un pont de pierre franchissant un torrent guident le regard vers le village perch\u00e9. Celui-ci s\u2019organise autour de ses constructions en hauteur, domin\u00e9es par des reliefs abrupts et anim\u00e9es par une cascade traversant le site.<\/p>\n<p style=\"font-weight: 400;\" data-start=\"555\" data-end=\"722\">L\u2019ensemble offre une vision tr\u00e8s pittoresque et dynamique de l\u2019arri\u00e8re-pays ni\u00e7ois, m\u00ealant architecture, eau et montagne dans une mise en sc\u00e8ne typique du XIXe si\u00e8cle.<\/p>\n<p style=\"font-weight: 400;\" data-start=\"658\" data-end=\"1048\">Dimensions de la feuille\u00a0:\u00a043,9\u00a0\u00a0cm \u00d7 29,8\u00a0cm\u00a0\u00a0dimensions de la gravure seule :\u00a031,5\u00a0cm \u00d7\u00a023,8 cm.<\/p>\n","protected":false},"excerpt":{"rendered":"<p>Vue ancienne de Tou\u00ebt-de-Beuil pr\u00e8s de Puget-Th\u00e9niers.<br data-start=\"1353\" data-end=\"1356\" \/>Lithographie XIXe d\u2019apr\u00e8s F\u00e9lix Benoist (<em data-start=\"1397\" data-end=\"1413\">Nice et Savoie<\/em>).<br data-start=\"1415\" data-end=\"1418\" \/>Tr\u00e8s belle sc\u00e8ne alpine anim\u00e9e.<\/p>\n","protected":false},"featured_media":2045,"comment_status":"open","ping_status":"closed","template":"","meta":[],"product_brand":[],"product_cat":[390,521,554],"product_tag":[998,1174,997,737,1290,935,1326,834,1324,154,921,1327,819,822,1328,1329,1331,1332,1022],"class_list":{"0":"post-2044","1":"product","2":"type-product","3":"status-publish","4":"has-post-thumbnail","6":"product_cat-alpes-maritimes","7":"product_cat-gravures-xix-siecle","8":"product_cat-lithographie","9":"product_tag-19th-century-print","10":"product_tag-alpes-maritimes","11":"product_tag-antique-lithograph","12":"product_tag-antique-print","13":"product_tag-cascade","14":"product_tag-collection-gravure","15":"product_tag-decor-mural","16":"product_tag-felix-benoist","17":"product_tag-french-riviera-hinterland","18":"product_tag-gravure-ancienne","19":"product_tag-lithographie-xixe","20":"product_tag-montagne-france","21":"product_tag-nice-et-savoie","22":"product_tag-paysage-alpin","23":"product_tag-provence-alpes-cote-d-azur","24":"product_tag-puget-theniers","25":"product_tag-touet-de-beuil","26":"product_tag-village-perche","27":"product_tag-vintage-print","29":"first","30":"instock","31":"shipping-taxable","32":"purchasable","33":"product-type-simple"},"_links":{"self":[{"href":"https:\/\/artculture6.com\/index.php\/wp-json\/wp\/v2\/product\/2044","targetHints":{"allow":["GET"]}}],"collection":[{"href":"https:\/\/artculture6.com\/index.php\/wp-json\/wp\/v2\/product"}],"about":[{"href":"https:\/\/artculture6.com\/index.php\/wp-json\/wp\/v2\/types\/product"}],"replies":[{"embeddable":true,"href":"https:\/\/artculture6.com\/index.php\/wp-json\/wp\/v2\/comments?post=2044"}],"wp:featuredmedia":[{"embeddable":true,"href":"https:\/\/artculture6.com\/index.php\/wp-json\/wp\/v2\/media\/2045"}],"wp:attachment":[{"href":"https:\/\/artculture6.com\/index.php\/wp-json\/wp\/v2\/media?parent=2044"}],"wp:term":[{"taxonomy":"product_brand","embeddable":true,"href":"https:\/\/artculture6.com\/index.php\/wp-json\/wp\/v2\/product_brand?post=2044"},{"taxonomy":"product_cat","embeddable":true,"href":"https:\/\/artculture6.com\/index.php\/wp-json\/wp\/v2\/product_cat?post=2044"},{"taxonomy":"product_tag","embeddable":true,"href":"https:\/\/artculture6.com\/index.php\/wp-json\/wp\/v2\/product_tag?post=2044"}],"curies":[{"name":"wp","href":"https:\/\/api.w.org\/{rel}","templated":true}]}}