{"id":2025,"date":"2026-04-12T14:26:13","date_gmt":"2026-04-12T12:26:13","guid":{"rendered":"https:\/\/artculture6.com\/?post_type=product&#038;p=2025"},"modified":"2026-04-12T14:26:13","modified_gmt":"2026-04-12T12:26:13","slug":"roquesteron-lithographie-1864-alpes-maritimes-provence-alpes-cote-dazur-france","status":"publish","type":"product","link":"https:\/\/artculture6.com\/index.php\/product\/roquesteron-lithographie-1864-alpes-maritimes-provence-alpes-cote-dazur-france\/","title":{"rendered":"ROQUESTERON lithographie 1864 Alpes-Maritimes Provence Alpes C\u00f4te d&rsquo;Azur France"},"content":{"rendered":"<p style=\"font-weight: 400;\">R\u00e9f\u00e9rence\u00a0B3333R791<\/p>\n<p style=\"font-weight: 400;\" data-start=\"98\" data-end=\"289\">Je vous propose cette belle lithographie de 1864 repr\u00e9sentant\u00a0<span data-start=\"139\" data-end=\"154\">Roquest\u00e9ron<\/span>, dans la vall\u00e9e de l\u2019Est\u00e9ron (Alpes-Maritimes).<\/p>\n<p style=\"font-weight: 400;\" data-start=\"291\" data-end=\"661\">La composition est particuli\u00e8rement \u00e9quilibr\u00e9e et typique des grandes vues topographiques de l\u2019\u00e9poque : le village s\u2019organise autour de son promontoire rocheux domin\u00e9 par une tour, tandis que la rivi\u00e8re serpente au premier plan, anim\u00e9e par des figures et sc\u00e8nes rurales. \u00c0 l\u2019arri\u00e8re-plan, les reliefs escarp\u00e9s de la vall\u00e9e encadrent la sc\u00e8ne et renforcent la profondeur.<\/p>\n<p style=\"font-weight: 400;\" data-start=\"663\" data-end=\"826\">Cette vue illustre parfaitement le caract\u00e8re pittoresque et encore sauvage de l\u2019arri\u00e8re-pays ni\u00e7ois au moment de son int\u00e9gration r\u00e9cente \u00e0 la France (ann\u00e9es 1860).<\/p>\n<p style=\"font-weight: 400;\" data-start=\"658\" data-end=\"1048\">Dimensions de la feuille\u00a0:\u00a042\u00a0\u00a0cm \u00d7\u00a031\u00a0cm\u00a0\u00a0dimensions de la gravure seule :\u00a031,8\u00a0cm \u00d7\u00a022,5 cm.<\/p>\n","protected":false},"excerpt":{"rendered":"<p>Superbe vue de Roquest\u00e9ron (vall\u00e9e de l\u2019Est\u00e9ron).<br data-start=\"1472\" data-end=\"1475\" \/>Lithographie XIXe d\u2019apr\u00e8s F\u00e9lix Benoist (<em data-start=\"1516\" data-end=\"1532\">Nice et Savoie<\/em>).<br data-start=\"1534\" data-end=\"1537\" \/>Paysage alpin tr\u00e8s d\u00e9coratif et recherch\u00e9.<\/p>\n","protected":false},"featured_media":2026,"comment_status":"open","ping_status":"closed","template":"","meta":[],"product_brand":[],"product_cat":[390,521,554],"product_tag":[998,1174,1028,997,737,1323,935,1326,1322,834,1324,154,921,1327,819,822,1328,1321,1325,1022],"class_list":{"0":"post-2025","1":"product","2":"type-product","3":"status-publish","4":"has-post-thumbnail","6":"product_cat-alpes-maritimes","7":"product_cat-gravures-xix-siecle","8":"product_cat-lithographie","9":"product_tag-19th-century-print","10":"product_tag-alpes-maritimes","11":"product_tag-alpine-village","12":"product_tag-antique-lithograph","13":"product_tag-antique-print","14":"product_tag-arriere-pays-nicois","15":"product_tag-collection-gravure","16":"product_tag-decor-mural","17":"product_tag-esteron","18":"product_tag-felix-benoist","19":"product_tag-french-riviera-hinterland","20":"product_tag-gravure-ancienne","21":"product_tag-lithographie-xixe","22":"product_tag-montagne-france","23":"product_tag-nice-et-savoie","24":"product_tag-paysage-alpin","25":"product_tag-provence-alpes-cote-d-azur","26":"product_tag-roquesteron","27":"product_tag-village-ancien","28":"product_tag-vintage-print","30":"first","31":"instock","32":"shipping-taxable","33":"purchasable","34":"product-type-simple"},"_links":{"self":[{"href":"https:\/\/artculture6.com\/index.php\/wp-json\/wp\/v2\/product\/2025","targetHints":{"allow":["GET"]}}],"collection":[{"href":"https:\/\/artculture6.com\/index.php\/wp-json\/wp\/v2\/product"}],"about":[{"href":"https:\/\/artculture6.com\/index.php\/wp-json\/wp\/v2\/types\/product"}],"replies":[{"embeddable":true,"href":"https:\/\/artculture6.com\/index.php\/wp-json\/wp\/v2\/comments?post=2025"}],"wp:featuredmedia":[{"embeddable":true,"href":"https:\/\/artculture6.com\/index.php\/wp-json\/wp\/v2\/media\/2026"}],"wp:attachment":[{"href":"https:\/\/artculture6.com\/index.php\/wp-json\/wp\/v2\/media?parent=2025"}],"wp:term":[{"taxonomy":"product_brand","embeddable":true,"href":"https:\/\/artculture6.com\/index.php\/wp-json\/wp\/v2\/product_brand?post=2025"},{"taxonomy":"product_cat","embeddable":true,"href":"https:\/\/artculture6.com\/index.php\/wp-json\/wp\/v2\/product_cat?post=2025"},{"taxonomy":"product_tag","embeddable":true,"href":"https:\/\/artculture6.com\/index.php\/wp-json\/wp\/v2\/product_tag?post=2025"}],"curies":[{"name":"wp","href":"https:\/\/api.w.org\/{rel}","templated":true}]}}