{"id":2017,"date":"2026-04-12T14:08:28","date_gmt":"2026-04-12T12:08:28","guid":{"rendered":"https:\/\/artculture6.com\/?post_type=product&#038;p=2017"},"modified":"2026-04-12T14:08:28","modified_gmt":"2026-04-12T12:08:28","slug":"nice-le-port-lithographie-1864-alpes-maritimes-provence-alpes-cote-dazur-france","status":"publish","type":"product","link":"https:\/\/artculture6.com\/index.php\/product\/nice-le-port-lithographie-1864-alpes-maritimes-provence-alpes-cote-dazur-france\/","title":{"rendered":"Nice le port lithographie 1864 Alpes-Maritimes Provence Alpes C\u00f4te d&rsquo;Azur France"},"content":{"rendered":"<p style=\"font-weight: 400;\">R\u00e9f\u00e9rence\u00a0B3331R791<\/p>\n<p style=\"font-weight: 400;\" data-start=\"71\" data-end=\"266\">Belle lithographie ancienne de 1864 repr\u00e9sentant le\u00a0<span data-start=\"110\" data-end=\"126\">port de Nice<\/span>, vue prise depuis la hauteur de l\u2019ancien Ch\u00e2teau.\u00a0Cette vue spectaculaire domine le port et la baie, avec une composition particuli\u00e8rement r\u00e9ussie : au premier plan, les rochers et personnages apportent profondeur et animation, tandis que le regard s\u2019ouvre sur les quais, les navires et la ville de Nice, avant de se prolonger vers le littoral m\u00e9diterran\u00e9en.<\/p>\n<p style=\"font-weight: 400;\" data-start=\"578\" data-end=\"884\">R\u00e9alis\u00e9e peu apr\u00e8s le rattachement de Nice \u00e0 la France (1860), cette lithographie constitue un t\u00e9moignage historique pr\u00e9cieux tout en offrant une forte qualit\u00e9 d\u00e9corative. L\u2019\u00e9quilibre entre paysage, architecture et activit\u00e9 maritime en fait une pi\u00e8ce embl\u00e9matique des vues de la C\u00f4te d\u2019Azur au XIXe si\u00e8cle.<\/p>\n<p style=\"font-weight: 400;\" data-start=\"658\" data-end=\"1048\">Dimensions de la feuille\u00a0:\u00a041,8\u00a0\u00a0cm \u00d7\u00a030,5 cm\u00a0\u00a0dimensions de la gravure seule :\u00a031,8\u00a0cm \u00d7\u00a022,5 cm\u00a0cm.<\/p>\n","protected":false},"excerpt":{"rendered":"<p>Superbe vue du port de Nice depuis le Ch\u00e2teau.<br data-start=\"1488\" data-end=\"1491\" \/>Lithographie XIXe d\u2019apr\u00e8s F\u00e9lix Benoist (<em data-start=\"1532\" data-end=\"1548\">Nice et Savoie<\/em>).<br data-start=\"1550\" data-end=\"1553\" \/>Tr\u00e8s d\u00e9coratif et recherch\u00e9.<\/p>\n","protected":false},"featured_media":2018,"comment_status":"open","ping_status":"closed","template":"","meta":[],"product_brand":[],"product_cat":[390,521,554],"product_tag":[998,1174,997,737,935,1314,1319,834,1173,154,921,1177,1313,1315,1316,1317,1312,1320,1022,1318],"class_list":{"0":"post-2017","1":"product","2":"type-product","3":"status-publish","4":"has-post-thumbnail","6":"product_cat-alpes-maritimes","7":"product_cat-gravures-xix-siecle","8":"product_cat-lithographie","9":"product_tag-19th-century-print","10":"product_tag-alpes-maritimes","11":"product_tag-antique-lithograph","12":"product_tag-antique-print","13":"product_tag-collection-gravure","14":"product_tag-cote-d-azur","15":"product_tag-decor-murale","16":"product_tag-felix-benoist","17":"product_tag-french-riviera","18":"product_tag-gravure-ancienne","19":"product_tag-lithographie-xixe","20":"product_tag-mediterranean-view","21":"product_tag-nice-france","22":"product_tag-nice-harbor","23":"product_tag-nice-old-view","24":"product_tag-paysage-maritime","25":"product_tag-port-de-nice","26":"product_tag-seaside-view","27":"product_tag-vintage-print","28":"product_tag-vue-de-nice","30":"first","31":"instock","32":"shipping-taxable","33":"purchasable","34":"product-type-simple"},"_links":{"self":[{"href":"https:\/\/artculture6.com\/index.php\/wp-json\/wp\/v2\/product\/2017","targetHints":{"allow":["GET"]}}],"collection":[{"href":"https:\/\/artculture6.com\/index.php\/wp-json\/wp\/v2\/product"}],"about":[{"href":"https:\/\/artculture6.com\/index.php\/wp-json\/wp\/v2\/types\/product"}],"replies":[{"embeddable":true,"href":"https:\/\/artculture6.com\/index.php\/wp-json\/wp\/v2\/comments?post=2017"}],"wp:featuredmedia":[{"embeddable":true,"href":"https:\/\/artculture6.com\/index.php\/wp-json\/wp\/v2\/media\/2018"}],"wp:attachment":[{"href":"https:\/\/artculture6.com\/index.php\/wp-json\/wp\/v2\/media?parent=2017"}],"wp:term":[{"taxonomy":"product_brand","embeddable":true,"href":"https:\/\/artculture6.com\/index.php\/wp-json\/wp\/v2\/product_brand?post=2017"},{"taxonomy":"product_cat","embeddable":true,"href":"https:\/\/artculture6.com\/index.php\/wp-json\/wp\/v2\/product_cat?post=2017"},{"taxonomy":"product_tag","embeddable":true,"href":"https:\/\/artculture6.com\/index.php\/wp-json\/wp\/v2\/product_tag?post=2017"}],"curies":[{"name":"wp","href":"https:\/\/api.w.org\/{rel}","templated":true}]}}