{"id":2010,"date":"2026-04-11T17:27:51","date_gmt":"2026-04-11T15:27:51","guid":{"rendered":"https:\/\/artculture6.com\/?post_type=product&#038;p=2010"},"modified":"2026-04-11T17:27:52","modified_gmt":"2026-04-11T15:27:52","slug":"carte-la-savoie-divisee-en-deux-departements-lithographie-1864-france-alpes","status":"publish","type":"product","link":"https:\/\/artculture6.com\/index.php\/product\/carte-la-savoie-divisee-en-deux-departements-lithographie-1864-france-alpes\/","title":{"rendered":"Carte LA SAVOIE DIVISEE EN DEUX DEPARTEMENTS lithographie 1864 France Alpes"},"content":{"rendered":"<p style=\"font-weight: 400;\">R\u00e9f\u00e9rence\u00a0B3330R791<\/p>\n<p style=\"font-weight: 400;\" data-start=\"525\" data-end=\"676\">Je vous propose cette grande lithographie ancienne repr\u00e9sentant\u00a0Grande carte ancienne repr\u00e9sentant la\u00a0<span data-start=\"580\" data-end=\"644\">Savoie divis\u00e9e en deux d\u00e9partements<\/span>, r\u00e9alis\u00e9e en 1864.<\/p>\n<p style=\"font-weight: 400;\" data-start=\"740\" data-end=\"1043\">Cette lithographie offre une lecture d\u00e9taill\u00e9e du territoire savoyard peu apr\u00e8s son rattachement \u00e0 la France (1860), avec une repr\u00e9sentation pr\u00e9cise des villes, routes, reliefs et limites administratives. Le lac L\u00e9man, les axes de communication et les principales localit\u00e9s y sont clairement identifi\u00e9s.<\/p>\n<p style=\"font-weight: 400;\" data-start=\"658\" data-end=\"1048\">L\u2019encadrement ornemental et la qualit\u00e9 d\u2019ex\u00e9cution en font \u00e0 la fois un document historique et une pi\u00e8ce d\u00e9corative de caract\u00e8re.<\/p>\n<p style=\"font-weight: 400;\" data-start=\"658\" data-end=\"1048\">Dimensions de la feuille\u00a0:\u00a044 cm \u00d7 31,2 cm\u00a0\u00a0dimensions de la gravure seule :\u00a034 cm \u00d7 25,5 cm.<\/p>\n<p>&nbsp;<\/p>\n","protected":false},"excerpt":{"rendered":"<p>Carte ancienne de la Savoie (1864), d\u2019apr\u00e8s F\u00e9lix Benoist.<br data-start=\"1851\" data-end=\"1854\" \/>Lithographie issue de <em data-start=\"1876\" data-end=\"1892\">Nice et Savoie<\/em>.<br data-start=\"1893\" data-end=\"1896\" \/>Int\u00e9r\u00eat historique et d\u00e9coratif.<\/p>\n","protected":false},"featured_media":2011,"comment_status":"open","ping_status":"closed","template":"","meta":[],"product_brand":[],"product_cat":[521,554,458],"product_tag":[1306,1305,1303,1302,1300,32,1310,1311,834,1307,921,1308,1301,819,1304,1309],"class_list":{"0":"post-2010","1":"product","2":"type-product","3":"status-publish","4":"has-post-thumbnail","6":"product_cat-gravures-xix-siecle","7":"product_cat-lithographie","8":"product_cat-savoie","9":"product_tag-1864-map","10":"product_tag-alpes-france","11":"product_tag-antique-map","12":"product_tag-carte-ancienne","13":"product_tag-carte-savoie","14":"product_tag-cartographie-ancienne","15":"product_tag-collection-carte","16":"product_tag-decor-murale-carte","17":"product_tag-felix-benoist","18":"product_tag-french-antique-map","19":"product_tag-lithographie-xixe","20":"product_tag-map-alps","21":"product_tag-map-savoy","22":"product_tag-nice-et-savoie","23":"product_tag-savoie-haute-savoie","24":"product_tag-savoy-map","26":"first","27":"instock","28":"shipping-taxable","29":"purchasable","30":"product-type-simple"},"_links":{"self":[{"href":"https:\/\/artculture6.com\/index.php\/wp-json\/wp\/v2\/product\/2010","targetHints":{"allow":["GET"]}}],"collection":[{"href":"https:\/\/artculture6.com\/index.php\/wp-json\/wp\/v2\/product"}],"about":[{"href":"https:\/\/artculture6.com\/index.php\/wp-json\/wp\/v2\/types\/product"}],"replies":[{"embeddable":true,"href":"https:\/\/artculture6.com\/index.php\/wp-json\/wp\/v2\/comments?post=2010"}],"wp:featuredmedia":[{"embeddable":true,"href":"https:\/\/artculture6.com\/index.php\/wp-json\/wp\/v2\/media\/2011"}],"wp:attachment":[{"href":"https:\/\/artculture6.com\/index.php\/wp-json\/wp\/v2\/media?parent=2010"}],"wp:term":[{"taxonomy":"product_brand","embeddable":true,"href":"https:\/\/artculture6.com\/index.php\/wp-json\/wp\/v2\/product_brand?post=2010"},{"taxonomy":"product_cat","embeddable":true,"href":"https:\/\/artculture6.com\/index.php\/wp-json\/wp\/v2\/product_cat?post=2010"},{"taxonomy":"product_tag","embeddable":true,"href":"https:\/\/artculture6.com\/index.php\/wp-json\/wp\/v2\/product_tag?post=2010"}],"curies":[{"name":"wp","href":"https:\/\/api.w.org\/{rel}","templated":true}]}}