{"id":201,"date":"2026-03-03T08:35:37","date_gmt":"2026-03-03T08:35:37","guid":{"rendered":"http:\/\/tbmglwe.cluster100.hosting.ovh.net\/?post_type=product&#038;p=201"},"modified":"2026-03-08T17:55:20","modified_gmt":"2026-03-08T17:55:20","slug":"collier-ancien-en-perles-millefiori-murrine-venise-probable-168-g-37-cm","status":"publish","type":"product","link":"https:\/\/artculture6.com\/index.php\/product\/collier-ancien-en-perles-millefiori-murrine-venise-probable-168-g-37-cm\/","title":{"rendered":"Collier ancien en perles millefiori murrine Venise probable 168 g 37 cm"},"content":{"rendered":"<p>R\u00e9f\u00e9rence 5398-2RBIJ<\/p>\n<p>Je vous propose ce grand collier\u00a0compos\u00e9 de perles en verre millefiori (technique dite de la murrine), pr\u00e9sentant une grande vari\u00e9t\u00e9 de modules cylindriques et tubulaires \u00e0 d\u00e9cor polychrome.<\/p>\n<p data-start=\"442\" data-end=\"669\">Les perles montrent des motifs floraux et concentriques typiques des productions europ\u00e9ennes destin\u00e9es au commerce africain \u00e0 la fin du XIXe si\u00e8cle et au d\u00e9but du XXe si\u00e8cle, probablement issues des ateliers v\u00e9nitiens (Murano).<\/p>\n<p data-start=\"671\" data-end=\"683\">On observe :<\/p>\n<p data-start=\"685\" data-end=\"904\">\u2013 cylindres bleus \u00e0 rosettes concentriques \u00e9tir\u00e9es<br data-start=\"735\" data-end=\"738\" \/>\u2013 modules floraux rouge, blanc et bleu int\u00e9gr\u00e9s dans la masse<br data-start=\"799\" data-end=\"802\" \/>\u2013 \u00e9l\u00e9ments verts et jaunes \u00e0 d\u00e9cor floral<br data-start=\"843\" data-end=\"846\" \/>\u2013 une grande perle courbe polychrome formant point focal<\/p>\n<p data-start=\"906\" data-end=\"1078\">Les d\u00e9cors sont r\u00e9alis\u00e9s par incorporation de cannes de verre millefiori, non peints.<br data-start=\"991\" data-end=\"994\" \/>Usure coh\u00e9rente avec l\u2019\u00e2ge : micro-\u00e9caillages, l\u00e9g\u00e8re patine au niveau des per\u00e7ages.<\/p>\n<p data-start=\"1080\" data-end=\"1115\">Montage ult\u00e9rieur sur lien textile.<\/p>\n<p data-start=\"1117\" data-end=\"1163\"><span data-start=\"1117\" data-end=\"1140\">Poids : 168 grammes<\/span><br data-start=\"1140\" data-end=\"1143\" \/><span data-start=\"1143\" data-end=\"1163\">Longueur : 37 cm<\/span><\/p>\n<p data-start=\"1165\" data-end=\"1311\">Ensemble d\u00e9coratif et authentique, int\u00e9ressant pour collectionneur de perles anciennes, d\u2019art africain ou d\u2019objets li\u00e9s au commerce euro-africain.<\/p>\n","protected":false},"excerpt":{"rendered":"<p>Collier en perles de verre millefiori (murrine), production europ\u00e9enne probable (Venise\/Murano), fin XIXe \u2013 d\u00e9but XXe si\u00e8cle. 168 g \u2013 37 cm. Montage ult\u00e9rieur.<\/p>\n","protected":false},"featured_media":202,"comment_status":"open","ping_status":"closed","template":"","meta":[],"product_brand":[],"product_cat":[206,199],"product_tag":[187],"class_list":{"0":"post-201","1":"product","2":"type-product","3":"status-publish","4":"has-post-thumbnail","6":"product_cat-italie","7":"product_cat-par-categories-2","8":"product_tag-millefiori-murrine-perles-de-traite-trade-beads-venise-murano-verre-ancien-collier-ancien-art-africain-art-tribal-xixe-siecle-commerce-africain-perles-anciennes","10":"first","11":"instock","12":"shipping-taxable","13":"purchasable","14":"product-type-simple"},"_links":{"self":[{"href":"https:\/\/artculture6.com\/index.php\/wp-json\/wp\/v2\/product\/201","targetHints":{"allow":["GET"]}}],"collection":[{"href":"https:\/\/artculture6.com\/index.php\/wp-json\/wp\/v2\/product"}],"about":[{"href":"https:\/\/artculture6.com\/index.php\/wp-json\/wp\/v2\/types\/product"}],"replies":[{"embeddable":true,"href":"https:\/\/artculture6.com\/index.php\/wp-json\/wp\/v2\/comments?post=201"}],"wp:featuredmedia":[{"embeddable":true,"href":"https:\/\/artculture6.com\/index.php\/wp-json\/wp\/v2\/media\/202"}],"wp:attachment":[{"href":"https:\/\/artculture6.com\/index.php\/wp-json\/wp\/v2\/media?parent=201"}],"wp:term":[{"taxonomy":"product_brand","embeddable":true,"href":"https:\/\/artculture6.com\/index.php\/wp-json\/wp\/v2\/product_brand?post=201"},{"taxonomy":"product_cat","embeddable":true,"href":"https:\/\/artculture6.com\/index.php\/wp-json\/wp\/v2\/product_cat?post=201"},{"taxonomy":"product_tag","embeddable":true,"href":"https:\/\/artculture6.com\/index.php\/wp-json\/wp\/v2\/product_tag?post=201"}],"curies":[{"name":"wp","href":"https:\/\/api.w.org\/{rel}","templated":true}]}}