{"id":2002,"date":"2026-04-11T16:56:35","date_gmt":"2026-04-11T14:56:35","guid":{"rendered":"https:\/\/artculture6.com\/?post_type=product&#038;p=2002"},"modified":"2026-04-11T16:56:35","modified_gmt":"2026-04-11T14:56:35","slug":"saint-jean-de-maurienne-savoie-lithographie-1864-france-alpes","status":"publish","type":"product","link":"https:\/\/artculture6.com\/index.php\/product\/saint-jean-de-maurienne-savoie-lithographie-1864-france-alpes\/","title":{"rendered":"SAINT JEAN DE MAURIENNE Savoie lithographie 1864 France Alpes"},"content":{"rendered":"<p style=\"font-weight: 400;\">R\u00e9f\u00e9rence\u00a0B3328R791<\/p>\n<p style=\"font-weight: 400;\" data-start=\"525\" data-end=\"676\">Je vous propose cette grande gravure ancienne repr\u00e9sentant\u00a0<span data-start=\"524\" data-end=\"560\">Saint-Jean-de-Maurienne (Savoie) vers 1864.<\/span><\/p>\n<p style=\"font-weight: 400;\" data-start=\"658\" data-end=\"1048\">Cette vue panoramique particuli\u00e8rement r\u00e9ussie offre une composition ample et \u00e9quilibr\u00e9e : au premier plan, un chemin anim\u00e9 et une chapelle en surplomb, ouvrant sur la ville et la vall\u00e9e de la Maurienne, encadr\u00e9e par les massifs alpins. L\u2019ensemble restitue avec pr\u00e9cision l\u2019organisation urbaine et le paysage montagneux, dans l\u2019esprit des grandes publications topographiques du XIXe si\u00e8cle.<\/p>\n<p style=\"font-weight: 400;\" data-start=\"1050\" data-end=\"1183\">La finesse du trait, les nuances d\u00e9licates et la mise en couleur subtile conf\u00e8rent \u00e0 cette lithographie une forte qualit\u00e9 d\u00e9corative.\u00a0Impression de belle qualit\u00e9 avec nuances subtiles et teinte d\u2019\u00e9poque caract\u00e9ristique. Dimensions de la feuille\u00a0:\u00a040,8 cm \u00d7 30,7 cm, dimensions de la gravure seule :\u00a030,6 \u00d7 21,2 cm<\/p>\n","protected":false},"excerpt":{"rendered":"<p>Belle vue panoramique de <strong data-start=\"1777\" data-end=\"1813\">Saint-Jean-de-Maurienne (Savoie)<\/strong> par F\u00e9lix Benoist.<br data-start=\"1832\" data-end=\"1835\" \/>Lithographie XIXe issue de <em data-start=\"1862\" data-end=\"1878\">Nice et Savoie<\/em>.<br data-start=\"1879\" data-end=\"1882\" \/>Tr\u00e8s d\u00e9coratif.<\/p>\n","protected":false},"featured_media":2003,"comment_status":"open","ping_status":"closed","template":"","meta":[],"product_brand":[],"product_cat":[521,554,458],"product_tag":[998,821,1053,737,1285,988,834,1283,154,921,1292,825,1291,822,1195,816,826,1293],"class_list":{"0":"post-2002","1":"product","2":"type-product","3":"status-publish","4":"has-post-thumbnail","6":"product_cat-gravures-xix-siecle","7":"product_cat-lithographie","8":"product_cat-savoie","9":"product_tag-19th-century-print","10":"product_tag-alpes","11":"product_tag-alps-landscape","12":"product_tag-antique-print","13":"product_tag-collection-savoie","14":"product_tag-deco-murale","15":"product_tag-felix-benoist","16":"product_tag-french-lithograph","17":"product_tag-gravure-ancienne","18":"product_tag-lithographie-xixe","19":"product_tag-maurienne","20":"product_tag-montagne","21":"product_tag-panorama-alpin","22":"product_tag-paysage-alpin","23":"product_tag-saint-jean-de-maurienne","24":"product_tag-savoie","25":"product_tag-savoie-ancienne","26":"product_tag-vue-panoramique","28":"first","29":"instock","30":"shipping-taxable","31":"purchasable","32":"product-type-simple"},"_links":{"self":[{"href":"https:\/\/artculture6.com\/index.php\/wp-json\/wp\/v2\/product\/2002","targetHints":{"allow":["GET"]}}],"collection":[{"href":"https:\/\/artculture6.com\/index.php\/wp-json\/wp\/v2\/product"}],"about":[{"href":"https:\/\/artculture6.com\/index.php\/wp-json\/wp\/v2\/types\/product"}],"replies":[{"embeddable":true,"href":"https:\/\/artculture6.com\/index.php\/wp-json\/wp\/v2\/comments?post=2002"}],"wp:featuredmedia":[{"embeddable":true,"href":"https:\/\/artculture6.com\/index.php\/wp-json\/wp\/v2\/media\/2003"}],"wp:attachment":[{"href":"https:\/\/artculture6.com\/index.php\/wp-json\/wp\/v2\/media?parent=2002"}],"wp:term":[{"taxonomy":"product_brand","embeddable":true,"href":"https:\/\/artculture6.com\/index.php\/wp-json\/wp\/v2\/product_brand?post=2002"},{"taxonomy":"product_cat","embeddable":true,"href":"https:\/\/artculture6.com\/index.php\/wp-json\/wp\/v2\/product_cat?post=2002"},{"taxonomy":"product_tag","embeddable":true,"href":"https:\/\/artculture6.com\/index.php\/wp-json\/wp\/v2\/product_tag?post=2002"}],"curies":[{"name":"wp","href":"https:\/\/api.w.org\/{rel}","templated":true}]}}