{"id":1995,"date":"2026-04-11T16:18:37","date_gmt":"2026-04-11T14:18:37","guid":{"rendered":"https:\/\/artculture6.com\/?post_type=product&#038;p=1995"},"modified":"2026-04-11T16:18:37","modified_gmt":"2026-04-11T14:18:37","slug":"village-dhery-pres-ugines-savoie-lithographie-1864-france-alpes","status":"publish","type":"product","link":"https:\/\/artculture6.com\/index.php\/product\/village-dhery-pres-ugines-savoie-lithographie-1864-france-alpes\/","title":{"rendered":"VILLAGE D\u2019HERY pr\u00e8s Ugines Savoie lithographie 1864 France Alpes"},"content":{"rendered":"<p style=\"font-weight: 400;\">R\u00e9f\u00e9rence\u00a0B3327R791<\/p>\n<p style=\"font-weight: 400;\" data-start=\"525\" data-end=\"676\">Superbe gravure ancienne repr\u00e9sentant le\u00a0<span data-start=\"566\" data-end=\"608\">Village d\u2019H\u00e9ry, pr\u00e8s d\u2019Ugines (Savoie).<\/span><\/p>\n<p style=\"font-weight: 400;\" data-start=\"678\" data-end=\"983\">Cette lithographie, r\u00e9alis\u00e9e d\u2019apr\u00e8s un dessin de\u00a0<span data-start=\"728\" data-end=\"745\">F\u00e9lix Benoist<\/span>, illustre avec pr\u00e9cision un village alpin typique, accroch\u00e9 \u00e0 flanc de montagne. La composition est particuli\u00e8rement remarquable par la pr\u00e9sence d\u2019une\u00a0<span data-start=\"897\" data-end=\"936\">cascade et d\u2019un ouvrage hydraulique<\/span>, apportant dynamisme et profondeur \u00e0 la sc\u00e8ne.<\/p>\n<p style=\"font-weight: 400;\" data-start=\"985\" data-end=\"1150\">L\u2019ensemble traduit parfaitement l\u2019esth\u00e9tique romantique du XIXe si\u00e8cle, m\u00ealant architecture traditionnelle savoyarde, relief montagneux et observation topographique.<\/p>\n<p style=\"font-weight: 400;\" data-end=\"372\" data-start=\"311\">Impression de belle qualit\u00e9 avec nuances subtiles et teinte d\u2019\u00e9poque caract\u00e9ristique. Dimensions de la feuille\u00a0:\u00a042 cm \u00d7 31,5 cm, dimensions de la gravure seule :\u00a032 \u00d7 23,7 cm<\/p>\n","protected":false},"excerpt":{"rendered":"<p>Gravure ancienne du <strong data-start=\"1748\" data-end=\"1775\">Village d\u2019H\u00e9ry (Savoie)<\/strong> par F\u00e9lix Benoist.<br data-start=\"1794\" data-end=\"1797\" \/>Lithographie XIXe, s\u00e9rie <em data-start=\"1822\" data-end=\"1838\">Nice et Savoie<\/em>.<\/p>\n","protected":false},"featured_media":1996,"comment_status":"open","ping_status":"closed","template":"","meta":[],"product_brand":[],"product_cat":[549,521,554],"product_tag":[998,821,1053,737,1290,1285,988,834,1283,154,1286,921,1143,169,816,826,1287,1289,1288],"class_list":{"0":"post-1995","1":"product","2":"type-product","3":"status-publish","4":"has-post-thumbnail","6":"product_cat-gravures-par-siecles","7":"product_cat-gravures-xix-siecle","8":"product_cat-lithographie","9":"product_tag-19th-century-print","10":"product_tag-alpes","11":"product_tag-alps-landscape","12":"product_tag-antique-print","13":"product_tag-cascade","14":"product_tag-collection-savoie","15":"product_tag-deco-murale","16":"product_tag-felix-benoist","17":"product_tag-french-lithograph","18":"product_tag-gravure-ancienne","19":"product_tag-gravure-topographique","20":"product_tag-lithographie-xixe","21":"product_tag-mountain-village","22":"product_tag-paysage-ancien","23":"product_tag-savoie","24":"product_tag-savoie-ancienne","25":"product_tag-ugines","26":"product_tag-village-alpin","27":"product_tag-village-d-hery","29":"first","30":"instock","31":"shipping-taxable","32":"purchasable","33":"product-type-simple"},"_links":{"self":[{"href":"https:\/\/artculture6.com\/index.php\/wp-json\/wp\/v2\/product\/1995","targetHints":{"allow":["GET"]}}],"collection":[{"href":"https:\/\/artculture6.com\/index.php\/wp-json\/wp\/v2\/product"}],"about":[{"href":"https:\/\/artculture6.com\/index.php\/wp-json\/wp\/v2\/types\/product"}],"replies":[{"embeddable":true,"href":"https:\/\/artculture6.com\/index.php\/wp-json\/wp\/v2\/comments?post=1995"}],"wp:featuredmedia":[{"embeddable":true,"href":"https:\/\/artculture6.com\/index.php\/wp-json\/wp\/v2\/media\/1996"}],"wp:attachment":[{"href":"https:\/\/artculture6.com\/index.php\/wp-json\/wp\/v2\/media?parent=1995"}],"wp:term":[{"taxonomy":"product_brand","embeddable":true,"href":"https:\/\/artculture6.com\/index.php\/wp-json\/wp\/v2\/product_brand?post=1995"},{"taxonomy":"product_cat","embeddable":true,"href":"https:\/\/artculture6.com\/index.php\/wp-json\/wp\/v2\/product_cat?post=1995"},{"taxonomy":"product_tag","embeddable":true,"href":"https:\/\/artculture6.com\/index.php\/wp-json\/wp\/v2\/product_tag?post=1995"}],"curies":[{"name":"wp","href":"https:\/\/api.w.org\/{rel}","templated":true}]}}