{"id":1988,"date":"2026-04-11T16:02:30","date_gmt":"2026-04-11T14:02:30","guid":{"rendered":"https:\/\/artculture6.com\/?post_type=product&#038;p=1988"},"modified":"2026-04-11T16:02:30","modified_gmt":"2026-04-11T14:02:30","slug":"la-chambre-savoie-1864-lithographie-ancienne-felix-benoist-france-alpes","status":"publish","type":"product","link":"https:\/\/artculture6.com\/index.php\/product\/la-chambre-savoie-1864-lithographie-ancienne-felix-benoist-france-alpes\/","title":{"rendered":"LA CHAMBRE Savoie 1864 lithographie ancienne F\u00e9lix Benoist France Alpes"},"content":{"rendered":"<p style=\"font-weight: 400;\">R\u00e9f\u00e9rence\u00a0B3326R791<\/p>\n<p style=\"font-weight: 400;\" data-end=\"372\" data-start=\"311\">Je vous propose cette lithographie ancienne repr\u00e9sentant\u00a0<span data-start=\"496\" data-end=\"519\">La Chambre (Savoie).<\/span><\/p>\n<p style=\"font-weight: 400;\" data-start=\"591\" data-end=\"843\">Cette lithographie, dat\u00e9e\u00a0<span data-start=\"617\" data-end=\"625\">1864<\/span>, est l\u2019\u0153uvre de\u00a0<span data-start=\"642\" data-end=\"659\">F\u00e9lix Benoist<\/span>, artiste reconnu pour ses vues topographiques d\u00e9taill\u00e9es et ses compositions paysag\u00e8res d\u2019une grande finesse. Elle a \u00e9t\u00e9 lithographi\u00e9e par\u00a0<span data-start=\"799\" data-end=\"811\">Sabatier<\/span>, comme indiqu\u00e9 dans la planche.<\/p>\n<p style=\"font-weight: 400;\" data-start=\"845\" data-end=\"1095\">La sc\u00e8ne offre une vue pittoresque de la vall\u00e9e avec ruines au premier plan, architecture locale et panorama alpin en arri\u00e8re-plan, illustrant parfaitement l\u2019esth\u00e9tique romantique du XIXe si\u00e8cle et l\u2019int\u00e9r\u00eat pour les paysages historiques et naturels.<\/p>\n<p style=\"font-weight: 400;\" data-end=\"372\" data-start=\"311\">L\u2019impression pr\u00e9sente un beau contraste et une l\u00e9g\u00e8re teinte d\u2019\u00e9poque, typique des lithographies anciennes. La Savoie fut officiellement annex\u00e9e \u00e0 la France en 1860, quelques ann\u00e9es seulement avant la r\u00e9alisation de cette lithographie, ce qui conf\u00e8re \u00e0 cette vue une importance particuli\u00e8re en tant que premi\u00e8re repr\u00e9sentation de la r\u00e9gion sous administration fran\u00e7aise.\u00a0Imprim\u00e9e sur papier v\u00e9lin fort.<\/p>\n<p style=\"font-weight: 400;\" data-end=\"372\" data-start=\"311\">Dimensions de la feuille\u00a0: 41,8 cm \u00d7 31,7 cm, dimensions de la gravure seule : 31,5 cm \u00d7 23 cm<\/p>\n","protected":false},"excerpt":{"rendered":"<p>Gravure ancienne de <strong data-start=\"1707\" data-end=\"1730\">La Chambre (Savoie)<\/strong> par F\u00e9lix Benoist, 1864.<br data-start=\"1755\" data-end=\"1758\" \/>Lithographie XIXe avec marges.<\/p>\n","protected":false},"featured_media":1989,"comment_status":"open","ping_status":"closed","template":"","meta":[],"product_brand":[],"product_cat":[549,521,554,458],"product_tag":[998,821,737,153,1285,988,834,1283,154,1286,1282,921,1055,819,822,169,1284,816,826],"class_list":{"0":"post-1988","1":"product","2":"type-product","3":"status-publish","4":"has-post-thumbnail","6":"product_cat-gravures-par-siecles","7":"product_cat-gravures-xix-siecle","8":"product_cat-lithographie","9":"product_cat-savoie","10":"product_tag-19th-century-print","11":"product_tag-alpes","12":"product_tag-antique-print","13":"product_tag-art-ancien","14":"product_tag-collection-savoie","15":"product_tag-deco-murale","16":"product_tag-felix-benoist","17":"product_tag-french-lithograph","18":"product_tag-gravure-ancienne","19":"product_tag-gravure-topographique","20":"product_tag-la-chambre","21":"product_tag-lithographie-xixe","22":"product_tag-mountain-view","23":"product_tag-nice-et-savoie","24":"product_tag-paysage-alpin","25":"product_tag-paysage-ancien","26":"product_tag-ruines","27":"product_tag-savoie","28":"product_tag-savoie-ancienne","30":"first","31":"instock","32":"shipping-taxable","33":"purchasable","34":"product-type-simple"},"_links":{"self":[{"href":"https:\/\/artculture6.com\/index.php\/wp-json\/wp\/v2\/product\/1988","targetHints":{"allow":["GET"]}}],"collection":[{"href":"https:\/\/artculture6.com\/index.php\/wp-json\/wp\/v2\/product"}],"about":[{"href":"https:\/\/artculture6.com\/index.php\/wp-json\/wp\/v2\/types\/product"}],"replies":[{"embeddable":true,"href":"https:\/\/artculture6.com\/index.php\/wp-json\/wp\/v2\/comments?post=1988"}],"wp:featuredmedia":[{"embeddable":true,"href":"https:\/\/artculture6.com\/index.php\/wp-json\/wp\/v2\/media\/1989"}],"wp:attachment":[{"href":"https:\/\/artculture6.com\/index.php\/wp-json\/wp\/v2\/media?parent=1988"}],"wp:term":[{"taxonomy":"product_brand","embeddable":true,"href":"https:\/\/artculture6.com\/index.php\/wp-json\/wp\/v2\/product_brand?post=1988"},{"taxonomy":"product_cat","embeddable":true,"href":"https:\/\/artculture6.com\/index.php\/wp-json\/wp\/v2\/product_cat?post=1988"},{"taxonomy":"product_tag","embeddable":true,"href":"https:\/\/artculture6.com\/index.php\/wp-json\/wp\/v2\/product_tag?post=1988"}],"curies":[{"name":"wp","href":"https:\/\/api.w.org\/{rel}","templated":true}]}}