{"id":1977,"date":"2026-04-10T20:43:30","date_gmt":"2026-04-10T18:43:30","guid":{"rendered":"https:\/\/artculture6.com\/?post_type=product&#038;p=1977"},"modified":"2026-04-10T20:43:40","modified_gmt":"2026-04-10T18:43:40","slug":"african-akan-style-bronze-gold-weight-box-crocodile-ghana-ashanti-tribal","status":"publish","type":"product","link":"https:\/\/artculture6.com\/index.php\/product\/african-akan-style-bronze-gold-weight-box-crocodile-ghana-ashanti-tribal\/","title":{"rendered":"African Akan Style Bronze Gold Weight Box Crocodile Ghana Ashanti Tribal"},"content":{"rendered":"<p><span style=\"font-size: x-large;\">R\u00e9f\u00e9rence B3325C907<\/span><\/p>\n<div><span style=\"font-size: x-large;\">Je vous propose cette\u00a0Bo\u00eete en bronze de style Akan africain avec un motif crocodile.<\/span><\/div>\n<div><span style=\"font-size: x-large;\">Cette bo\u00eete miniature en bronze finement coul\u00e9e s&rsquo;inspire de la culture traditionnelle de l&rsquo;or Akan (Ashanti) du Ghana et pr\u00e9sente un crocodile en relief saisissant sur son couvercle.<br \/>\n<\/span><\/div>\n<div><span style=\"font-size: x-large;\">Cette pi\u00e8ce refl\u00e8te le symbolisme animal pr\u00e9sent dans les poids \u00e0 or Akan et les objets apparent\u00e9s, o\u00f9 le crocodile repr\u00e9sente la puissance, la dualit\u00e9 et l&rsquo;adaptabilit\u00e9.<br \/>\n<\/span><\/div>\n<div><span style=\"font-size: x-large;\">Malgr\u00e9 sa petite taille, la bo\u00eete est massive et lourde. Sa riche patine ancienne et la texture de sa fonte apparente lui conf\u00e8rent un caract\u00e8re et une pr\u00e9sence remarquables..<br \/>\n<\/span><\/div>\n<div><span style=\"font-size: x-large;\">Il s&rsquo;agit d&rsquo;une pi\u00e8ce d\u00e9corative ou symbolique de style Akan, et non d&rsquo;un r\u00e9cipient fonctionnel \u00e0 parois fines destin\u00e9 au commerce de la poudre d&rsquo;or.<br \/>\n<\/span><\/div>\n<div>\n<div><span style=\"font-size: x-large;\">Longueur : 5 cm, l<\/span>argeur : 2,3 cm, hauteur : 2,3 cm, poids : 80 grammes<\/div>\n<div><span style=\"font-size: x-large;\">Mat\u00e9riau : bronze coul\u00e9.\u00a0<\/span>Origine : Afrique de l\u2019Ouest.\u00a0P\u00e9riode : XXe si\u00e8cle<\/div>\n<\/div>\n","protected":false},"excerpt":{"rendered":"<p>Small African Akan-style bronze box with crocodile motif.<br data-start=\"2103\" data-end=\"2106\" \/>Solid cast, heavy for size, with aged patina.<br data-start=\"2151\" data-end=\"2154\" \/>20th century decorative piece inspired by Ghana Ashanti gold culture.<\/p>\n","protected":false},"featured_media":1978,"comment_status":"open","ping_status":"closed","template":"","meta":[],"product_brand":[],"product_cat":[336,288,534,354,359],"product_tag":[1273,757,1278,1270,1271,1277,1274,1275,1281,1272,1279,1280,1276],"class_list":{"0":"post-1977","1":"product","2":"type-product","3":"status-publish","4":"has-post-thumbnail","6":"product_cat-bronzes","7":"product_cat-ghana","8":"product_cat-objets-dart","9":"product_cat-objets-ethniques","10":"product_cat-sculptures-statuette-figurines","11":"product_tag-african-box","12":"product_tag-african-bronze","13":"product_tag-african-decor","14":"product_tag-akan-gold-weight","15":"product_tag-ashanti-artifact","16":"product_tag-bronze-box","17":"product_tag-crocodile-sculpture","18":"product_tag-ethnographic-object","19":"product_tag-folk-art-africa","20":"product_tag-ghana-tribal-art","21":"product_tag-gold-dust-box-style","22":"product_tag-primitive-art","23":"product_tag-tribal-collectible","25":"first","26":"instock","27":"shipping-taxable","28":"purchasable","29":"product-type-simple"},"_links":{"self":[{"href":"https:\/\/artculture6.com\/index.php\/wp-json\/wp\/v2\/product\/1977","targetHints":{"allow":["GET"]}}],"collection":[{"href":"https:\/\/artculture6.com\/index.php\/wp-json\/wp\/v2\/product"}],"about":[{"href":"https:\/\/artculture6.com\/index.php\/wp-json\/wp\/v2\/types\/product"}],"replies":[{"embeddable":true,"href":"https:\/\/artculture6.com\/index.php\/wp-json\/wp\/v2\/comments?post=1977"}],"wp:featuredmedia":[{"embeddable":true,"href":"https:\/\/artculture6.com\/index.php\/wp-json\/wp\/v2\/media\/1978"}],"wp:attachment":[{"href":"https:\/\/artculture6.com\/index.php\/wp-json\/wp\/v2\/media?parent=1977"}],"wp:term":[{"taxonomy":"product_brand","embeddable":true,"href":"https:\/\/artculture6.com\/index.php\/wp-json\/wp\/v2\/product_brand?post=1977"},{"taxonomy":"product_cat","embeddable":true,"href":"https:\/\/artculture6.com\/index.php\/wp-json\/wp\/v2\/product_cat?post=1977"},{"taxonomy":"product_tag","embeddable":true,"href":"https:\/\/artculture6.com\/index.php\/wp-json\/wp\/v2\/product_tag?post=1977"}],"curies":[{"name":"wp","href":"https:\/\/api.w.org\/{rel}","templated":true}]}}