{"id":1971,"date":"2026-04-09T16:41:02","date_gmt":"2026-04-09T14:41:02","guid":{"rendered":"https:\/\/artculture6.com\/?post_type=product&#038;p=1971"},"modified":"2026-04-09T16:41:03","modified_gmt":"2026-04-09T14:41:03","slug":"port-du-brusq-six-fours-les-plages-toulon-var-vers-1942-provence-france-peche","status":"publish","type":"product","link":"https:\/\/artculture6.com\/index.php\/product\/port-du-brusq-six-fours-les-plages-toulon-var-vers-1942-provence-france-peche\/","title":{"rendered":"Port du Brusq Six-Fours-les-Plages Toulon Var vers 1942 Provence France P\u00eache"},"content":{"rendered":"<p style=\"font-weight: 400;\">R\u00e9f\u00e9rence\u00a05402-8R626L95-35<\/p>\n<p style=\"font-weight: 400;\">Je vous propose cette gravure originale repr\u00e9sentant le port du Brusc \u00e0 Six-Fours-les-Plages, pr\u00e8s de Toulon, dans le Var, en Provence.<\/p>\n<p style=\"font-weight: 400;\">La composition d\u00e9peint une sc\u00e8ne de p\u00eache m\u00e9diterran\u00e9enne anim\u00e9e, avec des barques traditionnelles, des filets et des maisons de village baign\u00e9es par une douce lumi\u00e8re du sud. L&rsquo;artiste saisit l&rsquo;atmosph\u00e8re de la Provence c\u00f4ti\u00e8re du d\u00e9but du XXe si\u00e8cle, gr\u00e2ce \u00e0 de forts contrastes de tons et un trait expressif, caract\u00e9ristiques de la technique de la gravure \u00e0 l&rsquo;eau-forte.<\/p>\n<p style=\"font-weight: 400;\">R\u00e9alis\u00e9e vers 1942, cette estampe t\u00e9moigne de la production artistique r\u00e9gionale de l&rsquo;\u00e9poque de la guerre, privil\u00e9giant la vie quotidienne aux sujets historiques ou politiques.<\/p>\n<p style=\"font-weight: 400;\">La chaude tonalit\u00e9 s\u00e9pia accentue la profondeur et la texture de la gravure, lui conf\u00e9rant une forte pr\u00e9sence d\u00e9corative.<\/p>\n<p style=\"font-weight: 400;\">Dimensions de la feuille : 32,5 cm \u00d7 24,7 cm<\/p>\n<p style=\"font-weight: 400;\">Dimensions de l&rsquo;image : 24 cm \u00d7 18 cm<\/p>\n<p style=\"font-weight: 400;\">Une charmante et authentique sc\u00e8ne c\u00f4ti\u00e8re proven\u00e7ale, id\u00e9ale pour les collectionneurs d&rsquo;estampes r\u00e9gionales fran\u00e7aises ou de sujets maritimes.<\/p>\n","protected":false},"excerpt":{"rendered":"<p>Original etching of Le Brusc harbor, Provence, circa 1942.<\/p>\n","protected":false},"featured_media":1972,"comment_status":"open","ping_status":"closed","template":"","meta":[],"product_brand":[],"product_cat":[507,468],"product_tag":[1263,1269,870,1096,1261,1267,1264,1210,1102,1259,1262,1265,1268,1257,1266,1260,1258,1231,1022],"class_list":{"0":"post-1971","1":"product","2":"type-product","3":"status-publish","4":"has-post-thumbnail","6":"product_cat-toulon","7":"product_cat-var","8":"product_tag-1940s-art","9":"product_tag-antique-style-print","10":"product_tag-etching","11":"product_tag-european-print","12":"product_tag-fishing-boats","13":"product_tag-france-landscape","14":"product_tag-french-coastal","15":"product_tag-french-engraving","16":"product_tag-harbor-scene","17":"product_tag-le-brusc","18":"product_tag-maritime-art","19":"product_tag-mediterranean-scene","20":"product_tag-nautical-art","21":"product_tag-provence-art","22":"product_tag-sepia-etching","23":"product_tag-six-fours-les-plages","24":"product_tag-toulon","25":"product_tag-village-scene","26":"product_tag-vintage-print","28":"first","29":"instock","30":"shipping-taxable","31":"purchasable","32":"product-type-simple"},"_links":{"self":[{"href":"https:\/\/artculture6.com\/index.php\/wp-json\/wp\/v2\/product\/1971","targetHints":{"allow":["GET"]}}],"collection":[{"href":"https:\/\/artculture6.com\/index.php\/wp-json\/wp\/v2\/product"}],"about":[{"href":"https:\/\/artculture6.com\/index.php\/wp-json\/wp\/v2\/types\/product"}],"replies":[{"embeddable":true,"href":"https:\/\/artculture6.com\/index.php\/wp-json\/wp\/v2\/comments?post=1971"}],"wp:featuredmedia":[{"embeddable":true,"href":"https:\/\/artculture6.com\/index.php\/wp-json\/wp\/v2\/media\/1972"}],"wp:attachment":[{"href":"https:\/\/artculture6.com\/index.php\/wp-json\/wp\/v2\/media?parent=1971"}],"wp:term":[{"taxonomy":"product_brand","embeddable":true,"href":"https:\/\/artculture6.com\/index.php\/wp-json\/wp\/v2\/product_brand?post=1971"},{"taxonomy":"product_cat","embeddable":true,"href":"https:\/\/artculture6.com\/index.php\/wp-json\/wp\/v2\/product_cat?post=1971"},{"taxonomy":"product_tag","embeddable":true,"href":"https:\/\/artculture6.com\/index.php\/wp-json\/wp\/v2\/product_tag?post=1971"}],"curies":[{"name":"wp","href":"https:\/\/api.w.org\/{rel}","templated":true}]}}