{"id":1960,"date":"2026-04-09T09:41:11","date_gmt":"2026-04-09T07:41:11","guid":{"rendered":"https:\/\/artculture6.com\/?post_type=product&#038;p=1960"},"modified":"2026-04-09T09:47:57","modified_gmt":"2026-04-09T07:47:57","slug":"southeast-asian-bronze-figure-male-sculpture-thailand-laos-khmer-19-20th-century","status":"publish","type":"product","link":"https:\/\/artculture6.com\/index.php\/product\/southeast-asian-bronze-figure-male-sculpture-thailand-laos-khmer-19-20th-century\/","title":{"rendered":"Southeast Asian Bronze Figure Male Sculpture Thailand Laos Khmer 19\/20th Century"},"content":{"rendered":"<p style=\"font-weight: 400;\">R\u00e9f\u00e9rence 5402-7C903<\/p>\n<p style=\"font-weight: 400;\">Je vous propose cette statuette en bronze d&rsquo;Asie du Sud-Est repr\u00e9sentant un homme stylis\u00e9 debout tenant un objet tubulaire \u00e0 sa bouche( fl\u00fbte ?).<\/p>\n<p style=\"font-weight: 400;\">La statuette pr\u00e9sente des lobes d&rsquo;oreilles allong\u00e9s, une expression sereine et une forme cr\u00e2nienne particuli\u00e8re, caract\u00e9ristiques typiques des traditions artistiques d&rsquo;Asie du Sud-Est influenc\u00e9es par l&rsquo;iconographie bouddhiste.<\/p>\n<p style=\"font-weight: 400;\">La stylisation du corps, associ\u00e9e \u00e0 une emphase anatomique symbolique, sugg\u00e8re une statuette populaire ou votive plut\u00f4t qu&rsquo;une sculpture de temple.<\/p>\n<p style=\"font-weight: 400;\">La surface pr\u00e9sente une patine ancienne profonde avec des zones d&rsquo;usure naturelle, t\u00e9moignant de son \u00e2ge et de sa manipulation.<\/p>\n<p style=\"font-weight: 400;\">Probablement originaire de Tha\u00eflande, du Laos ou des r\u00e9gions khm\u00e8res (Cambodge), XIXe ou XXe si\u00e8cle.<\/p>\n<p style=\"font-weight: 400;\">Hauteur : 22,5 cm<\/p>\n<p style=\"font-weight: 400;\">Largeur : 10 cm<\/p>\n<p style=\"font-weight: 400;\">Poids : 962 grammes<\/p>\n<p style=\"font-weight: 400;\">Bon \u00e9tat, avec des traces d&rsquo;usure dues \u00e0 l&rsquo;\u00e2ge et de l\u00e9g\u00e8res irr\u00e9gularit\u00e9s de fonte.<\/p>\n<p style=\"font-weight: 400;\">Un bel exemple de travail du bronze en Asie du Sud-Est.<\/p>\n<p style=\"font-weight: 400;\">Attention\u00a0: Les feuilles de vignes sont ici pos\u00e9es pour r\u00e9pondre \u00e0 la censure pudibonde internationale actuelle\u00a0! Des mesures suppl\u00e9mentaires seront n\u00e9cessaires d\u00e8s que l\u2019inquisition sera r\u00e9tablie ou l&rsquo;arriv\u00e9e un nouveau J\u00e9r\u00f4me Savonarole (1452-1498) ! Photographies de l\u2019\u0153uvre sans les feuilles sur demande. Important\u00a0: l&rsquo;objet est vendu sans les feuilles de vignes vertes.<\/p>\n","protected":false},"excerpt":{"rendered":"<p>Southeast Asian bronze male figure, 19\/20th century.<\/p>\n","protected":false},"featured_media":1970,"comment_status":"open","ping_status":"closed","template":"","meta":[],"product_brand":[],"product_cat":[336,350,534,359],"product_tag":[1253,1242,1255,1252,1247,1249,1250,1248,1254,1245,1246,1251,1243,1244,1256],"class_list":{"0":"post-1960","1":"product","2":"type-product","3":"status-publish","4":"has-post-thumbnail","6":"product_cat-bronzes","7":"product_cat-mythes-religions-esoterisme","8":"product_cat-objets-dart","9":"product_cat-sculptures-statuette-figurines","10":"product_tag-antique-style-bronze","11":"product_tag-asian-bronze","12":"product_tag-asian-decor","13":"product_tag-asian-sculpture","14":"product_tag-asian-statue","15":"product_tag-asian-tribal","16":"product_tag-bronze-figure","17":"product_tag-buddhist-style","18":"product_tag-ethnographic-style","19":"product_tag-khmer-sculpture","20":"product_tag-laos-art","21":"product_tag-ritual-figure","22":"product_tag-southeast-asian-art","23":"product_tag-thai-bronze","24":"product_tag-vintage-asian-art","26":"first","27":"instock","28":"shipping-taxable","29":"purchasable","30":"product-type-simple"},"_links":{"self":[{"href":"https:\/\/artculture6.com\/index.php\/wp-json\/wp\/v2\/product\/1960","targetHints":{"allow":["GET"]}}],"collection":[{"href":"https:\/\/artculture6.com\/index.php\/wp-json\/wp\/v2\/product"}],"about":[{"href":"https:\/\/artculture6.com\/index.php\/wp-json\/wp\/v2\/types\/product"}],"replies":[{"embeddable":true,"href":"https:\/\/artculture6.com\/index.php\/wp-json\/wp\/v2\/comments?post=1960"}],"wp:featuredmedia":[{"embeddable":true,"href":"https:\/\/artculture6.com\/index.php\/wp-json\/wp\/v2\/media\/1970"}],"wp:attachment":[{"href":"https:\/\/artculture6.com\/index.php\/wp-json\/wp\/v2\/media?parent=1960"}],"wp:term":[{"taxonomy":"product_brand","embeddable":true,"href":"https:\/\/artculture6.com\/index.php\/wp-json\/wp\/v2\/product_brand?post=1960"},{"taxonomy":"product_cat","embeddable":true,"href":"https:\/\/artculture6.com\/index.php\/wp-json\/wp\/v2\/product_cat?post=1960"},{"taxonomy":"product_tag","embeddable":true,"href":"https:\/\/artculture6.com\/index.php\/wp-json\/wp\/v2\/product_tag?post=1960"}],"curies":[{"name":"wp","href":"https:\/\/api.w.org\/{rel}","templated":true}]}}