{"id":1952,"date":"2026-04-09T08:30:16","date_gmt":"2026-04-09T06:30:16","guid":{"rendered":"https:\/\/artculture6.com\/?post_type=product&#038;p=1952"},"modified":"2026-04-09T08:30:17","modified_gmt":"2026-04-09T06:30:17","slug":"savoy-costume-st-maurice-antique-engraving-france-19th-france-1864-savoie","status":"publish","type":"product","link":"https:\/\/artculture6.com\/index.php\/product\/savoy-costume-st-maurice-antique-engraving-france-19th-france-1864-savoie\/","title":{"rendered":"Savoy Costume St Maurice Antique Engraving France 19th France 1864 Savoie"},"content":{"rendered":"<p style=\"font-weight: 400;\">R\u00e9f\u00e9rence\u00a0B3323R791<\/p>\n<p style=\"font-weight: 400;\" data-end=\"372\" data-start=\"311\">Je vous propose cette lithographie ancienne repr\u00e9sentant les costumes traditionnels de Bourg-Saint-Maurice, en Savoie (France).\u00a0Cette estampe du XIXe si\u00e8cle, d&rsquo;une grande finesse, montre des femmes et des enfants en costumes r\u00e9gionaux, r\u00e9unis dans un paysage alpin rural. La composition met en valeur les v\u00eatements traditionnels, la vie quotidienne et des \u00e9l\u00e9ments pastoraux, offrant un rare aper\u00e7u ethnographique de la culture savoyarde.<\/p>\n<p style=\"font-weight: 400;\" data-end=\"372\" data-start=\"311\">La Savoie fut officiellement annex\u00e9e \u00e0 la France en 1860, quelques ann\u00e9es seulement avant la r\u00e9alisation de cette lithographie, ce qui conf\u00e8re \u00e0 cette vue une importance particuli\u00e8re en tant que premi\u00e8re repr\u00e9sentation de la r\u00e9gion sous administration fran\u00e7aise.\u00a0Imprim\u00e9e sur papier v\u00e9lin fort.<\/p>\n<p style=\"font-weight: 400;\" data-end=\"372\" data-start=\"311\">Dimensions de la gravure : 40 cm \u00d7 29,5 cm, dimensions de la gravure seule : 30 \u00d7 21 cm<\/p>\n<p style=\"font-weight: 400;\" data-end=\"372\" data-start=\"311\">Une estampe tr\u00e8s d\u00e9corative et charg\u00e9e d&rsquo;histoire, qui s\u00e9duira les collectionneurs de costumes r\u00e9gionaux, de sujets alpins et de patrimoine fran\u00e7ais.<\/p>\n","protected":false},"excerpt":{"rendered":"<p>Antique engraving of Savoy traditional costumes, Bourg Saint-Maurice.<\/p>\n","protected":false},"featured_media":1953,"comment_status":"open","ping_status":"closed","template":"","meta":[],"product_brand":[],"product_cat":[554,458],"product_tag":[998,1236,1240,648,737,1233,1003,1224,1238,1237,1092,1234,1239,866,1241,1142,1232,1235,628],"class_list":{"0":"post-1952","1":"product","2":"type-product","3":"status-publish","4":"has-post-thumbnail","6":"product_cat-lithographie","7":"product_cat-savoie","8":"product_tag-19th-century-print","9":"product_tag-alpine-culture","10":"product_tag-alpine-scene","11":"product_tag-antique-engraving","12":"product_tag-antique-print","13":"product_tag-bourg-saint-maurice","14":"product_tag-collectible-print","15":"product_tag-decorative-print","16":"product_tag-ethnographic-print","17":"product_tag-european-costume","18":"product_tag-france-antique","19":"product_tag-french-costume","20":"product_tag-french-heritage","21":"product_tag-historical-print","22":"product_tag-regional-costume","23":"product_tag-savoie-france","24":"product_tag-savoy-costumes","25":"product_tag-traditional-dress","26":"product_tag-vintage-engraving","28":"first","29":"instock","30":"shipping-taxable","31":"purchasable","32":"product-type-simple"},"_links":{"self":[{"href":"https:\/\/artculture6.com\/index.php\/wp-json\/wp\/v2\/product\/1952","targetHints":{"allow":["GET"]}}],"collection":[{"href":"https:\/\/artculture6.com\/index.php\/wp-json\/wp\/v2\/product"}],"about":[{"href":"https:\/\/artculture6.com\/index.php\/wp-json\/wp\/v2\/types\/product"}],"replies":[{"embeddable":true,"href":"https:\/\/artculture6.com\/index.php\/wp-json\/wp\/v2\/comments?post=1952"}],"wp:featuredmedia":[{"embeddable":true,"href":"https:\/\/artculture6.com\/index.php\/wp-json\/wp\/v2\/media\/1953"}],"wp:attachment":[{"href":"https:\/\/artculture6.com\/index.php\/wp-json\/wp\/v2\/media?parent=1952"}],"wp:term":[{"taxonomy":"product_brand","embeddable":true,"href":"https:\/\/artculture6.com\/index.php\/wp-json\/wp\/v2\/product_brand?post=1952"},{"taxonomy":"product_cat","embeddable":true,"href":"https:\/\/artculture6.com\/index.php\/wp-json\/wp\/v2\/product_cat?post=1952"},{"taxonomy":"product_tag","embeddable":true,"href":"https:\/\/artculture6.com\/index.php\/wp-json\/wp\/v2\/product_tag?post=1952"}],"curies":[{"name":"wp","href":"https:\/\/api.w.org\/{rel}","templated":true}]}}