{"id":195,"date":"2026-03-03T07:35:20","date_gmt":"2026-03-03T07:35:20","guid":{"rendered":"http:\/\/tbmglwe.cluster100.hosting.ovh.net\/?post_type=product&#038;p=195"},"modified":"2026-03-08T20:06:57","modified_gmt":"2026-03-08T20:06:57","slug":"revolution-francaise-arrestation-de-robespierre-xylographie-vers-1885","status":"publish","type":"product","link":"https:\/\/artculture6.com\/index.php\/product\/revolution-francaise-arrestation-de-robespierre-xylographie-vers-1885\/","title":{"rendered":"R\u00e9volution Fran\u00e7aise arrestation de Robespierre xylographie vers 1885"},"content":{"rendered":"<div><span style=\"font-size: x-large;\">R\u00e9f\u00e9rence\u00a0B3289R788L101-190<\/span><\/div>\n<div><span style=\"font-size: x-large;\">Je vous propose cette grande xylographie vers 1885 repr\u00e9sentant\u00a0<span data-start=\"401\" data-end=\"444\">l\u2019arrestation de Maximilien Robespierre<\/span>, sc\u00e8ne historique intitul\u00e9e\u00a0<em data-start=\"473\" data-end=\"505\">Le matin du 10 Thermidor An II<\/em>.<\/span><\/div>\n<p data-start=\"508\" data-end=\"826\"><span style=\"font-size: x-large;\">La composition montre Robespierre bless\u00e9, allong\u00e9 sur une table, entour\u00e9 de gardes nationaux et de d\u00e9put\u00e9s venus proc\u00e9der \u00e0 son arrestation. La tension dramatique est renforc\u00e9e par la densit\u00e9 des figures, l\u2019alignement des ba\u00efonnettes et le contraste entre l\u2019agitation des soldats et l\u2019abattement du personnage central.<\/span><\/p>\n<p data-start=\"828\" data-end=\"1005\"><span style=\"font-size: x-large;\">Cette sc\u00e8ne illustre l\u2019un des \u00e9pisodes majeurs de la R\u00e9volution fran\u00e7aise : la chute de Robespierre les 9-10 Thermidor An II (27-28 juillet 1794), marquant la fin de la Terreur.<\/span><\/p>\n<p data-start=\"1146\" data-end=\"1206\"><span style=\"font-size: x-large;\">Belle \u00e9preuve ancienne sur papier, larges marges conserv\u00e9es.<\/span><\/p>\n<p data-start=\"1208\" data-end=\"1284\"><span style=\"font-size: x-large;\"><span data-start=\"1208\" data-end=\"1241\">Format feuille : 35,4 \u00d7 28 cm<\/span><br data-start=\"1241\" data-end=\"1244\" \/><span data-start=\"1244\" data-end=\"1284\">Dimensions de l\u2019image : 31,5 \u00d7 23 cm<\/span><\/span><\/p>\n","protected":false},"excerpt":{"rendered":"<p>Xylographie vers 1885 repr\u00e9sentant l\u2019arrestation de Robespierre (10 Thermidor An II). Grande sc\u00e8ne historique de la R\u00e9volution fran\u00e7aise. Format feuille 35,4 \u00d7 28 cm ; image 31,5 \u00d7 23 cm.<\/p>\n","protected":false},"featured_media":196,"comment_status":"open","ping_status":"closed","template":"","meta":[],"product_brand":[],"product_cat":[521,199,385],"product_tag":[177,179,184,154,180,182,185,175,176,183,178,181],"class_list":{"0":"post-195","1":"product","2":"type-product","3":"status-publish","4":"has-post-thumbnail","6":"product_cat-gravures-xix-siecle","7":"product_cat-par-categories-2","8":"product_cat-revolution-francaise-empire-napoleon","9":"product_tag-10-thermidor","10":"product_tag-arrestation-de-robespierre","11":"product_tag-convention-nationale","12":"product_tag-gravure-ancienne","13":"product_tag-gravure-historique","14":"product_tag-histoire-de-france","15":"product_tag-iconographie-politique","16":"product_tag-revolution-francaise","17":"product_tag-robespierre","18":"product_tag-terreur","19":"product_tag-thermidor-an-ii","20":"product_tag-xylographie-xixe","22":"first","23":"instock","24":"shipping-taxable","25":"purchasable","26":"product-type-simple"},"_links":{"self":[{"href":"https:\/\/artculture6.com\/index.php\/wp-json\/wp\/v2\/product\/195","targetHints":{"allow":["GET"]}}],"collection":[{"href":"https:\/\/artculture6.com\/index.php\/wp-json\/wp\/v2\/product"}],"about":[{"href":"https:\/\/artculture6.com\/index.php\/wp-json\/wp\/v2\/types\/product"}],"replies":[{"embeddable":true,"href":"https:\/\/artculture6.com\/index.php\/wp-json\/wp\/v2\/comments?post=195"}],"wp:featuredmedia":[{"embeddable":true,"href":"https:\/\/artculture6.com\/index.php\/wp-json\/wp\/v2\/media\/196"}],"wp:attachment":[{"href":"https:\/\/artculture6.com\/index.php\/wp-json\/wp\/v2\/media?parent=195"}],"wp:term":[{"taxonomy":"product_brand","embeddable":true,"href":"https:\/\/artculture6.com\/index.php\/wp-json\/wp\/v2\/product_brand?post=195"},{"taxonomy":"product_cat","embeddable":true,"href":"https:\/\/artculture6.com\/index.php\/wp-json\/wp\/v2\/product_cat?post=195"},{"taxonomy":"product_tag","embeddable":true,"href":"https:\/\/artculture6.com\/index.php\/wp-json\/wp\/v2\/product_tag?post=195"}],"curies":[{"name":"wp","href":"https:\/\/api.w.org\/{rel}","templated":true}]}}