{"id":1944,"date":"2026-04-09T08:07:58","date_gmt":"2026-04-09T06:07:58","guid":{"rendered":"https:\/\/artculture6.com\/?post_type=product&#038;p=1944"},"modified":"2026-04-09T08:07:58","modified_gmt":"2026-04-09T06:07:58","slug":"saint-michel-savoie-antique-engraving-alpine-village-france-1864","status":"publish","type":"product","link":"https:\/\/artculture6.com\/index.php\/product\/saint-michel-savoie-antique-engraving-alpine-village-france-1864\/","title":{"rendered":"Saint Michel Savoie Antique Engraving Alpine Village France 1864"},"content":{"rendered":"<p style=\"font-weight: 400;\">R\u00e9f\u00e9rence\u00a0B3322R791<\/p>\n<p style=\"font-weight: 400;\" data-end=\"372\" data-start=\"311\">Je vous propose cette lithographie ancienne repr\u00e9sentant Saint-Michel, village de Savoie, dans les Alpes fran\u00e7aises.<\/p>\n<p style=\"font-weight: 400;\" data-end=\"372\" data-start=\"311\">Cette vue de 1864, peu de temps apr\u00e8s le rattachement de la Savoie \u00e0 la France (1860) d&rsquo;une grande finesse, nous pr\u00e9sente un pittoresque village alpin nich\u00e9 au c\u0153ur des montagnes, avec ses chemins sinueux, ses maisons en pierre et une rivi\u00e8re traversant la vall\u00e9e. Le point de vue sur\u00e9lev\u00e9 offre une composition panoramique, alliant d\u00e9tails architecturaux et paysages naturels spectaculaires.<\/p>\n<p style=\"font-weight: 400;\" data-end=\"372\" data-start=\"311\">La feuille fait : 41,5 cm \u00d7 32 cm,\u00a0la gravure seule fait : 31,5 \u00d7 23 cm<\/p>\n<p style=\"font-weight: 400;\" data-end=\"372\" data-start=\"311\">Une sc\u00e8ne de village alpin classique, tr\u00e8s d\u00e9corative et recherch\u00e9e par les collectionneurs de vues de montagne et d&rsquo;estampes r\u00e9gionales fran\u00e7aises.<\/p>\n","protected":false},"excerpt":{"rendered":"<p>Antique engraving of Saint-Michel, Alpine village view, Savoie France.<\/p>\n","protected":false},"featured_media":1945,"comment_status":"open","ping_status":"closed","template":"","meta":[],"product_brand":[],"product_cat":[549,521,458],"product_tag":[998,1079,1028,648,737,1003,1224,1002,1223,1005,1210,1226,1229,1152,1084,1230,1225,1231,628],"class_list":{"0":"post-1944","1":"product","2":"type-product","3":"status-publish","4":"has-post-thumbnail","6":"product_cat-gravures-par-siecles","7":"product_cat-gravures-xix-siecle","8":"product_cat-savoie","9":"product_tag-19th-century-print","10":"product_tag-alpine-view","11":"product_tag-alpine-village","12":"product_tag-antique-engraving","13":"product_tag-antique-print","14":"product_tag-collectible-print","15":"product_tag-decorative-print","16":"product_tag-european-landscape","17":"product_tag-france-scenery","18":"product_tag-french-countryside","19":"product_tag-french-engraving","20":"product_tag-historical-engraving","21":"product_tag-mountain-art","22":"product_tag-mountain-landscape","23":"product_tag-old-print","24":"product_tag-saint-michel-savoie","25":"product_tag-savoy-region","26":"product_tag-village-scene","27":"product_tag-vintage-engraving","29":"first","30":"instock","31":"shipping-taxable","32":"purchasable","33":"product-type-simple"},"_links":{"self":[{"href":"https:\/\/artculture6.com\/index.php\/wp-json\/wp\/v2\/product\/1944","targetHints":{"allow":["GET"]}}],"collection":[{"href":"https:\/\/artculture6.com\/index.php\/wp-json\/wp\/v2\/product"}],"about":[{"href":"https:\/\/artculture6.com\/index.php\/wp-json\/wp\/v2\/types\/product"}],"replies":[{"embeddable":true,"href":"https:\/\/artculture6.com\/index.php\/wp-json\/wp\/v2\/comments?post=1944"}],"wp:featuredmedia":[{"embeddable":true,"href":"https:\/\/artculture6.com\/index.php\/wp-json\/wp\/v2\/media\/1945"}],"wp:attachment":[{"href":"https:\/\/artculture6.com\/index.php\/wp-json\/wp\/v2\/media?parent=1944"}],"wp:term":[{"taxonomy":"product_brand","embeddable":true,"href":"https:\/\/artculture6.com\/index.php\/wp-json\/wp\/v2\/product_brand?post=1944"},{"taxonomy":"product_cat","embeddable":true,"href":"https:\/\/artculture6.com\/index.php\/wp-json\/wp\/v2\/product_cat?post=1944"},{"taxonomy":"product_tag","embeddable":true,"href":"https:\/\/artculture6.com\/index.php\/wp-json\/wp\/v2\/product_tag?post=1944"}],"curies":[{"name":"wp","href":"https:\/\/api.w.org\/{rel}","templated":true}]}}