{"id":1925,"date":"2026-04-09T07:24:05","date_gmt":"2026-04-09T05:24:05","guid":{"rendered":"https:\/\/artculture6.com\/?post_type=product&#038;p=1925"},"modified":"2026-04-09T07:24:06","modified_gmt":"2026-04-09T05:24:06","slug":"aix-les-bains-lake-bourget-antique-engraving-1864-savoie-france-view","status":"publish","type":"product","link":"https:\/\/artculture6.com\/index.php\/product\/aix-les-bains-lake-bourget-antique-engraving-1864-savoie-france-view\/","title":{"rendered":"Aix-les-Bains Lake Bourget Antique Engraving 1864 Savoie France View"},"content":{"rendered":"<p style=\"font-weight: 400;\">R\u00e9f\u00e9rence\u00a0B3320R791<\/p>\n<p style=\"font-weight: 400;\" data-end=\"372\" data-start=\"311\">Je vous propose cette lithographie ancienne de 1864 repr\u00e9sentant une vue panoramique d&rsquo;Aix-les-Bains et du lac du Bourget, en Savoie.<\/p>\n<p style=\"font-weight: 400;\" data-end=\"372\" data-start=\"311\">Cette estampe d&rsquo;une grande finesse d&rsquo;ex\u00e9cution, offre une vue plongeante sur la ville, ses champs cultiv\u00e9s, ses d\u00e9tails architecturaux et l&rsquo;\u00e9tendue paisible du lac du Bourget se fondant dans le paysage alpin. La composition met en valeur \u00e0 la fois l&rsquo;organisation rurale et l&rsquo;\u00e9l\u00e9gance de cette station thermale historique.\u00a0Dimensions de la feuille : 47,7 \u00d7 32,3 cm, dimensions de la gravure : 32 \u00d7 22,5 cm<\/p>\n","protected":false},"excerpt":{"rendered":"<p>Antique panoramic engraving of Aix-les-Bains and Lake Bourget.<\/p>\n","protected":false},"featured_media":1926,"comment_status":"open","ping_status":"closed","template":"","meta":[],"product_brand":[],"product_cat":[521,554,458],"product_tag":[998,1222,999,1079,648,737,1003,1224,1209,1223,1005,1210,1226,1185,1188,1084,1001,1142,1225,628],"class_list":{"0":"post-1925","1":"product","2":"type-product","3":"status-publish","4":"has-post-thumbnail","6":"product_cat-gravures-xix-siecle","7":"product_cat-lithographie","8":"product_cat-savoie","9":"product_tag-19th-century-print","10":"product_tag-aix-les-bains","11":"product_tag-alpine-landscape","12":"product_tag-alpine-view","13":"product_tag-antique-engraving","14":"product_tag-antique-print","15":"product_tag-collectible-print","16":"product_tag-decorative-print","17":"product_tag-european-art","18":"product_tag-france-scenery","19":"product_tag-french-countryside","20":"product_tag-french-engraving","21":"product_tag-historical-engraving","22":"product_tag-lake-bourget","23":"product_tag-landscape-print","24":"product_tag-old-print","25":"product_tag-panoramic-view","26":"product_tag-savoie-france","27":"product_tag-savoy-region","28":"product_tag-vintage-engraving","30":"first","31":"instock","32":"shipping-taxable","33":"purchasable","34":"product-type-simple"},"_links":{"self":[{"href":"https:\/\/artculture6.com\/index.php\/wp-json\/wp\/v2\/product\/1925","targetHints":{"allow":["GET"]}}],"collection":[{"href":"https:\/\/artculture6.com\/index.php\/wp-json\/wp\/v2\/product"}],"about":[{"href":"https:\/\/artculture6.com\/index.php\/wp-json\/wp\/v2\/types\/product"}],"replies":[{"embeddable":true,"href":"https:\/\/artculture6.com\/index.php\/wp-json\/wp\/v2\/comments?post=1925"}],"wp:featuredmedia":[{"embeddable":true,"href":"https:\/\/artculture6.com\/index.php\/wp-json\/wp\/v2\/media\/1926"}],"wp:attachment":[{"href":"https:\/\/artculture6.com\/index.php\/wp-json\/wp\/v2\/media?parent=1925"}],"wp:term":[{"taxonomy":"product_brand","embeddable":true,"href":"https:\/\/artculture6.com\/index.php\/wp-json\/wp\/v2\/product_brand?post=1925"},{"taxonomy":"product_cat","embeddable":true,"href":"https:\/\/artculture6.com\/index.php\/wp-json\/wp\/v2\/product_cat?post=1925"},{"taxonomy":"product_tag","embeddable":true,"href":"https:\/\/artculture6.com\/index.php\/wp-json\/wp\/v2\/product_tag?post=1925"}],"curies":[{"name":"wp","href":"https:\/\/api.w.org\/{rel}","templated":true}]}}