{"id":1912,"date":"2026-04-05T16:05:24","date_gmt":"2026-04-05T14:05:24","guid":{"rendered":"https:\/\/artculture6.com\/?post_type=product&#038;p=1912"},"modified":"2026-04-05T16:05:57","modified_gmt":"2026-04-05T14:05:57","slug":"antique-engraving-hautecombe-abbey-church-france-alps-1864-benoist-savoie","status":"publish","type":"product","link":"https:\/\/artculture6.com\/index.php\/product\/antique-engraving-hautecombe-abbey-church-france-alps-1864-benoist-savoie\/","title":{"rendered":"Antique Engraving Hautecombe Abbey Church France Alps 1864 Benoist Savoie"},"content":{"rendered":"<p style=\"font-weight: 400;\">R\u00e9f\u00e9rence\u00a0B3318R791<\/p>\n<p style=\"font-weight: 400;\" data-end=\"372\" data-start=\"311\">Magnifique gravure ancienne repr\u00e9sentant l&rsquo;\u00e9glise de l&rsquo;abbaye de Hautecombe, sur les rives du lac du Bourget, pr\u00e8s d&rsquo;Aix-les-Bains en Savoie. Cette vue architecturale d\u00e9taill\u00e9e met en valeur la fa\u00e7ade n\u00e9o-gothique de l&rsquo;abbaye, avec ses \u00e9l\u00e9ments sculpturaux finement rendus, ses arcs bris\u00e9s et ses ornements raffin\u00e9s.\u00a0Des personnages en costumes d&rsquo;\u00e9poque animent le premier plan, conf\u00e9rant \u00e0 la sc\u00e8ne une dimension historique et une \u00e9chelle plus grande. La composition allie la pr\u00e9cision architecturale \u00e0 une atmosph\u00e8re vivante, caract\u00e9ristique des gravures topographiques fran\u00e7aises du XIXe si\u00e8cle.\u00a0Cette estampe de F\u00e9lix Benoist, f\u00fbt publi\u00e9e vers 1864 \u00e0 Paris. Ces gravures sont tr\u00e8s pris\u00e9es pour leur qualit\u00e9 artistique et leur valeur documentaire. Imprim\u00e9e sur papier v\u00e9lin \u00e0 larges marges.\u00a0Dimensions de la feuille : 47,5 cm \u00d7 32,7 cm\u00a0Dimensions de l&rsquo;image : 32,2 cm \u00d7 22 cm<\/p>\n","protected":false},"excerpt":{"rendered":"<p>Antique engraving of Hautecombe Abbey church, France Alps, Benoist 1864, Gothic architecture, wove paper.<\/p>\n","protected":false},"featured_media":1913,"comment_status":"open","ping_status":"closed","template":"","meta":[],"product_brand":[],"product_cat":[521,554,458],"product_tag":[820,993,1080,990,648,1206,1216,1003,1209,987,1210,1217,1205,1069,1207,819,1218,816,1111,1022],"class_list":{"0":"post-1912","1":"product","2":"type-product","3":"status-publish","4":"has-post-thumbnail","6":"product_cat-gravures-xix-siecle","7":"product_cat-lithographie","8":"product_cat-savoie","9":"product_tag-820","10":"product_tag-19th-century","11":"product_tag-abbey","12":"product_tag-alps","13":"product_tag-antique-engraving","14":"product_tag-benoist","15":"product_tag-church","16":"product_tag-collectible-print","17":"product_tag-european-art","18":"product_tag-france","19":"product_tag-french-engraving","20":"product_tag-gothic-architecture","21":"product_tag-hautecombe-abbey","22":"product_tag-historic-architecture","23":"product_tag-monastery","24":"product_tag-nice-et-savoie","25":"product_tag-religious-building","26":"product_tag-savoie","27":"product_tag-scenic-view","28":"product_tag-vintage-print","30":"first","31":"instock","32":"shipping-taxable","33":"purchasable","34":"product-type-simple"},"_links":{"self":[{"href":"https:\/\/artculture6.com\/index.php\/wp-json\/wp\/v2\/product\/1912","targetHints":{"allow":["GET"]}}],"collection":[{"href":"https:\/\/artculture6.com\/index.php\/wp-json\/wp\/v2\/product"}],"about":[{"href":"https:\/\/artculture6.com\/index.php\/wp-json\/wp\/v2\/types\/product"}],"replies":[{"embeddable":true,"href":"https:\/\/artculture6.com\/index.php\/wp-json\/wp\/v2\/comments?post=1912"}],"wp:featuredmedia":[{"embeddable":true,"href":"https:\/\/artculture6.com\/index.php\/wp-json\/wp\/v2\/media\/1913"}],"wp:attachment":[{"href":"https:\/\/artculture6.com\/index.php\/wp-json\/wp\/v2\/media?parent=1912"}],"wp:term":[{"taxonomy":"product_brand","embeddable":true,"href":"https:\/\/artculture6.com\/index.php\/wp-json\/wp\/v2\/product_brand?post=1912"},{"taxonomy":"product_cat","embeddable":true,"href":"https:\/\/artculture6.com\/index.php\/wp-json\/wp\/v2\/product_cat?post=1912"},{"taxonomy":"product_tag","embeddable":true,"href":"https:\/\/artculture6.com\/index.php\/wp-json\/wp\/v2\/product_tag?post=1912"}],"curies":[{"name":"wp","href":"https:\/\/api.w.org\/{rel}","templated":true}]}}