{"id":1905,"date":"2026-04-05T15:23:49","date_gmt":"2026-04-05T13:23:49","guid":{"rendered":"https:\/\/artculture6.com\/?post_type=product&#038;p=1905"},"modified":"2026-04-05T15:23:50","modified_gmt":"2026-04-05T13:23:50","slug":"antique-engraving-lake-aiguebelette-france-alps-1864-benoist-scene-savoie","status":"publish","type":"product","link":"https:\/\/artculture6.com\/index.php\/product\/antique-engraving-lake-aiguebelette-france-alps-1864-benoist-scene-savoie\/","title":{"rendered":"Antique Engraving Lake Aiguebelette France Alps 1864 Benoist Scene Savoie"},"content":{"rendered":"<p style=\"font-weight: 400;\">R\u00e9f\u00e9rence\u00a0B3317R791<\/p>\n<p style=\"font-weight: 400;\" data-end=\"372\" data-start=\"311\">Magnifique gravure ancienne repr\u00e9sentant\u00a0le lac d&rsquo;Aiguebelette en Savoie, l&rsquo;un des plus pittoresques lacs alpins. Cette charmante sc\u00e8ne montre des personnages rassembl\u00e9s sur la rive, des barques sur l&rsquo;eau calme et un vaste paysage montagneux typique des Alpes fran\u00e7aises. La composition, vivante et harmonieuse, allie paysage, sc\u00e8nes de la vie quotidienne et profondeur atmosph\u00e9rique. Les reflets sur le lac et le rendu d\u00e9licat des collines environnantes soulignent la qualit\u00e9 de la gravure.Cette estampe de F\u00e9lix Benoist, fut publi\u00e9e vers 1864 \u00e0 Paris. Ces \u0153uvres sont tr\u00e8s appr\u00e9ci\u00e9es pour leur valeur documentaire et artistique.<\/p>\n<p style=\"font-weight: 400;\" data-end=\"372\" data-start=\"311\">Imprim\u00e9e sur papier v\u00e9lin \u00e0 larges marges. Dimensions de la feuille : 41,5 cm \u00d7 31,5 cm, dimensions de la gravure seule : 31,5 \u00d7 22,5 cm<\/p>\n","protected":false},"excerpt":{"rendered":"<p>Antique engraving of Lake Aiguebelette, France Alps, Benoist 1864, wove paper, scenic lake view.<\/p>\n","protected":false},"featured_media":1906,"comment_status":"open","ping_status":"closed","template":"","meta":[],"product_brand":[],"product_cat":[521,554,458],"product_tag":[820,993,990,648,1206,1212,1003,1214,1209,987,1210,1211,1208,992,1213,819,816,1111,1022,1215],"class_list":{"0":"post-1905","1":"product","2":"type-product","3":"status-publish","4":"has-post-thumbnail","6":"product_cat-gravures-xix-siecle","7":"product_cat-lithographie","8":"product_cat-savoie","9":"product_tag-820","10":"product_tag-19th-century","11":"product_tag-alps","12":"product_tag-antique-engraving","13":"product_tag-benoist","14":"product_tag-boating","15":"product_tag-collectible-print","16":"product_tag-countryside","17":"product_tag-european-art","18":"product_tag-france","19":"product_tag-french-engraving","20":"product_tag-lake-aiguebelette","21":"product_tag-lake-scene","22":"product_tag-landscape","23":"product_tag-mountains","24":"product_tag-nice-et-savoie","25":"product_tag-savoie","26":"product_tag-scenic-view","27":"product_tag-vintage-print","28":"product_tag-water-scene","30":"first","31":"instock","32":"shipping-taxable","33":"purchasable","34":"product-type-simple"},"_links":{"self":[{"href":"https:\/\/artculture6.com\/index.php\/wp-json\/wp\/v2\/product\/1905","targetHints":{"allow":["GET"]}}],"collection":[{"href":"https:\/\/artculture6.com\/index.php\/wp-json\/wp\/v2\/product"}],"about":[{"href":"https:\/\/artculture6.com\/index.php\/wp-json\/wp\/v2\/types\/product"}],"replies":[{"embeddable":true,"href":"https:\/\/artculture6.com\/index.php\/wp-json\/wp\/v2\/comments?post=1905"}],"wp:featuredmedia":[{"embeddable":true,"href":"https:\/\/artculture6.com\/index.php\/wp-json\/wp\/v2\/media\/1906"}],"wp:attachment":[{"href":"https:\/\/artculture6.com\/index.php\/wp-json\/wp\/v2\/media?parent=1905"}],"wp:term":[{"taxonomy":"product_brand","embeddable":true,"href":"https:\/\/artculture6.com\/index.php\/wp-json\/wp\/v2\/product_brand?post=1905"},{"taxonomy":"product_cat","embeddable":true,"href":"https:\/\/artculture6.com\/index.php\/wp-json\/wp\/v2\/product_cat?post=1905"},{"taxonomy":"product_tag","embeddable":true,"href":"https:\/\/artculture6.com\/index.php\/wp-json\/wp\/v2\/product_tag?post=1905"}],"curies":[{"name":"wp","href":"https:\/\/api.w.org\/{rel}","templated":true}]}}