{"id":1896,"date":"2026-04-05T15:07:05","date_gmt":"2026-04-05T13:07:05","guid":{"rendered":"https:\/\/artculture6.com\/?post_type=product&#038;p=1896"},"modified":"2026-04-05T15:07:05","modified_gmt":"2026-04-05T13:07:05","slug":"antique-engraving-haute-combe-abbey-lake-bourget-france-1864-benoist-savoie","status":"publish","type":"product","link":"https:\/\/artculture6.com\/index.php\/product\/antique-engraving-haute-combe-abbey-lake-bourget-france-1864-benoist-savoie\/","title":{"rendered":"Antique Engraving Haute-combe Abbey Lake Bourget France 1864 Benoist Savoie"},"content":{"rendered":"<p style=\"font-weight: 400;\">R\u00e9f\u00e9rence\u00a0B3316R791<\/p>\n<p style=\"font-weight: 400;\" data-end=\"372\" data-start=\"311\">Magnifique gravure ancienne repr\u00e9sentant l&rsquo;abbaye de Hautecombe sur le lac du Bourget, pr\u00e8s d&rsquo;Aix-les-Bains en Savoie. Cette vue remarquable immortalise le c\u00e9l\u00e8bre monast\u00e8re lacustre se d\u00e9tachant sur un paysage alpin serein, avec des barques naviguant sur les eaux calmes et des promeneurs longeant le rivage. La composition, d&rsquo;un bel \u00e9quilibre, allie l&rsquo;int\u00e9r\u00eat architectural \u00e0 une vaste vue panoramique sur le lac, ce qui en fait l&rsquo;un des sujets les plus embl\u00e9matiques de la s\u00e9rie \u00ab Nice et Savoie \u00bb. La finesse de la gravure met en valeur les d\u00e9tails d\u00e9licats de l&rsquo;abbaye, de la v\u00e9g\u00e9tation et des reflets sur l&rsquo;eau. R\u00e9alis\u00e9e par F\u00e9lix Benoist vers 1864 et imprim\u00e9e \u00e0 Paris, cette \u0153uvre est caract\u00e9ristique des gravures topographiques fran\u00e7aises de grande qualit\u00e9 du XIXe si\u00e8cle. Dimensions de la feuille : 42,2 cm \u00d7 31 cm, dimensions de la gravure seule : 32,1 \u00d7 22 cm.<\/p>\n","protected":false},"excerpt":{"rendered":"<p>Antique engraving of Hautecombe Abbey on Lake Bourget, France, 1864, fine detail, wove paper, excellent condition.<\/p>\n","protected":false},"featured_media":1897,"comment_status":"open","ping_status":"closed","template":"","meta":[],"product_brand":[],"product_cat":[549,521,554,458],"product_tag":[820,993,1080,990,648,1029,1206,1003,1209,987,1210,1205,1185,1208,992,1207,819,816,1111,1022],"class_list":{"0":"post-1896","1":"product","2":"type-product","3":"status-publish","4":"has-post-thumbnail","6":"product_cat-gravures-par-siecles","7":"product_cat-gravures-xix-siecle","8":"product_cat-lithographie","9":"product_cat-savoie","10":"product_tag-820","11":"product_tag-19th-century","12":"product_tag-abbey","13":"product_tag-alps","14":"product_tag-antique-engraving","15":"product_tag-architecture","16":"product_tag-benoist","17":"product_tag-collectible-print","18":"product_tag-european-art","19":"product_tag-france","20":"product_tag-french-engraving","21":"product_tag-hautecombe-abbey","22":"product_tag-lake-bourget","23":"product_tag-lake-scene","24":"product_tag-landscape","25":"product_tag-monastery","26":"product_tag-nice-et-savoie","27":"product_tag-savoie","28":"product_tag-scenic-view","29":"product_tag-vintage-print","31":"first","32":"instock","33":"shipping-taxable","34":"purchasable","35":"product-type-simple"},"_links":{"self":[{"href":"https:\/\/artculture6.com\/index.php\/wp-json\/wp\/v2\/product\/1896","targetHints":{"allow":["GET"]}}],"collection":[{"href":"https:\/\/artculture6.com\/index.php\/wp-json\/wp\/v2\/product"}],"about":[{"href":"https:\/\/artculture6.com\/index.php\/wp-json\/wp\/v2\/types\/product"}],"replies":[{"embeddable":true,"href":"https:\/\/artculture6.com\/index.php\/wp-json\/wp\/v2\/comments?post=1896"}],"wp:featuredmedia":[{"embeddable":true,"href":"https:\/\/artculture6.com\/index.php\/wp-json\/wp\/v2\/media\/1897"}],"wp:attachment":[{"href":"https:\/\/artculture6.com\/index.php\/wp-json\/wp\/v2\/media?parent=1896"}],"wp:term":[{"taxonomy":"product_brand","embeddable":true,"href":"https:\/\/artculture6.com\/index.php\/wp-json\/wp\/v2\/product_brand?post=1896"},{"taxonomy":"product_cat","embeddable":true,"href":"https:\/\/artculture6.com\/index.php\/wp-json\/wp\/v2\/product_cat?post=1896"},{"taxonomy":"product_tag","embeddable":true,"href":"https:\/\/artculture6.com\/index.php\/wp-json\/wp\/v2\/product_tag?post=1896"}],"curies":[{"name":"wp","href":"https:\/\/api.w.org\/{rel}","templated":true}]}}