{"id":1890,"date":"2026-04-04T11:34:53","date_gmt":"2026-04-04T09:34:53","guid":{"rendered":"https:\/\/artculture6.com\/?post_type=product&#038;p=1890"},"modified":"2026-04-04T11:34:53","modified_gmt":"2026-04-04T09:34:53","slug":"antique-engraving-les-echelles-france-alps-1864-benoist-village-scene-savoie","status":"publish","type":"product","link":"https:\/\/artculture6.com\/index.php\/product\/antique-engraving-les-echelles-france-alps-1864-benoist-village-scene-savoie\/","title":{"rendered":"Antique Engraving Les Echelles France Alps 1864 Benoist Village Scene Savoie"},"content":{"rendered":"<p style=\"font-weight: 400;\">R\u00e9f\u00e9rence\u00a0B3318R789<\/p>\n<p style=\"font-weight: 400;\" data-end=\"372\" data-start=\"311\">Je vous propose cette lithographie originale du XIXe si\u00e8cle qui repr\u00e9sente\u00a0la ville des \u00c9chelles en Savoie, anim\u00e9e par une sc\u00e8ne de vie au bord de l\u2019eau avec p\u00eacheurs et habitants. La composition met en valeur un barrage ou ouvrage hydraulique au premier plan, tandis que le village s\u2019\u00e9tend \u00e0 l\u2019arri\u00e8re avec ses maisons, son \u00e9glise et les reliefs caract\u00e9ristiques des Alpes.<\/p>\n<p style=\"font-weight: 400;\" data-start=\"531\" data-end=\"791\">Cette vue est particuli\u00e8rement int\u00e9ressante pour son aspect documentaire : elle illustre \u00e0 la fois l\u2019activit\u00e9 rurale, l\u2019am\u00e9nagement hydraulique et l\u2019architecture savoyarde du XIXe si\u00e8cle. La pr\u00e9sence de personnages donne vie \u00e0 la sc\u00e8ne et renforce son attrait.<\/p>\n<p style=\"font-weight: 400;\" data-start=\"793\" data-end=\"992\">Impression sur papier v\u00e9lin avec marges.<\/p>\n<p style=\"font-weight: 400;\" data-start=\"1036\" data-end=\"1099\">Format feuille : 47,7 \u00d7 32,4 cm<br data-start=\"1067\" data-end=\"1070\" \/>Format image : 31 \u00d7 22,5 cm<\/p>\n<p style=\"font-weight: 400;\" data-start=\"1101\" data-end=\"1123\">Tr\u00e8s bel \u00e9tat g\u00e9n\u00e9ral.<\/p>\n","protected":false},"excerpt":{"rendered":"<p data-start=\"1157\" data-end=\"1282\">Gravure ancienne des \u00c9chelles (Savoie), sc\u00e8ne anim\u00e9e avec barrage et village, Benoist 1864, papier v\u00e9lin, belle conservation.<\/p>\n","protected":false},"featured_media":1891,"comment_status":"open","ping_status":"closed","template":"","meta":[],"product_brand":[],"product_cat":[554,458],"product_tag":[820,821,153,1203,1204,898,834,987,154,1199,817,825,819,945,972,1201,1202,816,1200,986,830],"class_list":{"0":"post-1890","1":"product","2":"type-product","3":"status-publish","4":"has-post-thumbnail","6":"product_cat-lithographie","7":"product_cat-savoie","8":"product_tag-820","9":"product_tag-alpes","10":"product_tag-art-ancien","11":"product_tag-barrage","12":"product_tag-collection","13":"product_tag-estampe","14":"product_tag-felix-benoist","15":"product_tag-france","16":"product_tag-gravure-ancienne","17":"product_tag-les-echelles","18":"product_tag-lithographie","19":"product_tag-montagne","20":"product_tag-nice-et-savoie","21":"product_tag-patrimoine","22":"product_tag-paysage","23":"product_tag-pecheurs","24":"product_tag-riviere","25":"product_tag-savoie","26":"product_tag-scene-de-vie","27":"product_tag-village","28":"product_tag-vue-ancienne","30":"first","31":"instock","32":"shipping-taxable","33":"purchasable","34":"product-type-simple"},"_links":{"self":[{"href":"https:\/\/artculture6.com\/index.php\/wp-json\/wp\/v2\/product\/1890","targetHints":{"allow":["GET"]}}],"collection":[{"href":"https:\/\/artculture6.com\/index.php\/wp-json\/wp\/v2\/product"}],"about":[{"href":"https:\/\/artculture6.com\/index.php\/wp-json\/wp\/v2\/types\/product"}],"replies":[{"embeddable":true,"href":"https:\/\/artculture6.com\/index.php\/wp-json\/wp\/v2\/comments?post=1890"}],"wp:featuredmedia":[{"embeddable":true,"href":"https:\/\/artculture6.com\/index.php\/wp-json\/wp\/v2\/media\/1891"}],"wp:attachment":[{"href":"https:\/\/artculture6.com\/index.php\/wp-json\/wp\/v2\/media?parent=1890"}],"wp:term":[{"taxonomy":"product_brand","embeddable":true,"href":"https:\/\/artculture6.com\/index.php\/wp-json\/wp\/v2\/product_brand?post=1890"},{"taxonomy":"product_cat","embeddable":true,"href":"https:\/\/artculture6.com\/index.php\/wp-json\/wp\/v2\/product_cat?post=1890"},{"taxonomy":"product_tag","embeddable":true,"href":"https:\/\/artculture6.com\/index.php\/wp-json\/wp\/v2\/product_tag?post=1890"}],"curies":[{"name":"wp","href":"https:\/\/api.w.org\/{rel}","templated":true}]}}