{"id":1882,"date":"2026-04-04T11:19:01","date_gmt":"2026-04-04T09:19:01","guid":{"rendered":"https:\/\/artculture6.com\/?post_type=product&#038;p=1882"},"modified":"2026-04-04T11:19:01","modified_gmt":"2026-04-04T09:19:01","slug":"st-jean-de-maurienne-cathedral-antique-lithograph-1864-benoist-france-savoie","status":"publish","type":"product","link":"https:\/\/artculture6.com\/index.php\/product\/st-jean-de-maurienne-cathedral-antique-lithograph-1864-benoist-france-savoie\/","title":{"rendered":"St Jean de Maurienne Cathedral Antique Lithograph 1864 Benoist France Savoie"},"content":{"rendered":"<p style=\"font-weight: 400;\">R\u00e9f\u00e9rence\u00a0B3316R789<\/p>\n<p style=\"font-weight: 400;\" data-end=\"372\" data-start=\"311\">Je vous propose cette lithographie originale du XIXe si\u00e8cle qui repr\u00e9sente l\u2019int\u00e9rieur de la cath\u00e9drale Saint-Jean-de-Maurienne, vue prise du sanctuaire, en Savoie. Cette sc\u00e8ne richement d\u00e9taill\u00e9e illustre l\u2019architecture gothique de l\u2019\u00e9difice, avec ses vo\u00fbtes \u00e9lanc\u00e9es, son ch\u0153ur orn\u00e9 de boiseries sculpt\u00e9es et ses autels finement d\u00e9cor\u00e9s. Des personnages en costume d\u2019\u00e9poque animent la composition, renfor\u00e7ant l\u2019int\u00e9r\u00eat historique et documentaire de l\u2019\u0153uvre.\u00a0Le travail de gravure, d\u2019une grande finesse, restitue avec pr\u00e9cision les volumes, la lumi\u00e8re et les ornements religieux.<\/p>\n<p style=\"font-weight: 400;\" data-end=\"372\" data-start=\"311\">Impression sur papier v\u00e9lin, avec de larges marges, typique des grandes \u00e9ditions du XIXe si\u00e8cle.<\/p>\n<p style=\"font-weight: 400;\" data-start=\"1013\" data-end=\"1076\">Format feuille : 40,7 \u00d7 28 cm<br data-start=\"1044\" data-end=\"1047\" \/>Format gravure : 30,7 \u00d7 22 cm<\/p>\n<p style=\"font-weight: 400;\" data-start=\"1078\" data-end=\"1100\">Tr\u00e8s bel \u00e9tat g\u00e9n\u00e9ral.<\/p>\n","protected":false},"excerpt":{"rendered":"<p data-start=\"1566\" data-end=\"1642\"><strong data-start=\"1566\" data-end=\"1640\">Antique 1864 lithograph of Saint-Jean-de-Maurienne Cathedral (France).<\/strong><\/p>\n<p data-start=\"1644\" data-end=\"1685\">Architectural view with Alpine setting.<\/p>\n<p data-start=\"1687\" data-end=\"1785\"><strong data-start=\"1687\" data-end=\"1697\">Sheet:<\/strong> 47.7 \u00d7 31.7 cm \u2013 <strong data-start=\"1715\" data-end=\"1725\">Image:<\/strong> 31.7 \u00d7 23 cm<br data-start=\"1738\" data-end=\"1741\" \/>Printed on <strong data-start=\"1752\" data-end=\"1768\">papier v\u00e9lin<\/strong>. Good condition.<\/p>\n","protected":false},"featured_media":1884,"comment_status":"open","ping_status":"closed","template":"","meta":[],"product_brand":[],"product_cat":[554,458,550],"product_tag":[1168,998,1146,737,1196,1198,1003,834,984,819,1197,1195,816,1025,1155],"class_list":{"0":"post-1882","1":"product","2":"type-product","3":"status-publish","4":"has-post-thumbnail","6":"product_cat-lithographie","7":"product_cat-savoie","8":"product_cat-technique","9":"product_tag-1864-lithograph","10":"product_tag-19th-century-print","11":"product_tag-alps-lithograph","12":"product_tag-antique-print","13":"product_tag-cathedral","14":"product_tag-church-print","15":"product_tag-collectible-print","16":"product_tag-felix-benoist","17":"product_tag-french-alps","18":"product_tag-nice-et-savoie","19":"product_tag-religious-architecture","20":"product_tag-saint-jean-de-maurienne","21":"product_tag-savoie","22":"product_tag-savoy-france","23":"product_tag-vintage-wall-art","25":"first","26":"instock","27":"shipping-taxable","28":"purchasable","29":"product-type-simple"},"_links":{"self":[{"href":"https:\/\/artculture6.com\/index.php\/wp-json\/wp\/v2\/product\/1882","targetHints":{"allow":["GET"]}}],"collection":[{"href":"https:\/\/artculture6.com\/index.php\/wp-json\/wp\/v2\/product"}],"about":[{"href":"https:\/\/artculture6.com\/index.php\/wp-json\/wp\/v2\/types\/product"}],"replies":[{"embeddable":true,"href":"https:\/\/artculture6.com\/index.php\/wp-json\/wp\/v2\/comments?post=1882"}],"wp:featuredmedia":[{"embeddable":true,"href":"https:\/\/artculture6.com\/index.php\/wp-json\/wp\/v2\/media\/1884"}],"wp:attachment":[{"href":"https:\/\/artculture6.com\/index.php\/wp-json\/wp\/v2\/media?parent=1882"}],"wp:term":[{"taxonomy":"product_brand","embeddable":true,"href":"https:\/\/artculture6.com\/index.php\/wp-json\/wp\/v2\/product_brand?post=1882"},{"taxonomy":"product_cat","embeddable":true,"href":"https:\/\/artculture6.com\/index.php\/wp-json\/wp\/v2\/product_cat?post=1882"},{"taxonomy":"product_tag","embeddable":true,"href":"https:\/\/artculture6.com\/index.php\/wp-json\/wp\/v2\/product_tag?post=1882"}],"curies":[{"name":"wp","href":"https:\/\/api.w.org\/{rel}","templated":true}]}}