{"id":1875,"date":"2026-04-04T10:48:31","date_gmt":"2026-04-04T08:48:31","guid":{"rendered":"https:\/\/artculture6.com\/?post_type=product&#038;p=1875"},"modified":"2026-04-04T10:48:31","modified_gmt":"2026-04-04T08:48:31","slug":"la-rochette-france-antique-lithograph-1864-benoist-savoy-river-view-savoie","status":"publish","type":"product","link":"https:\/\/artculture6.com\/index.php\/product\/la-rochette-france-antique-lithograph-1864-benoist-savoy-river-view-savoie\/","title":{"rendered":"La Rochette France Antique Lithograph 1864 Benoist Savoy River View Savoie"},"content":{"rendered":"<p style=\"font-weight: 400;\">R\u00e9f\u00e9rence\u00a0B3315R789<\/p>\n<p style=\"font-weight: 400;\" data-end=\"372\" data-start=\"311\">Je vous propose cette lithographie originale du XIXe si\u00e8cle qui repr\u00e9sente\u00a0La Rochette, charmante ville de Savoie, dans les Alpes fran\u00e7aises, au sein d&rsquo;un paysage vivant et d\u00e9taill\u00e9.\u00a0Publi\u00e9e vers 1864 par F\u00e9lix Benoist, cette \u0153uvre fait partie de l&rsquo;importante s\u00e9rie Nice et Savoie, qui documente la r\u00e9gion peu apr\u00e8s son rattachement \u00e0 la France.<\/p>\n<p style=\"font-weight: 400;\" data-end=\"372\" data-start=\"311\">La sc\u00e8ne s&rsquo;articule autour d&rsquo;un \u00e9l\u00e9ment aquatique dynamique au premier plan, probablement un barrage ou un ouvrage hydraulique, o\u00f9 l&rsquo;eau s&rsquo;\u00e9coule en cascade sur des \u00e9l\u00e9ments en bois. Ce mouvement cr\u00e9e un int\u00e9r\u00eat visuel, contrastant avec la s\u00e9r\u00e9nit\u00e9 du paysage architectural \u00e0 l&rsquo;arri\u00e8re-plan.\u00a0Des maisons alpines traditionnelles, une \u00e9glise et un ch\u00e2teau dominant la vall\u00e9e au loin compl\u00e8tent la composition, tandis que de petits personnages animent la vie rurale.\u00a0L&rsquo;\u00e9quilibre entre les \u00e9l\u00e9ments naturels, l&rsquo;architecture et l&rsquo;activit\u00e9 humaine rend cette estampe particuli\u00e8rement d\u00e9corative et captivante.<\/p>\n<p style=\"font-weight: 400;\" data-end=\"372\" data-start=\"311\">Imprim\u00e9e sur un papier v\u00e9lin, la lithographie pr\u00e9sente un travail tonal d\u00e9licat et une subtile colorisation \u00e0 la main, qui accentuent la profondeur et la texture.<\/p>\n<p style=\"font-weight: 400;\" data-end=\"372\" data-start=\"311\">La feuille fait : 47,7 \u00d7 31,7 cm<\/p>\n<p style=\"font-weight: 400;\" data-end=\"372\" data-start=\"311\">Image : 31,7 cm \u00d7 23 cm<\/p>\n<p style=\"font-weight: 400;\" data-end=\"372\" data-start=\"311\">Une pi\u00e8ce tr\u00e8s d\u00e9corative et de collection, id\u00e9ale pour les collectionneurs de sc\u00e8nes de villages alpins, de paysages fluviaux et d&rsquo;estampes fran\u00e7aises du XIXe si\u00e8cle.<\/p>\n","protected":false},"excerpt":{"rendered":"<p data-start=\"1727\" data-end=\"1805\"><strong data-start=\"1727\" data-end=\"1803\">Antique 1864 lithograph of La Rochette (Savoy, France) by F\u00e9lix Benoist.<\/strong><\/p>\n<p data-start=\"1807\" data-end=\"1857\">Charming village scene with watermill and river.<\/p>\n<p data-start=\"1859\" data-end=\"1957\"><strong data-start=\"1859\" data-end=\"1869\">Sheet:<\/strong> 47.7 \u00d7 31.7 cm \u2013 <strong data-start=\"1887\" data-end=\"1897\">Image:<\/strong> 31.7 \u00d7 23 cm<br data-start=\"1910\" data-end=\"1913\" \/>Printed on <strong data-start=\"1924\" data-end=\"1940\">papier v\u00e9lin<\/strong>. Good condition.<\/p>\n","protected":false},"featured_media":1876,"comment_status":"open","ping_status":"closed","template":"","meta":[],"product_brand":[],"product_cat":[554,458,550],"product_tag":[1194],"class_list":{"0":"post-1875","1":"product","2":"type-product","3":"status-publish","4":"has-post-thumbnail","6":"product_cat-lithographie","7":"product_cat-savoie","8":"product_cat-technique","9":"product_tag-1194","11":"first","12":"instock","13":"shipping-taxable","14":"purchasable","15":"product-type-simple"},"_links":{"self":[{"href":"https:\/\/artculture6.com\/index.php\/wp-json\/wp\/v2\/product\/1875","targetHints":{"allow":["GET"]}}],"collection":[{"href":"https:\/\/artculture6.com\/index.php\/wp-json\/wp\/v2\/product"}],"about":[{"href":"https:\/\/artculture6.com\/index.php\/wp-json\/wp\/v2\/types\/product"}],"replies":[{"embeddable":true,"href":"https:\/\/artculture6.com\/index.php\/wp-json\/wp\/v2\/comments?post=1875"}],"wp:featuredmedia":[{"embeddable":true,"href":"https:\/\/artculture6.com\/index.php\/wp-json\/wp\/v2\/media\/1876"}],"wp:attachment":[{"href":"https:\/\/artculture6.com\/index.php\/wp-json\/wp\/v2\/media?parent=1875"}],"wp:term":[{"taxonomy":"product_brand","embeddable":true,"href":"https:\/\/artculture6.com\/index.php\/wp-json\/wp\/v2\/product_brand?post=1875"},{"taxonomy":"product_cat","embeddable":true,"href":"https:\/\/artculture6.com\/index.php\/wp-json\/wp\/v2\/product_cat?post=1875"},{"taxonomy":"product_tag","embeddable":true,"href":"https:\/\/artculture6.com\/index.php\/wp-json\/wp\/v2\/product_tag?post=1875"}],"curies":[{"name":"wp","href":"https:\/\/api.w.org\/{rel}","templated":true}]}}