{"id":1873,"date":"2026-04-04T09:16:11","date_gmt":"2026-04-04T07:16:11","guid":{"rendered":"https:\/\/artculture6.com\/?post_type=product&#038;p=1873"},"modified":"2026-04-04T09:16:11","modified_gmt":"2026-04-04T07:16:11","slug":"montmelian-france-antique-lithograph-1864-felix-benoist-savoy-alps-river-savoie","status":"publish","type":"product","link":"https:\/\/artculture6.com\/index.php\/product\/montmelian-france-antique-lithograph-1864-felix-benoist-savoy-alps-river-savoie\/","title":{"rendered":"MONTMELIAN France Antique Lithograph 1864 F\u00e9lix Benoist Savoy Alps River Savoie"},"content":{"rendered":"<p style=\"font-weight: 400;\">R\u00e9f\u00e9rence\u00a05401-19R789<\/p>\n<p style=\"font-weight: 400;\" data-end=\"372\" data-start=\"311\">Je vous propose cette lithographie originale du XIXe si\u00e8cle qui repr\u00e9sente\u00a0Montm\u00e9lian, ville historique de la r\u00e9gion Savoie, dans les Alpes fran\u00e7aises, vue depuis les rives de l&rsquo;Is\u00e8re.\u00a0Publi\u00e9e vers 1864 par F\u00e9lix Benoist.\u00a0La composition s&rsquo;articule autour de la rivi\u00e8re au premier plan, guidant le regard vers l&rsquo;\u00e9l\u00e9gant pont de pierre et la ville au-del\u00e0. Le rocher fortifi\u00e9 de Montm\u00e9lian se dresse majestueusement sur la gauche, soulignant l&rsquo;importance strat\u00e9gique du site.\u00a0Des personnages le long du chemin animent la sc\u00e8ne, lui conf\u00e9rant profondeur et pr\u00e9sence humaine, tandis que les montagnes alpines au loin cr\u00e9ent une perspective atmosph\u00e9rique raffin\u00e9e.<\/p>\n<p style=\"font-weight: 400;\" data-end=\"372\" data-start=\"311\">Imprim\u00e9e sur papier v\u00e9lin, cette lithographie pr\u00e9sente de d\u00e9licates transitions tonales et une subtile colorisation \u00e0 la main, qui rehaussent sa richesse visuelle.<\/p>\n<p style=\"font-weight: 400;\" data-end=\"372\" data-start=\"311\">La feuille fait : 47,7 cm \u00d7 33 cm, la gravure seule fait : 31 \u00d7 21,2 cm.Pi\u00e8ce d\u00e9corative et d\u2019une grande valeur historique, id\u00e9ale pour les collectionneurs de paysages alpins fran\u00e7ais, de paysages fluviaux et d\u2019estampes du XIXe si\u00e8cle.<\/p>\n","protected":false},"excerpt":{"rendered":"<p data-start=\"1595\" data-end=\"1672\"><strong data-start=\"1595\" data-end=\"1670\">Antique 1864 lithograph of Montm\u00e9lian (Savoy, France) by F\u00e9lix Benoist.<\/strong><\/p>\n<p data-start=\"1674\" data-end=\"1724\">River landscape with bridge and Alpine backdrop.<\/p>\n<p data-start=\"1726\" data-end=\"1822\"><strong data-start=\"1726\" data-end=\"1736\">Sheet:<\/strong> 47.7 \u00d7 33 cm \u2013 <strong data-start=\"1752\" data-end=\"1762\">Image:<\/strong> 31 \u00d7 21.2 cm<br data-start=\"1775\" data-end=\"1778\" \/>Printed on <strong data-start=\"1789\" data-end=\"1805\">papier v\u00e9lin<\/strong>. Good condition.<\/p>\n","protected":false},"featured_media":1874,"comment_status":"open","ping_status":"closed","template":"","meta":[],"product_brand":[],"product_cat":[549,521,554,458],"product_tag":[1168,998,1146,737,1192,1003,834,984,1193,1190,819,1191,816,1025,1155],"class_list":{"0":"post-1873","1":"product","2":"type-product","3":"status-publish","4":"has-post-thumbnail","6":"product_cat-gravures-par-siecles","7":"product_cat-gravures-xix-siecle","8":"product_cat-lithographie","9":"product_cat-savoie","10":"product_tag-1864-lithograph","11":"product_tag-19th-century-print","12":"product_tag-alps-lithograph","13":"product_tag-antique-print","14":"product_tag-bridge-view","15":"product_tag-collectible-print","16":"product_tag-felix-benoist","17":"product_tag-french-alps","18":"product_tag-landscape-decor","19":"product_tag-montmelian","20":"product_tag-nice-et-savoie","21":"product_tag-river-landscape","22":"product_tag-savoie","23":"product_tag-savoy-france","24":"product_tag-vintage-wall-art","26":"first","27":"instock","28":"shipping-taxable","29":"purchasable","30":"product-type-simple"},"_links":{"self":[{"href":"https:\/\/artculture6.com\/index.php\/wp-json\/wp\/v2\/product\/1873","targetHints":{"allow":["GET"]}}],"collection":[{"href":"https:\/\/artculture6.com\/index.php\/wp-json\/wp\/v2\/product"}],"about":[{"href":"https:\/\/artculture6.com\/index.php\/wp-json\/wp\/v2\/types\/product"}],"replies":[{"embeddable":true,"href":"https:\/\/artculture6.com\/index.php\/wp-json\/wp\/v2\/comments?post=1873"}],"wp:featuredmedia":[{"embeddable":true,"href":"https:\/\/artculture6.com\/index.php\/wp-json\/wp\/v2\/media\/1874"}],"wp:attachment":[{"href":"https:\/\/artculture6.com\/index.php\/wp-json\/wp\/v2\/media?parent=1873"}],"wp:term":[{"taxonomy":"product_brand","embeddable":true,"href":"https:\/\/artculture6.com\/index.php\/wp-json\/wp\/v2\/product_brand?post=1873"},{"taxonomy":"product_cat","embeddable":true,"href":"https:\/\/artculture6.com\/index.php\/wp-json\/wp\/v2\/product_cat?post=1873"},{"taxonomy":"product_tag","embeddable":true,"href":"https:\/\/artculture6.com\/index.php\/wp-json\/wp\/v2\/product_tag?post=1873"}],"curies":[{"name":"wp","href":"https:\/\/api.w.org\/{rel}","templated":true}]}}