{"id":1859,"date":"2026-04-03T12:20:13","date_gmt":"2026-04-03T10:20:13","guid":{"rendered":"https:\/\/artculture6.com\/?post_type=product&#038;p=1859"},"modified":"2026-04-03T12:20:13","modified_gmt":"2026-04-03T10:20:13","slug":"chambery-france-antique-lithograph-1864-felix-benoist-savoy-alps-alpes-savoie","status":"publish","type":"product","link":"https:\/\/artculture6.com\/index.php\/product\/chambery-france-antique-lithograph-1864-felix-benoist-savoy-alps-alpes-savoie\/","title":{"rendered":"CHAMBERY France Antique Lithograph 1864 F\u00e9lix Benoist Savoy Alps Alpes Savoie"},"content":{"rendered":"<p style=\"font-weight: 400;\">R\u00e9f\u00e9rence\u00a05401-17R789<\/p>\n<p style=\"font-weight: 400;\" data-end=\"372\" data-start=\"311\">Je vous propose cette lithographie originale du XIXe si\u00e8cle qui repr\u00e9sente\u00a0Chamb\u00e9ry, capitale historique de la Savoie, vue panoramique depuis L\u00e9menc, dominant la ville et le paysage alpin environnant.<\/p>\n<p style=\"font-weight: 400;\" data-end=\"372\" data-start=\"311\">R\u00e9alis\u00e9e vers 1864 par F\u00e9lix Benoist, cette estampe documentant la r\u00e9gion peu apr\u00e8s son rattachement \u00e0 la France (1860).<\/p>\n<p style=\"font-weight: 400;\" data-end=\"372\" data-start=\"311\">La composition est particuli\u00e8rement raffin\u00e9e : au premier plan, un promontoire rocheux et une rotonde encadrent la sc\u00e8ne, tandis que la ville se d\u00e9ploie en contrebas avec une grande pr\u00e9cision architecturale. Avenues arbor\u00e9es, b\u00e2timents et cha\u00eenes de montagnes au loin cr\u00e9ent une perspective en plans superpos\u00e9s d\u2019une profondeur remarquable.\u00a0Des personnages et des animaux animent subtilement le paysage, lui conf\u00e9rant vie et \u00e9chelle, une caract\u00e9ristique de l\u2019\u0153uvre de Benoist.\u00a0Imprim\u00e9e sur papier v\u00e9lin, la lithographie pr\u00e9sente de d\u00e9licates gradations de tons rehauss\u00e9es d\u2019une l\u00e9g\u00e8re coloration \u00e0 la main, accentuant \u00e0 la fois le r\u00e9alisme et l\u2019attrait d\u00e9coratif.\u00a0La feuille fait: 47,5 cm \u00d7 31,5 cm, la gravure seule fait : 31,3 cm \u00d7 22 cm\u00a0Pi\u00e8ce de collection tr\u00e8s recherch\u00e9e et d\u00e9corative, id\u00e9ale pour les collectionneurs de vues de villes fran\u00e7aises, d\u2019histoire de la Savoie et de paysages alpins.<\/p>\n","protected":false},"excerpt":{"rendered":"<p data-start=\"1649\" data-end=\"1724\"><strong data-start=\"1649\" data-end=\"1722\">Antique 1864 lithograph of Chamb\u00e9ry (Savoy, France) by F\u00e9lix Benoist.<\/strong><\/p>\n<p data-start=\"1726\" data-end=\"1791\">Panoramic city view from L\u00e9menc with fine architectural detail.<\/p>\n<p data-start=\"1793\" data-end=\"1839\">Printed on <strong data-start=\"1804\" data-end=\"1820\">papier v\u00e9lin<\/strong>.<br data-start=\"1821\" data-end=\"1824\" \/>Good condition.<\/p>\n","protected":false},"featured_media":1866,"comment_status":"open","ping_status":"closed","template":"","meta":[],"product_brand":[],"product_cat":[554,355,458],"product_tag":[1168,998,1146,737,1184,1182,1169,1003,834,984,1183,819,816,1025,1155],"class_list":{"0":"post-1859","1":"product","2":"type-product","3":"status-publish","4":"has-post-thumbnail","6":"product_cat-lithographie","7":"product_cat-paysages","8":"product_cat-savoie","9":"product_tag-1864-lithograph","10":"product_tag-19th-century-print","11":"product_tag-alps-lithograph","12":"product_tag-antique-print","13":"product_tag-architecture-print","14":"product_tag-chambery","15":"product_tag-city-view","16":"product_tag-collectible-print","17":"product_tag-felix-benoist","18":"product_tag-french-alps","19":"product_tag-lemenc","20":"product_tag-nice-et-savoie","21":"product_tag-savoie","22":"product_tag-savoy-france","23":"product_tag-vintage-wall-art","25":"first","26":"instock","27":"shipping-taxable","28":"purchasable","29":"product-type-simple"},"_links":{"self":[{"href":"https:\/\/artculture6.com\/index.php\/wp-json\/wp\/v2\/product\/1859","targetHints":{"allow":["GET"]}}],"collection":[{"href":"https:\/\/artculture6.com\/index.php\/wp-json\/wp\/v2\/product"}],"about":[{"href":"https:\/\/artculture6.com\/index.php\/wp-json\/wp\/v2\/types\/product"}],"replies":[{"embeddable":true,"href":"https:\/\/artculture6.com\/index.php\/wp-json\/wp\/v2\/comments?post=1859"}],"wp:featuredmedia":[{"embeddable":true,"href":"https:\/\/artculture6.com\/index.php\/wp-json\/wp\/v2\/media\/1866"}],"wp:attachment":[{"href":"https:\/\/artculture6.com\/index.php\/wp-json\/wp\/v2\/media?parent=1859"}],"wp:term":[{"taxonomy":"product_brand","embeddable":true,"href":"https:\/\/artculture6.com\/index.php\/wp-json\/wp\/v2\/product_brand?post=1859"},{"taxonomy":"product_cat","embeddable":true,"href":"https:\/\/artculture6.com\/index.php\/wp-json\/wp\/v2\/product_cat?post=1859"},{"taxonomy":"product_tag","embeddable":true,"href":"https:\/\/artculture6.com\/index.php\/wp-json\/wp\/v2\/product_tag?post=1859"}],"curies":[{"name":"wp","href":"https:\/\/api.w.org\/{rel}","templated":true}]}}