{"id":185,"date":"2026-03-02T19:13:03","date_gmt":"2026-03-02T19:13:03","guid":{"rendered":"http:\/\/tbmglwe.cluster100.hosting.ovh.net\/?post_type=product&#038;p=185"},"modified":"2026-03-09T12:35:38","modified_gmt":"2026-03-09T12:35:38","slug":"rembrandt-van-rijn-saint-pierre-au-milieu-des-valets-du-grand-pretre-helio-1898","status":"publish","type":"product","link":"https:\/\/artculture6.com\/index.php\/product\/rembrandt-van-rijn-saint-pierre-au-milieu-des-valets-du-grand-pretre-helio-1898\/","title":{"rendered":"Rembrandt van Rijn Saint Pierre au milieu des valets du grand pr\u00eatre H\u00e9lio 1898"},"content":{"rendered":"<p data-start=\"96\" data-end=\"283\">H\u00e9liogravure ancienne de 1898 d\u2019apr\u00e8s Rembrandt van Rijn (1606-1669), repr\u00e9sentant <strong data-start=\"179\" data-end=\"232\">Saint Pierre au milieu des valets du grand pr\u00eatre<\/strong>, sc\u00e8ne issue des \u00e9pisodes de la Passion du Christ.<\/p>\n<p data-start=\"285\" data-end=\"605\">La composition est domin\u00e9e par un clair-obscur dramatique, caract\u00e9ristique des premi\u00e8res \u0153uvres du ma\u00eetre hollandais (vers 1629-1631). Les figures \u00e9mergent de l\u2019ombre dans une atmosph\u00e8re tendue et intimiste ; la lumi\u00e8re concentre l\u2019attention sur les visages et les gestes, renfor\u00e7ant l\u2019intensit\u00e9 psychologique du moment.<\/p>\n<p data-start=\"607\" data-end=\"788\">Le proc\u00e9d\u00e9 d\u2019h\u00e9liogravure, tr\u00e8s recherch\u00e9 \u00e0 la fin du XIXe si\u00e8cle, restitue avec profondeur les noirs et la richesse des contrastes tout en respectant l\u2019esprit de l\u2019\u0153uvre originale.<\/p>\n<p data-start=\"790\" data-end=\"842\">Belle \u00e9preuve ancienne sur papier, marges pr\u00e9sentes.<\/p>\n<p data-start=\"844\" data-end=\"919\"><strong data-start=\"844\" data-end=\"876\">Format papier : 30 \u00d7 25,5 cm<\/strong><br data-start=\"876\" data-end=\"879\" \/><strong data-start=\"879\" data-end=\"919\">Dimensions de l\u2019image : 20 \u00d7 15,6 cm<\/strong><\/p>\n<p data-start=\"921\" data-end=\"1027\">Reproduction ancienne de qualit\u00e9, id\u00e9ale pour amateur d\u2019estampes, d\u2019art religieux et de gravure classique.<\/p>\n","protected":false},"excerpt":{"rendered":"<p>H\u00e9liogravure ancienne (1898) d\u2019apr\u00e8s Rembrandt, <em data-start=\"1126\" data-end=\"1177\">Saint Pierre au milieu des valets du grand pr\u00eatre<\/em>. Clair-obscur dramatique. Format papier 30 \u00d7 25,5 cm ; image 20 \u00d7 15,6 cm.<\/p>\n","protected":false},"featured_media":186,"comment_status":"open","ping_status":"closed","template":"","meta":[],"product_brand":[],"product_cat":[557,521,199,514,598],"product_tag":[153,161,150,151,141,160,154,162,147,156,152,159,144,157,158],"class_list":{"0":"post-185","1":"product","2":"type-product","3":"status-publish","4":"has-post-thumbnail","6":"product_cat-artistes-2","7":"product_cat-gravures-xix-siecle","8":"product_cat-par-categories-2","9":"product_cat-rembrandt-van-rijn","10":"product_cat-rembrandt-van-rijn-1606-1669","11":"product_tag-art-ancien","12":"product_tag-art-biblique","13":"product_tag-art-religieux","14":"product_tag-clair-obscur","15":"product_tag-collection-estampe","16":"product_tag-estampe-xixe","17":"product_tag-gravure-ancienne","18":"product_tag-gravure-classique","19":"product_tag-heliogravure","20":"product_tag-heliogravure-1898","21":"product_tag-maitre-hollandais","22":"product_tag-passion-du-christ","23":"product_tag-rembrandt","24":"product_tag-rembrandt-van-rijn","25":"product_tag-saint-pierre","27":"first","28":"instock","29":"shipping-taxable","30":"purchasable","31":"product-type-simple"},"_links":{"self":[{"href":"https:\/\/artculture6.com\/index.php\/wp-json\/wp\/v2\/product\/185","targetHints":{"allow":["GET"]}}],"collection":[{"href":"https:\/\/artculture6.com\/index.php\/wp-json\/wp\/v2\/product"}],"about":[{"href":"https:\/\/artculture6.com\/index.php\/wp-json\/wp\/v2\/types\/product"}],"replies":[{"embeddable":true,"href":"https:\/\/artculture6.com\/index.php\/wp-json\/wp\/v2\/comments?post=185"}],"wp:featuredmedia":[{"embeddable":true,"href":"https:\/\/artculture6.com\/index.php\/wp-json\/wp\/v2\/media\/186"}],"wp:attachment":[{"href":"https:\/\/artculture6.com\/index.php\/wp-json\/wp\/v2\/media?parent=185"}],"wp:term":[{"taxonomy":"product_brand","embeddable":true,"href":"https:\/\/artculture6.com\/index.php\/wp-json\/wp\/v2\/product_brand?post=185"},{"taxonomy":"product_cat","embeddable":true,"href":"https:\/\/artculture6.com\/index.php\/wp-json\/wp\/v2\/product_cat?post=185"},{"taxonomy":"product_tag","embeddable":true,"href":"https:\/\/artculture6.com\/index.php\/wp-json\/wp\/v2\/product_tag?post=185"}],"curies":[{"name":"wp","href":"https:\/\/api.w.org\/{rel}","templated":true}]}}