{"id":1841,"date":"2026-04-02T18:44:42","date_gmt":"2026-04-02T16:44:42","guid":{"rendered":"https:\/\/artculture6.com\/?post_type=product&#038;p=1841"},"modified":"2026-04-02T18:44:42","modified_gmt":"2026-04-02T16:44:42","slug":"albertville-conflans-savoie-antique-lithograph-1864-felix-benoist-french-alps","status":"publish","type":"product","link":"https:\/\/artculture6.com\/index.php\/product\/albertville-conflans-savoie-antique-lithograph-1864-felix-benoist-french-alps\/","title":{"rendered":"ALBERTVILLE &#038; CONFLANS Savoie Antique Lithograph 1864 F\u00e9lix Benoist French Alps"},"content":{"rendered":"<p style=\"font-weight: 400;\">R\u00e9f\u00e9rence\u00a05401-14R789<\/p>\n<p style=\"font-weight: 400;\" data-end=\"372\" data-start=\"311\">Je vous propose cette lithographie originale du XIXe si\u00e8cle qui repr\u00e9sente Albertville et Conflans, en Savoie, dans les Alpes fran\u00e7aises. Publi\u00e9e vers 1864 par F\u00e9lix Benoist elle offre une vue panoramique raffin\u00e9e depuis Conflans, dominant Albertville et la vall\u00e9e environnante. La ville haute fortifi\u00e9e contraste \u00e9l\u00e9gamment avec le paysage plus ouvert de la plaine, structur\u00e9 par la rivi\u00e8re et de longues all\u00e9es arbor\u00e9es.<\/p>\n<p style=\"font-weight: 400;\" data-end=\"372\" data-start=\"311\">Des personnages au premier plan animent la sc\u00e8ne, lui conf\u00e9rant une dimension sociale et pittoresque caract\u00e9ristique de l&rsquo;\u0153uvre de Benoist. La lithographie allie pr\u00e9cision topographique et \u00e9quilibre artistique, ce qui en fait \u00e0 la fois une \u0153uvre documentaire et d\u00e9corative.<\/p>\n<p style=\"font-weight: 400;\" data-end=\"372\" data-start=\"311\">R\u00e9alis\u00e9e peu apr\u00e8s l&rsquo;annexion de la Savoie \u00e0 la France (1860), cette \u0153uvre fait partie d&rsquo;un important corpus visuel illustrant la r\u00e9gion au milieu du XIXe si\u00e8cle.<\/p>\n<p style=\"font-weight: 400;\" data-end=\"372\" data-start=\"311\">Imprim\u00e9e sur papier v\u00e9lin fin, l&rsquo;estampe pr\u00e9sente de subtiles gradations tonales et une d\u00e9licate coloration \u00e0 la main, accentuant la profondeur et la perspective atmosph\u00e9rique.<\/p>\n<p style=\"font-weight: 400;\" data-end=\"372\" data-start=\"311\">La feuille fait: 47,5 cm \u00d7 32,5 cm, la gravure seule fait : 32 cm \u00d7 21,5 cm<\/p>\n","protected":false},"excerpt":{"rendered":"<p data-start=\"1617\" data-end=\"1737\"><strong data-start=\"1617\" data-end=\"1735\">Antique 1864 lithograph of Albertville &amp; Conflans (Savoie, French Alps) by F\u00e9lix Benoist. Printed on papier v\u00e9lin.<\/strong><\/p>\n<p data-start=\"1739\" data-end=\"1809\">Elegant panoramic city and valley view with fine detail and figures.<\/p>\n<p data-start=\"1811\" data-end=\"1902\"><strong data-start=\"1811\" data-end=\"1821\">Sheet:<\/strong> 47.5 \u00d7 32.5 cm \u2013 <strong data-start=\"1839\" data-end=\"1849\">Image:<\/strong> 32.2 \u00d7 21.8 cm<br data-start=\"1864\" data-end=\"1867\" \/>Good condition with light age wear.<\/p>\n","protected":false},"featured_media":1848,"comment_status":"open","ping_status":"closed","template":"","meta":[],"product_brand":[],"product_cat":[521,554,458],"product_tag":[1168,998,1166,1170,1146,737,1171,1169,1003,1167,834,609,984,819,816,1155],"class_list":{"0":"post-1841","1":"product","2":"type-product","3":"status-publish","4":"has-post-thumbnail","6":"product_cat-gravures-xix-siecle","7":"product_cat-lithographie","8":"product_cat-savoie","9":"product_tag-1864-lithograph","10":"product_tag-19th-century-print","11":"product_tag-albertville","12":"product_tag-alpine-town","13":"product_tag-alps-lithograph","14":"product_tag-antique-print","15":"product_tag-architectural-landscape","16":"product_tag-city-view","17":"product_tag-collectible-print","18":"product_tag-conflans","19":"product_tag-felix-benoist","20":"product_tag-france-engraving","21":"product_tag-french-alps","22":"product_tag-nice-et-savoie","23":"product_tag-savoie","24":"product_tag-vintage-wall-art","26":"first","27":"instock","28":"shipping-taxable","29":"purchasable","30":"product-type-simple"},"_links":{"self":[{"href":"https:\/\/artculture6.com\/index.php\/wp-json\/wp\/v2\/product\/1841","targetHints":{"allow":["GET"]}}],"collection":[{"href":"https:\/\/artculture6.com\/index.php\/wp-json\/wp\/v2\/product"}],"about":[{"href":"https:\/\/artculture6.com\/index.php\/wp-json\/wp\/v2\/types\/product"}],"replies":[{"embeddable":true,"href":"https:\/\/artculture6.com\/index.php\/wp-json\/wp\/v2\/comments?post=1841"}],"wp:featuredmedia":[{"embeddable":true,"href":"https:\/\/artculture6.com\/index.php\/wp-json\/wp\/v2\/media\/1848"}],"wp:attachment":[{"href":"https:\/\/artculture6.com\/index.php\/wp-json\/wp\/v2\/media?parent=1841"}],"wp:term":[{"taxonomy":"product_brand","embeddable":true,"href":"https:\/\/artculture6.com\/index.php\/wp-json\/wp\/v2\/product_brand?post=1841"},{"taxonomy":"product_cat","embeddable":true,"href":"https:\/\/artculture6.com\/index.php\/wp-json\/wp\/v2\/product_cat?post=1841"},{"taxonomy":"product_tag","embeddable":true,"href":"https:\/\/artculture6.com\/index.php\/wp-json\/wp\/v2\/product_tag?post=1841"}],"curies":[{"name":"wp","href":"https:\/\/api.w.org\/{rel}","templated":true}]}}