{"id":1827,"date":"2026-04-02T13:13:24","date_gmt":"2026-04-02T11:13:24","guid":{"rendered":"https:\/\/artculture6.com\/?post_type=product&#038;p=1827"},"modified":"2026-04-02T13:13:24","modified_gmt":"2026-04-02T11:13:24","slug":"le-chatelard-savoie-antique-lithograph-1864-felix-benoist-french-alps-village","status":"publish","type":"product","link":"https:\/\/artculture6.com\/index.php\/product\/le-chatelard-savoie-antique-lithograph-1864-felix-benoist-french-alps-village\/","title":{"rendered":"LE CHATELARD Savoie Antique Lithograph 1864 F\u00e9lix Benoist French Alps Village"},"content":{"rendered":"<p style=\"font-weight: 400;\">R\u00e9f\u00e9rence\u00a05401-11R789<\/p>\n<p style=\"font-weight: 400;\" data-end=\"372\" data-start=\"311\">Je vous propose cette lithographie originale du XIXe si\u00e8cle repr\u00e9sente Le Ch\u00e2telard, chef-lieu du massif des Bauges en Savoie. Publi\u00e9e vers 1864 par F\u00e9lix Benoist, elle offre une sc\u00e8ne pastorale vivante dans un cadre alpin traditionnel. Au premier plan, villageois, b\u00e9tail et murets de pierre structurent le paysage, tandis que des maisons savoyardes typiques bordent la route menant au centre du village. \u00c0 l&rsquo;arri\u00e8re-plan, le relief accident\u00e9 des monts Bauges cr\u00e9e un \u00e9quilibre harmonieux entre terres cultiv\u00e9es et nature.<\/p>\n<p style=\"font-weight: 400;\" data-end=\"372\" data-start=\"311\">L&rsquo;\u0153uvre de Benoist est particuli\u00e8rement appr\u00e9ci\u00e9e pour sa capacit\u00e9 \u00e0 allier d\u00e9tails ethnographiques et pr\u00e9cision topographique. Cette lithographie documente la vie rurale en Savoie au milieu du XIXe si\u00e8cle, peu apr\u00e8s le rattachement de la r\u00e9gion \u00e0 la France (1860), constituant ainsi un t\u00e9moignage \u00e0 la fois artistique et historique.<\/p>\n<p style=\"font-weight: 400;\" data-end=\"372\" data-start=\"311\">Imprim\u00e9e sur papier v\u00e9lin fin, la lithographie pr\u00e9sente de subtiles variations de tons et une d\u00e9licate coloration appliqu\u00e9e \u00e0 la main, qui accentuent la profondeur et la texture de la sc\u00e8ne.<\/p>\n<p style=\"font-weight: 400;\" data-end=\"372\" data-start=\"311\">La feuille : 47,5 \u00d7 33 cm la gravure seule fait\u00a031,8 cm \u00d7 23 cm.<\/p>\n<p style=\"font-weight: 400;\" data-end=\"372\" data-start=\"311\">Une sc\u00e8ne alpine tr\u00e8s d\u00e9corative et recherch\u00e9e, id\u00e9ale pour les collectionneurs d&rsquo;estampes du XIXe si\u00e8cle, de paysages ruraux et de patrimoine r\u00e9gional fran\u00e7ais.<\/p>\n<p>&nbsp;<\/p>\n","protected":false},"excerpt":{"rendered":"<p data-start=\"1660\" data-end=\"1790\"><strong data-start=\"1660\" data-end=\"1788\">Antique 1864 lithograph of Le Ch\u00e2telard (Savoie, Bauges massif) by F\u00e9lix Benoist. Printed on fine wove paper (papier v\u00e9lin).<\/strong><\/p>\n<p data-start=\"1792\" data-end=\"1887\">Charming pastoral alpine village scene with figures, livestock, and traditional architecture.<\/p>\n<p data-start=\"1889\" data-end=\"1976\"><strong data-start=\"1889\" data-end=\"1899\">Sheet:<\/strong> 47.5 \u00d7 33 cm \u2013 <strong data-start=\"1915\" data-end=\"1925\">Image:<\/strong> 31.8 \u00d7 23 cm<br data-start=\"1938\" data-end=\"1941\" \/>Good condition with light age wear.<\/p>\n","protected":false},"featured_media":1828,"comment_status":"open","ping_status":"closed","template":"","meta":[],"product_brand":[],"product_cat":[521,554,458],"product_tag":[998,1028,1146,737,1160,1003,834,609,984,1159,1152,819,1158,1161,816,1155],"class_list":{"0":"post-1827","1":"product","2":"type-product","3":"status-publish","4":"has-post-thumbnail","6":"product_cat-gravures-xix-siecle","7":"product_cat-lithographie","8":"product_cat-savoie","9":"product_tag-19th-century-print","10":"product_tag-alpine-village","11":"product_tag-alps-lithograph","12":"product_tag-antique-print","13":"product_tag-bauges","14":"product_tag-collectible-print","15":"product_tag-felix-benoist","16":"product_tag-france-engraving","17":"product_tag-french-alps","18":"product_tag-le-chatelard","19":"product_tag-mountain-landscape","20":"product_tag-nice-et-savoie","21":"product_tag-pastoral-scene","22":"product_tag-rural-life","23":"product_tag-savoie","24":"product_tag-vintage-wall-art","26":"first","27":"instock","28":"shipping-taxable","29":"purchasable","30":"product-type-simple"},"_links":{"self":[{"href":"https:\/\/artculture6.com\/index.php\/wp-json\/wp\/v2\/product\/1827","targetHints":{"allow":["GET"]}}],"collection":[{"href":"https:\/\/artculture6.com\/index.php\/wp-json\/wp\/v2\/product"}],"about":[{"href":"https:\/\/artculture6.com\/index.php\/wp-json\/wp\/v2\/types\/product"}],"replies":[{"embeddable":true,"href":"https:\/\/artculture6.com\/index.php\/wp-json\/wp\/v2\/comments?post=1827"}],"wp:featuredmedia":[{"embeddable":true,"href":"https:\/\/artculture6.com\/index.php\/wp-json\/wp\/v2\/media\/1828"}],"wp:attachment":[{"href":"https:\/\/artculture6.com\/index.php\/wp-json\/wp\/v2\/media?parent=1827"}],"wp:term":[{"taxonomy":"product_brand","embeddable":true,"href":"https:\/\/artculture6.com\/index.php\/wp-json\/wp\/v2\/product_brand?post=1827"},{"taxonomy":"product_cat","embeddable":true,"href":"https:\/\/artculture6.com\/index.php\/wp-json\/wp\/v2\/product_cat?post=1827"},{"taxonomy":"product_tag","embeddable":true,"href":"https:\/\/artculture6.com\/index.php\/wp-json\/wp\/v2\/product_tag?post=1827"}],"curies":[{"name":"wp","href":"https:\/\/api.w.org\/{rel}","templated":true}]}}