{"id":1820,"date":"2026-04-02T13:00:26","date_gmt":"2026-04-02T11:00:26","guid":{"rendered":"https:\/\/artculture6.com\/?post_type=product&#038;p=1820"},"modified":"2026-04-02T13:00:26","modified_gmt":"2026-04-02T11:00:26","slug":"aime-savoie-antique-lithograph-1864-felix-benoist-french-alps-village-landscape","status":"publish","type":"product","link":"https:\/\/artculture6.com\/index.php\/product\/aime-savoie-antique-lithograph-1864-felix-benoist-french-alps-village-landscape\/","title":{"rendered":"AIME Savoie Antique Lithograph 1864 F\u00e9lix Benoist French Alps Village Landscape"},"content":{"rendered":"<p style=\"font-weight: 400;\">R\u00e9f\u00e9rence\u00a05401-10R789<\/p>\n<p style=\"font-weight: 400;\" data-end=\"372\" data-start=\"311\">Cette lithographie originale du XIXe si\u00e8cle repr\u00e9sente Aime, ville historique de la vall\u00e9e de la Tarentaise, en Savoie. Publi\u00e9e vers 1864, elle offre une vue panoramique harmonieuse du village nich\u00e9 au c\u0153ur d&rsquo;un paysage alpin vallonn\u00e9. Au premier plan, la vie rurale s&rsquo;anime : personnages et b\u00e9tail se d\u00e9placent sur un chemin de pierre. Au second plan, la ville se d\u00e9voile, avec son clocher et son architecture compacte. Au-del\u00e0, les montagnes environnantes encadrent la sc\u00e8ne, exprimant \u00e0 la fois l&rsquo;immensit\u00e9 et l&rsquo;harmonie du paysage alpin.<\/p>\n<p style=\"font-weight: 400;\" data-end=\"372\" data-start=\"311\">L&rsquo;\u0153uvre de Benoist est remarquable par sa double fonction : \u00e0 la fois t\u00e9moignage documentaire et interpr\u00e9tation artistique des Alpes fran\u00e7aises au milieu du XIXe si\u00e8cle, peu apr\u00e8s l&rsquo;annexion de la Savoie \u00e0 la France (1860). Cette lithographie est imprim\u00e9e sur papier v\u00e9lin fin, elle pr\u00e9sente des d\u00e9grad\u00e9s de tons subtils et une d\u00e9licate coloration appliqu\u00e9e \u00e0 la main, accentuant la profondeur et la perspective atmosph\u00e9rique.<\/p>\n<p style=\"font-weight: 400;\" data-end=\"372\" data-start=\"311\">La feuille fait : 47,5 \u00d7 33 cm, la gravure seule fait : 31,5 \u00d7 23 cm<\/p>\n","protected":false},"excerpt":{"rendered":"<p data-start=\"1642\" data-end=\"1762\"><strong data-start=\"1642\" data-end=\"1760\">Antique 1864 lithograph of Aime (Savoie, French Alps) by F\u00e9lix Benoist. Printed on fine wove paper (papier v\u00e9lin).<\/strong><\/p>\n<p data-start=\"1764\" data-end=\"1856\">Charming alpine village scene in the Tarentaise valley with figures and pastoral activity.<\/p>\n<p data-start=\"1858\" data-end=\"1945\"><strong data-start=\"1858\" data-end=\"1868\">Sheet:<\/strong> 47.5 \u00d7 33 cm \u2013 <strong data-start=\"1884\" data-end=\"1894\">Image:<\/strong> 31.5 \u00d7 23 cm<br data-start=\"1907\" data-end=\"1910\" \/>Good condition with light age wear.<\/p>\n","protected":false},"featured_media":1821,"comment_status":"open","ping_status":"closed","template":"","meta":[],"product_brand":[],"product_cat":[344],"product_tag":[998,1156,1028,1146,737,1003,834,609,984,1152,819,1158,816,1157,1155],"class_list":{"0":"post-1820","1":"product","2":"type-product","3":"status-publish","4":"has-post-thumbnail","6":"product_cat-fleurs-flore-vegetaux","7":"product_tag-19th-century-print","8":"product_tag-aime","9":"product_tag-alpine-village","10":"product_tag-alps-lithograph","11":"product_tag-antique-print","12":"product_tag-collectible-print","13":"product_tag-felix-benoist","14":"product_tag-france-engraving","15":"product_tag-french-alps","16":"product_tag-mountain-landscape","17":"product_tag-nice-et-savoie","18":"product_tag-pastoral-scene","19":"product_tag-savoie","20":"product_tag-tarentaise-valley","21":"product_tag-vintage-wall-art","23":"first","24":"instock","25":"shipping-taxable","26":"purchasable","27":"product-type-simple"},"_links":{"self":[{"href":"https:\/\/artculture6.com\/index.php\/wp-json\/wp\/v2\/product\/1820","targetHints":{"allow":["GET"]}}],"collection":[{"href":"https:\/\/artculture6.com\/index.php\/wp-json\/wp\/v2\/product"}],"about":[{"href":"https:\/\/artculture6.com\/index.php\/wp-json\/wp\/v2\/types\/product"}],"replies":[{"embeddable":true,"href":"https:\/\/artculture6.com\/index.php\/wp-json\/wp\/v2\/comments?post=1820"}],"wp:featuredmedia":[{"embeddable":true,"href":"https:\/\/artculture6.com\/index.php\/wp-json\/wp\/v2\/media\/1821"}],"wp:attachment":[{"href":"https:\/\/artculture6.com\/index.php\/wp-json\/wp\/v2\/media?parent=1820"}],"wp:term":[{"taxonomy":"product_brand","embeddable":true,"href":"https:\/\/artculture6.com\/index.php\/wp-json\/wp\/v2\/product_brand?post=1820"},{"taxonomy":"product_cat","embeddable":true,"href":"https:\/\/artculture6.com\/index.php\/wp-json\/wp\/v2\/product_cat?post=1820"},{"taxonomy":"product_tag","embeddable":true,"href":"https:\/\/artculture6.com\/index.php\/wp-json\/wp\/v2\/product_tag?post=1820"}],"curies":[{"name":"wp","href":"https:\/\/api.w.org\/{rel}","templated":true}]}}