{"id":182,"date":"2026-03-02T17:05:06","date_gmt":"2026-03-02T17:05:06","guid":{"rendered":"http:\/\/tbmglwe.cluster100.hosting.ovh.net\/?post_type=product&#038;p=182"},"modified":"2026-03-09T12:36:41","modified_gmt":"2026-03-09T12:36:41","slug":"rembrandt-van-rijn-1606-1669-saint-paul-a-sa-table-de-travail-heliogravure-1898","status":"publish","type":"product","link":"https:\/\/artculture6.com\/index.php\/product\/rembrandt-van-rijn-1606-1669-saint-paul-a-sa-table-de-travail-heliogravure-1898\/","title":{"rendered":"Rembrandt van Rijn 1606-1669 Saint Paul a sa table de travail H\u00e9liogravure 1898"},"content":{"rendered":"<p data-start=\"227\" data-end=\"487\">H\u00e9liogravure ancienne de 1898 d\u2019apr\u00e8s Rembrandt van Rijn (1606-1669), repr\u00e9sentant <em data-start=\"310\" data-end=\"344\">Saint Paul \u00e0 sa table de travail<\/em>. Le saint, plong\u00e9 dans la p\u00e9nombre, m\u00e9dite dans un int\u00e9rieur aust\u00e8re baign\u00e9 d\u2019un clair-obscur intense, caract\u00e9ristique du ma\u00eetre hollandais.<\/p>\n<p data-start=\"489\" data-end=\"666\">Le proc\u00e9d\u00e9 d\u2019h\u00e9liogravure, tr\u00e8s recherch\u00e9 \u00e0 la fin du XIXe si\u00e8cle, restitue avec profondeur les noirs et la densit\u00e9 psychologique de la composition originale (vers 1627-1630).<\/p>\n<p data-start=\"668\" data-end=\"713\">Belle \u00e9preuve sur papier, marges pr\u00e9sentes.<\/p>\n<p data-start=\"715\" data-end=\"788\">Format papier : 33,2 \u00d7 29,3 cm<br data-start=\"745\" data-end=\"748\" \/>Dimensions de l\u2019image : 23,3 \u00d7 19,3 cm<\/p>\n<p data-start=\"790\" data-end=\"896\">Reproduction ancienne de qualit\u00e9, id\u00e9ale pour amateur d\u2019estampes, d\u2019art religieux et de gravure classique.<\/p>\n","protected":false},"excerpt":{"rendered":"<p>H\u00e9liogravure ancienne (1898) d\u2019apr\u00e8s Rembrandt, <em data-start=\"999\" data-end=\"1033\">Saint Paul \u00e0 sa table de travail<\/em>. Clair-obscur puissant. Format papier 33,2 \u00d7 29,3 cm ; image 23,3 \u00d7 19,3 cm.<\/p>\n","protected":false},"featured_media":183,"comment_status":"open","ping_status":"closed","template":"","meta":[],"product_brand":[],"product_cat":[557,521,199,514,598],"product_tag":[153,150,151,141,148,149,156,152,144,145],"class_list":{"0":"post-182","1":"product","2":"type-product","3":"status-publish","4":"has-post-thumbnail","6":"product_cat-artistes-2","7":"product_cat-gravures-xix-siecle","8":"product_cat-par-categories-2","9":"product_cat-rembrandt-van-rijn","10":"product_cat-rembrandt-van-rijn-1606-1669","11":"product_tag-art-ancien","12":"product_tag-art-religieux","13":"product_tag-clair-obscur","14":"product_tag-collection-estampe","15":"product_tag-estampe-ancienne","16":"product_tag-gravure-xixe","17":"product_tag-heliogravure-1898","18":"product_tag-maitre-hollandais","19":"product_tag-rembrandt","20":"product_tag-saint-paul","22":"first","23":"instock","24":"shipping-taxable","25":"purchasable","26":"product-type-simple"},"_links":{"self":[{"href":"https:\/\/artculture6.com\/index.php\/wp-json\/wp\/v2\/product\/182","targetHints":{"allow":["GET"]}}],"collection":[{"href":"https:\/\/artculture6.com\/index.php\/wp-json\/wp\/v2\/product"}],"about":[{"href":"https:\/\/artculture6.com\/index.php\/wp-json\/wp\/v2\/types\/product"}],"replies":[{"embeddable":true,"href":"https:\/\/artculture6.com\/index.php\/wp-json\/wp\/v2\/comments?post=182"}],"wp:featuredmedia":[{"embeddable":true,"href":"https:\/\/artculture6.com\/index.php\/wp-json\/wp\/v2\/media\/183"}],"wp:attachment":[{"href":"https:\/\/artculture6.com\/index.php\/wp-json\/wp\/v2\/media?parent=182"}],"wp:term":[{"taxonomy":"product_brand","embeddable":true,"href":"https:\/\/artculture6.com\/index.php\/wp-json\/wp\/v2\/product_brand?post=182"},{"taxonomy":"product_cat","embeddable":true,"href":"https:\/\/artculture6.com\/index.php\/wp-json\/wp\/v2\/product_cat?post=182"},{"taxonomy":"product_tag","embeddable":true,"href":"https:\/\/artculture6.com\/index.php\/wp-json\/wp\/v2\/product_tag?post=182"}],"curies":[{"name":"wp","href":"https:\/\/api.w.org\/{rel}","templated":true}]}}