{"id":1812,"date":"2026-04-02T12:45:21","date_gmt":"2026-04-02T10:45:21","guid":{"rendered":"https:\/\/artculture6.com\/?post_type=product&#038;p=1812"},"modified":"2026-04-02T12:45:21","modified_gmt":"2026-04-02T10:45:21","slug":"lanslebourg-savoie-antique-lithograph-1864-felix-benoist-french-alps-village","status":"publish","type":"product","link":"https:\/\/artculture6.com\/index.php\/product\/lanslebourg-savoie-antique-lithograph-1864-felix-benoist-french-alps-village\/","title":{"rendered":"LANSLEBOURG Savoie Antique Lithograph 1864 F\u00e9lix Benoist French Alps Village"},"content":{"rendered":"<p style=\"font-weight: 400;\">R\u00e9f\u00e9rence\u00a05401-9R789<\/p>\n<p style=\"font-weight: 400;\" data-end=\"372\" data-start=\"311\">Cette belle lithographie du XIXe si\u00e8cle repr\u00e9sente Lanslebourg, village alpin historique situ\u00e9 dans la vall\u00e9e de la Haute Maurienne, en Savoie. Elle fut publi\u00e9e vers 1864.<\/p>\n<p style=\"font-weight: 400;\" data-end=\"372\" data-start=\"311\">La composition saisit le village nich\u00e9 le long de l&rsquo;Arc, entour\u00e9 de pentes alpines abruptes et de sommets enneig\u00e9s \u00e0 l&rsquo;horizon. Au premier plan, une petite chapelle et un sentier de montagne sinueux animent la sc\u00e8ne, tandis que l&rsquo;architecture villageoise, aux formes compactes, refl\u00e8te les sch\u00e9mas d&rsquo;habitat traditionnels savoyards.<\/p>\n<p style=\"font-weight: 400;\" data-end=\"372\" data-start=\"311\">R\u00e9alis\u00e9e peu apr\u00e8s l&rsquo;annexion de la Savoie \u00e0 la France (1860), cette lithographie constitue un t\u00e9moignage visuel important de la r\u00e9gion durant une p\u00e9riode de transition, ce qui lui conf\u00e8re une grande valeur historique et un attrait visuel ind\u00e9niable.<\/p>\n<p style=\"font-weight: 400;\" data-end=\"372\" data-start=\"311\">Imprim\u00e9e sur papier v\u00e9lin fin, cette lithographie offre de subtiles nuances de tons et une d\u00e9licate coloration appliqu\u00e9e \u00e0 la main, accentuant la profondeur et la perspective atmosph\u00e9rique.<\/p>\n<p style=\"font-weight: 400;\" data-end=\"372\" data-start=\"311\">La feuille fait feuille : 47,7 cm \u00d7 33 cm la gravure seule fait : 31,4 \u00d7 22,7 cm<\/p>\n<p style=\"font-weight: 400;\" data-end=\"372\" data-start=\"311\">Vue alpine tr\u00e8s d\u00e9corative et recherch\u00e9e, id\u00e9ale pour les collectionneurs d\u2019estampes du XIXe si\u00e8cle, de paysages de montagne et d\u2019iconographie r\u00e9gionale fran\u00e7aise.<\/p>\n","protected":false},"excerpt":{"rendered":"<p data-start=\"1680\" data-end=\"1807\"><strong data-start=\"1680\" data-end=\"1805\">Antique 1864 lithograph of Lanslebourg (Savoie, French Alps) by F\u00e9lix Benoist. Printed on fine wove paper (papier v\u00e9lin).<\/strong><\/p>\n<p data-start=\"1809\" data-end=\"1886\">Charming alpine village view with river and chapel in the Maurienne valley.<\/p>\n<p data-start=\"1888\" data-end=\"1977\"><strong data-start=\"1888\" data-end=\"1898\">Sheet:<\/strong> 47.7 \u00d7 33 cm \u2013 <strong data-start=\"1914\" data-end=\"1924\">Image:<\/strong> 31.4 \u00d7 22.7 cm<br data-start=\"1939\" data-end=\"1942\" \/>Good condition with light age wear.<\/p>\n","protected":false},"featured_media":1813,"comment_status":"open","ping_status":"closed","template":"","meta":[],"product_brand":[],"product_cat":[521,554,458],"product_tag":[998,1028,1146,737,1154,1003,834,609,984,1151,1153,1152,819,816,1155],"class_list":{"0":"post-1812","1":"product","2":"type-product","3":"status-publish","4":"has-post-thumbnail","6":"product_cat-gravures-xix-siecle","7":"product_cat-lithographie","8":"product_cat-savoie","9":"product_tag-19th-century-print","10":"product_tag-alpine-village","11":"product_tag-alps-lithograph","12":"product_tag-antique-print","13":"product_tag-arc-river","14":"product_tag-collectible-print","15":"product_tag-felix-benoist","16":"product_tag-france-engraving","17":"product_tag-french-alps","18":"product_tag-lanslebourg","19":"product_tag-maurienne-valley","20":"product_tag-mountain-landscape","21":"product_tag-nice-et-savoie","22":"product_tag-savoie","23":"product_tag-vintage-wall-art","25":"first","26":"instock","27":"shipping-taxable","28":"purchasable","29":"product-type-simple"},"_links":{"self":[{"href":"https:\/\/artculture6.com\/index.php\/wp-json\/wp\/v2\/product\/1812","targetHints":{"allow":["GET"]}}],"collection":[{"href":"https:\/\/artculture6.com\/index.php\/wp-json\/wp\/v2\/product"}],"about":[{"href":"https:\/\/artculture6.com\/index.php\/wp-json\/wp\/v2\/types\/product"}],"replies":[{"embeddable":true,"href":"https:\/\/artculture6.com\/index.php\/wp-json\/wp\/v2\/comments?post=1812"}],"wp:featuredmedia":[{"embeddable":true,"href":"https:\/\/artculture6.com\/index.php\/wp-json\/wp\/v2\/media\/1813"}],"wp:attachment":[{"href":"https:\/\/artculture6.com\/index.php\/wp-json\/wp\/v2\/media?parent=1812"}],"wp:term":[{"taxonomy":"product_brand","embeddable":true,"href":"https:\/\/artculture6.com\/index.php\/wp-json\/wp\/v2\/product_brand?post=1812"},{"taxonomy":"product_cat","embeddable":true,"href":"https:\/\/artculture6.com\/index.php\/wp-json\/wp\/v2\/product_cat?post=1812"},{"taxonomy":"product_tag","embeddable":true,"href":"https:\/\/artculture6.com\/index.php\/wp-json\/wp\/v2\/product_tag?post=1812"}],"curies":[{"name":"wp","href":"https:\/\/api.w.org\/{rel}","templated":true}]}}