{"id":181,"date":"2026-03-02T15:47:05","date_gmt":"2026-03-02T15:47:05","guid":{"rendered":"http:\/\/tbmglwe.cluster100.hosting.ovh.net\/?post_type=product&#038;p=181"},"modified":"2026-03-09T12:38:11","modified_gmt":"2026-03-09T12:38:11","slug":"181","status":"publish","type":"product","link":"https:\/\/artculture6.com\/index.php\/product\/181\/","title":{"rendered":"Rembrandt Saint Paul en prison H\u00e9liogravure 1898 XIXe"},"content":{"rendered":"<p>B3282R789L002<\/p>\n<p>H\u00e9liogravure ancienne de 1898 d\u2019apr\u00e8s Rembrandt van Rijn, repr\u00e9sentant <em data-start=\"179\" data-end=\"201\">Saint Paul en prison<\/em>, m\u00e9ditant dans la p\u00e9nombre, plume \u00e0 la main. La sc\u00e8ne illustre le clair-obscur puissant et l\u2019intensit\u00e9 psychologique caract\u00e9ristiques des premi\u00e8res \u0153uvres du ma\u00eetre hollandais (vers 1627). Le proc\u00e9d\u00e9 d\u2019h\u00e9liogravure, tr\u00e8s pris\u00e9 \u00e0 la fin du XIXe si\u00e8cle, restitue avec finesse les contrastes et la profondeur des noirs. Belle \u00e9preuve sur papier, marges pr\u00e9sentes. Format papier : 29,5 x 25,5 cm ; image : 23,5 x 19,5 cm. Reproduction ancienne de qualit\u00e9, id\u00e9ale pour amateur d\u2019estampes et d\u2019art ancien.<\/p>\n","protected":false},"excerpt":{"rendered":"<p>Rembrandt, <em data-start=\"770\" data-end=\"792\">Saint Paul en prison<\/em>. H\u00e9liogravure ancienne (1898) au beau rendu de clair-obscur. Format papier 29,5 x 25,5 cm. Image 23,5 x 19,5 cm. Reproduction XIXe de qualit\u00e9.<\/p>\n","protected":false},"featured_media":179,"comment_status":"open","ping_status":"closed","template":"","meta":[],"product_brand":[],"product_cat":[557,521,199,598],"product_tag":[153,155,150,151,141,148,154,149,147,152,144,145,146],"class_list":{"0":"post-181","1":"product","2":"type-product","3":"status-publish","4":"has-post-thumbnail","6":"product_cat-artistes-2","7":"product_cat-gravures-xix-siecle","8":"product_cat-par-categories-2","9":"product_cat-rembrandt-van-rijn-1606-1669","10":"product_tag-art-ancien","11":"product_tag-art-classique","12":"product_tag-art-religieux","13":"product_tag-clair-obscur","14":"product_tag-collection-estampe","15":"product_tag-estampe-ancienne","16":"product_tag-gravure-ancienne","17":"product_tag-gravure-xixe","18":"product_tag-heliogravure","19":"product_tag-maitre-hollandais","20":"product_tag-rembrandt","21":"product_tag-saint-paul","22":"product_tag-saint-paul-en-prison","24":"first","25":"instock","26":"shipping-taxable","27":"purchasable","28":"product-type-simple"},"_links":{"self":[{"href":"https:\/\/artculture6.com\/index.php\/wp-json\/wp\/v2\/product\/181","targetHints":{"allow":["GET"]}}],"collection":[{"href":"https:\/\/artculture6.com\/index.php\/wp-json\/wp\/v2\/product"}],"about":[{"href":"https:\/\/artculture6.com\/index.php\/wp-json\/wp\/v2\/types\/product"}],"replies":[{"embeddable":true,"href":"https:\/\/artculture6.com\/index.php\/wp-json\/wp\/v2\/comments?post=181"}],"wp:featuredmedia":[{"embeddable":true,"href":"https:\/\/artculture6.com\/index.php\/wp-json\/wp\/v2\/media\/179"}],"wp:attachment":[{"href":"https:\/\/artculture6.com\/index.php\/wp-json\/wp\/v2\/media?parent=181"}],"wp:term":[{"taxonomy":"product_brand","embeddable":true,"href":"https:\/\/artculture6.com\/index.php\/wp-json\/wp\/v2\/product_brand?post=181"},{"taxonomy":"product_cat","embeddable":true,"href":"https:\/\/artculture6.com\/index.php\/wp-json\/wp\/v2\/product_cat?post=181"},{"taxonomy":"product_tag","embeddable":true,"href":"https:\/\/artculture6.com\/index.php\/wp-json\/wp\/v2\/product_tag?post=181"}],"curies":[{"name":"wp","href":"https:\/\/api.w.org\/{rel}","templated":true}]}}